{"id":13251,"date":"2025-12-06T10:26:52","date_gmt":"2025-12-06T10:26:52","guid":{"rendered":"https:\/\/europesstore.com\/?post_type=product&#038;p=13251"},"modified":"2025-12-06T10:26:52","modified_gmt":"2025-12-06T10:26:52","slug":"hugo-boss-bottled-sport-eau-de-erkek-tester-parfum-100-ml","status":"publish","type":"product","link":"https:\/\/www.europesstore.com\/en\/product\/hugo-boss-bottled-sport-eau-de-erkek-tester-parfum-100-ml\/","title":{"rendered":"Hugo Boss Bottled Sport &#8211; Eau de Erkek Tester Parf\u00fcm 100 ML"},"content":{"rendered":"<p><span style=\", Helvetica, sans-serif;font-size:12px\"><span style=\"float:none;font-style:normal;font-weight:300;letter-spacing:normal;text-align:left;text-indent:0px;text-transform:none\">Spor merakl\u0131s\u0131 olmak herkes i\u00e7in g\u00f6r\u00fcn\u00fcme ve sa\u011fl\u0131\u011fa etkili bir yoldur. Her erkekte bir d\u00f6nem en az bir spor alan\u0131yla ilgilenir hayat\u0131n\u0131n az da olsa bir b\u00f6l\u00fcm\u00fcnde. Ve biz erkeklerin ba\u015fetmekte zorland\u0131\u011f\u0131 \u015fey spor \u00f6ncesi ve sonras\u0131 olan kokulard\u0131r. Hugo Boss Bottled Sport EDT Erkek Parf\u00fcm 100 ml bu sorunlar\u0131n\u0131za \u00e7are olmak i\u00e7in bu \u00fcr\u00fcn\u00fc geli\u015ftirdi. \u00c7okta etkili olan bu \u00fcr\u00fcn her erke\u011fin ihtiyac\u0131 olan k\u00f6t\u00fc kokular\u0131 \u00e7ekici, erkeksi, ve g\u00fc\u00e7l\u00fc k\u0131lan kokulara d\u00f6n\u00fc\u015ft\u00fcrmek ister.Greyfurt, kakule, g\u00fcve otu harman\u0131yla bu i\u015f art\u0131k daha kolay hale gelmi\u015ftir. Gri metal \u015fi\u015fe ve \u00fczerine bir oturan siyah kapa\u011f\u0131yla bu \u00fcr\u00fcn tasar\u0131m olarak da g\u00fc\u00e7l\u00fc ve erkeksi durman\u0131n yan\u0131nda her erke\u011fin ihtiyac\u0131 olan spor \u00f6ncesi ve sonras\u0131 koku durumunu \u00e7\u00f6zmektedir. Ayr\u0131ca tasar\u0131m da s\u0131n\u0131f\u0131 y\u00fcksek bir notla ge\u00e7ti.<\/span><\/span><\/p>","protected":false},"excerpt":{"rendered":"<p>Spor merakl\u0131s\u0131 olmak herkes i\u00e7in g\u00f6r\u00fcn\u00fcme ve sa\u011fl\u0131\u011fa etkili bir yoldur. Her erkekte bir d\u00f6nem en az bir spor alan\u0131yla ilgilenir hayat\u0131n\u0131n az da olsa bir b\u00f6l\u00fcm\u00fcnde. Ve biz erkeklerin ba\u015fetmekte zorland\u0131\u011f\u0131 \u015fey spor \u00f6ncesi ve sonras\u0131 olan kokulard\u0131r. Hugo Boss Bottled Sport EDT Erkek Parf\u00fcm 100 ml bu sorunlar\u0131n\u0131za \u00e7are olmak i\u00e7in bu \u00fcr\u00fcn\u00fc [&hellip;]<\/p>","protected":false},"featured_media":13308,"comment_status":"open","ping_status":"closed","template":"","meta":[],"product_brand":[],"product_cat":[146,112],"product_tag":[],"class_list":{"0":"post-13251","1":"product","2":"type-product","3":"status-publish","4":"has-post-thumbnail","6":"product_cat-ithal-erkek-parfum","7":"product_cat-ithal-parfum","9":"first","10":"instock","11":"sale","12":"shipping-taxable","13":"purchasable","14":"product-type-simple"},"jetpack_sharing_enabled":true,"_links":{"self":[{"href":"https:\/\/www.europesstore.com\/en\/wp-json\/wp\/v2\/product\/13251","targetHints":{"allow":["GET"]}}],"collection":[{"href":"https:\/\/www.europesstore.com\/en\/wp-json\/wp\/v2\/product"}],"about":[{"href":"https:\/\/www.europesstore.com\/en\/wp-json\/wp\/v2\/types\/product"}],"replies":[{"embeddable":true,"href":"https:\/\/www.europesstore.com\/en\/wp-json\/wp\/v2\/comments?post=13251"}],"wp:featuredmedia":[{"embeddable":true,"href":"https:\/\/www.europesstore.com\/en\/wp-json\/wp\/v2\/media\/13308"}],"wp:attachment":[{"href":"https:\/\/www.europesstore.com\/en\/wp-json\/wp\/v2\/media?parent=13251"}],"wp:term":[{"taxonomy":"product_brand","embeddable":true,"href":"https:\/\/www.europesstore.com\/en\/wp-json\/wp\/v2\/product_brand?post=13251"},{"taxonomy":"product_cat","embeddable":true,"href":"https:\/\/www.europesstore.com\/en\/wp-json\/wp\/v2\/product_cat?post=13251"},{"taxonomy":"product_tag","embeddable":true,"href":"https:\/\/www.europesstore.com\/en\/wp-json\/wp\/v2\/product_tag?post=13251"}],"curies":[{"name":"wp","href":"https:\/\/api.w.org\/{rel}","templated":true}]}}