{"id":13252,"date":"2025-12-06T10:26:52","date_gmt":"2025-12-06T10:26:52","guid":{"rendered":"https:\/\/europesstore.com\/?post_type=product&#038;p=13252"},"modified":"2025-12-06T10:26:52","modified_gmt":"2025-12-06T10:26:52","slug":"hugo-boss-bottled-night-eau-de-erkek-tester-parfum-100-ml","status":"publish","type":"product","link":"https:\/\/www.europesstore.com\/en\/product\/hugo-boss-bottled-night-eau-de-erkek-tester-parfum-100-ml\/","title":{"rendered":"Hugo Boss Bottled Night &#8211; Eau de Erkek Tester Parf\u00fcm 100 ML"},"content":{"rendered":"<p><span style=\"font-family:TTNormsPro;font-size:15px\"><span style=\"float:none;font-style:normal;font-weight:400;letter-spacing:0.3px;text-align:start;text-indent:0px;text-transform:none\">Zarafet ve ba\u015ftan \u00e7\u0131karma aras\u0131nda e\u015fsiz bir kompozisyon<\/span><\/span><br \/><span style=\"font-family:TTNormsPro;font-size:15px\"><span style=\"float:none;font-style:normal;font-weight:400;letter-spacing:0.3px;text-align:start;text-indent:0px;text-transform:none\">Ama\u00e7l\u0131, keskin, erkeksi bir karaktere sahip yo\u011fun ve baharatl\u0131 bir koku<\/span><\/span><br \/><span style=\"font-family:TTNormsPro;font-size:15px\"><span style=\"float:none;font-style:normal;font-weight:400;letter-spacing:0.3px;text-align:start;text-indent:0px;text-transform:none\">Ormanlar kokunun anahtar\u0131d\u0131r: BOSS BOTTLED Night, zengin ve egzotik yeni bir odunsu nota olan Louro Amarelo&#8217;nun koku kopyas\u0131n\u0131 sunar<\/span><\/span><\/p>\n<p><span style=\"font-family:TTNormsPro;font-size:15px\"><span style=\"float:none;font-style:normal;font-weight:400;letter-spacing:0.3px;text-align:start;text-indent:0px;text-transform:none\">Ba\u015ftan \u00e7\u0131kart\u0131c\u0131, s\u0131cak, egzotik<\/span><\/span><br \/><span style=\"font-family:TTNormsPro;font-size:15px\"><span style=\"float:none;font-style:normal;font-weight:400;letter-spacing:0.3px;text-align:start;text-indent:0px;text-transform:none\">Koku Ailesi: Odunsu Aromatik<\/span><\/span><br \/><span style=\"font-family:TTNormsPro;font-size:15px\"><span style=\"float:none;font-style:normal;font-weight:400;letter-spacing:0.3px;text-align:start;text-indent:0px;text-transform:none\">Koku Notalar\u0131: Hu\u015f A\u011fac\u0131 Yapra\u011f\u0131 \/ Kadavum \/ Louro Amarelo Ah\u015fap, Misk Notlar\u0131<\/span><\/span><br \/><span style=\"font-family:TTNormsPro;font-size:15px\"><span style=\"float:none;font-style:normal;font-weight:400;letter-spacing:0.3px;text-align:start;text-indent:0px;text-transform:none\">Kullan\u0131m \u00d6nerisi: Kokunun \u00f6mr\u00fcn\u00fc uzatmak i\u00e7in v\u00fccudunuzda atar damarlar\u0131n bulundu\u011fu noktalar\u0131na p\u00fcsk\u00fcrt\u00fcn: boyun, dekolte b\u00f6lgesi, bilek, ayak bilekleri<\/span><\/span><\/p>","protected":false},"excerpt":{"rendered":"<p>Zarafet ve ba\u015ftan \u00e7\u0131karma aras\u0131nda e\u015fsiz bir kompozisyonAma\u00e7l\u0131, keskin, erkeksi bir karaktere sahip yo\u011fun ve baharatl\u0131 bir kokuOrmanlar kokunun anahtar\u0131d\u0131r: BOSS BOTTLED Night, zengin ve egzotik yeni bir odunsu nota olan Louro Amarelo&#8217;nun koku kopyas\u0131n\u0131 sunar Ba\u015ftan \u00e7\u0131kart\u0131c\u0131, s\u0131cak, egzotikKoku Ailesi: Odunsu AromatikKoku Notalar\u0131: Hu\u015f A\u011fac\u0131 Yapra\u011f\u0131 \/ Kadavum \/ Louro Amarelo Ah\u015fap, Misk Notlar\u0131Kullan\u0131m [&hellip;]<\/p>","protected":false},"featured_media":13309,"comment_status":"open","ping_status":"closed","template":"","meta":[],"product_brand":[],"product_cat":[146,112],"product_tag":[],"class_list":{"0":"post-13252","1":"product","2":"type-product","3":"status-publish","4":"has-post-thumbnail","6":"product_cat-ithal-erkek-parfum","7":"product_cat-ithal-parfum","9":"first","10":"instock","11":"sale","12":"shipping-taxable","13":"purchasable","14":"product-type-simple"},"jetpack_sharing_enabled":true,"_links":{"self":[{"href":"https:\/\/www.europesstore.com\/en\/wp-json\/wp\/v2\/product\/13252","targetHints":{"allow":["GET"]}}],"collection":[{"href":"https:\/\/www.europesstore.com\/en\/wp-json\/wp\/v2\/product"}],"about":[{"href":"https:\/\/www.europesstore.com\/en\/wp-json\/wp\/v2\/types\/product"}],"replies":[{"embeddable":true,"href":"https:\/\/www.europesstore.com\/en\/wp-json\/wp\/v2\/comments?post=13252"}],"wp:featuredmedia":[{"embeddable":true,"href":"https:\/\/www.europesstore.com\/en\/wp-json\/wp\/v2\/media\/13309"}],"wp:attachment":[{"href":"https:\/\/www.europesstore.com\/en\/wp-json\/wp\/v2\/media?parent=13252"}],"wp:term":[{"taxonomy":"product_brand","embeddable":true,"href":"https:\/\/www.europesstore.com\/en\/wp-json\/wp\/v2\/product_brand?post=13252"},{"taxonomy":"product_cat","embeddable":true,"href":"https:\/\/www.europesstore.com\/en\/wp-json\/wp\/v2\/product_cat?post=13252"},{"taxonomy":"product_tag","embeddable":true,"href":"https:\/\/www.europesstore.com\/en\/wp-json\/wp\/v2\/product_tag?post=13252"}],"curies":[{"name":"wp","href":"https:\/\/api.w.org\/{rel}","templated":true}]}}