{"id":13253,"date":"2025-12-06T10:26:52","date_gmt":"2025-12-06T10:26:52","guid":{"rendered":"https:\/\/europesstore.com\/?post_type=product&#038;p=13253"},"modified":"2025-12-06T10:26:52","modified_gmt":"2025-12-06T10:26:52","slug":"armani-stronger-with-you-absolutely-eau-de-tester-erkek-parfum-100-ml","status":"publish","type":"product","link":"https:\/\/www.europesstore.com\/en\/product\/armani-stronger-with-you-absolutely-eau-de-tester-erkek-parfum-100-ml\/","title":{"rendered":"Arman\u0131 Stronger With You Absolutely &#8211; Eau De Tester Erkek Parf\u00fcm 100 ML"},"content":{"rendered":"<p><span style=\"font-family:AvantGardeMedium, Arial, sans-serif;font-size:16px\"><span style=\"float:none;font-style:normal;font-weight:400;letter-spacing:0.4px;text-align:start;text-indent:0px;text-transform:none\">koku, taze ve ba\u015ftan \u00e7\u0131kar\u0131c\u0131 i\u00e7eriklerin birle\u015fiminden olu\u015fuyor. Koku, bergamot ile harmanlanan ince rom akoru ve baharatl\u0131 bir etki yaratmak i\u00e7in elemi &#8211; amber kombinasyonunun e\u015fsiz uyumu e\u015fli\u011finde a\u00e7\u0131l\u0131\u015f yap\u0131yor.Kokunun kalbi, g\u00fc\u00e7l\u00fc aromatik bir \u00e7ekicilik yaratmak i\u00e7in aromatik davana, lik\u00f6r ve meyveli notalar ile yarat\u0131l\u0131yor.kokunun Alt notas\u0131nda ise gizemli bir kestane akorunun tatl\u0131l\u0131\u011f\u0131 dumanl\u0131 sedir a\u011fac\u0131 ile yo\u011funla\u015ft\u0131r\u0131l\u0131yor.<\/span><\/span><\/p>","protected":false},"excerpt":{"rendered":"<p>koku, taze ve ba\u015ftan \u00e7\u0131kar\u0131c\u0131 i\u00e7eriklerin birle\u015fiminden olu\u015fuyor. Koku, bergamot ile harmanlanan ince rom akoru ve baharatl\u0131 bir etki yaratmak i\u00e7in elemi &#8211; amber kombinasyonunun e\u015fsiz uyumu e\u015fli\u011finde a\u00e7\u0131l\u0131\u015f yap\u0131yor.Kokunun kalbi, g\u00fc\u00e7l\u00fc aromatik bir \u00e7ekicilik yaratmak i\u00e7in aromatik davana, lik\u00f6r ve meyveli notalar ile yarat\u0131l\u0131yor.kokunun Alt notas\u0131nda ise gizemli bir kestane akorunun tatl\u0131l\u0131\u011f\u0131 dumanl\u0131 sedir [&hellip;]<\/p>","protected":false},"featured_media":13310,"comment_status":"open","ping_status":"closed","template":"","meta":[],"product_brand":[],"product_cat":[146,112],"product_tag":[],"class_list":{"0":"post-13253","1":"product","2":"type-product","3":"status-publish","4":"has-post-thumbnail","6":"product_cat-ithal-erkek-parfum","7":"product_cat-ithal-parfum","9":"first","10":"instock","11":"sale","12":"shipping-taxable","13":"purchasable","14":"product-type-simple"},"jetpack_sharing_enabled":true,"_links":{"self":[{"href":"https:\/\/www.europesstore.com\/en\/wp-json\/wp\/v2\/product\/13253","targetHints":{"allow":["GET"]}}],"collection":[{"href":"https:\/\/www.europesstore.com\/en\/wp-json\/wp\/v2\/product"}],"about":[{"href":"https:\/\/www.europesstore.com\/en\/wp-json\/wp\/v2\/types\/product"}],"replies":[{"embeddable":true,"href":"https:\/\/www.europesstore.com\/en\/wp-json\/wp\/v2\/comments?post=13253"}],"wp:featuredmedia":[{"embeddable":true,"href":"https:\/\/www.europesstore.com\/en\/wp-json\/wp\/v2\/media\/13310"}],"wp:attachment":[{"href":"https:\/\/www.europesstore.com\/en\/wp-json\/wp\/v2\/media?parent=13253"}],"wp:term":[{"taxonomy":"product_brand","embeddable":true,"href":"https:\/\/www.europesstore.com\/en\/wp-json\/wp\/v2\/product_brand?post=13253"},{"taxonomy":"product_cat","embeddable":true,"href":"https:\/\/www.europesstore.com\/en\/wp-json\/wp\/v2\/product_cat?post=13253"},{"taxonomy":"product_tag","embeddable":true,"href":"https:\/\/www.europesstore.com\/en\/wp-json\/wp\/v2\/product_tag?post=13253"}],"curies":[{"name":"wp","href":"https:\/\/api.w.org\/{rel}","templated":true}]}}