{"id":13261,"date":"2025-12-06T10:26:51","date_gmt":"2025-12-06T10:26:51","guid":{"rendered":"https:\/\/europesstore.com\/?post_type=product&#038;p=13261"},"modified":"2025-12-06T10:26:52","modified_gmt":"2025-12-06T10:26:52","slug":"armani-emporio-stronger-with-you-amber-eau-de-tester-erkek-parfum-100-ml","status":"publish","type":"product","link":"https:\/\/www.europesstore.com\/en\/product\/armani-emporio-stronger-with-you-amber-eau-de-tester-erkek-parfum-100-ml\/","title":{"rendered":"Armani  Emporio Stronger With You Amber &#8211; Eau De Tester Erkek Parf\u00fcm 100 ML"},"content":{"rendered":"<p><span style=\"font-family:Poppins, sans-serif;font-size:12px\"><span style=\"float:none;font-style:normal;font-weight:400;letter-spacing:normal;text-align:left;text-indent:0px;text-transform:none\">S\u0131cak, cesur ve ba\u015ftan \u00e7\u0131kar\u0131c\u0131 bir parf\u00fcmd\u00fcr. Modern erke\u011fin g\u00fc\u00e7l\u00fc ve karizmatik ki\u015fili\u011fini yans\u0131tan bu parf\u00fcm, amber ve odunsu notalar\u0131n m\u00fckemmel birle\u015fimiyle dikkat \u00e7eker. \u00dcst notalar\u0131ndaki zencefil, elma ve bergamot, parf\u00fcme taze ve enerjik bir a\u00e7\u0131l\u0131\u015f sa\u011flar. Orta notalarda lavanta, ada\u00e7ay\u0131 ve safran, parf\u00fcme sofistike ve baharatl\u0131 bir derinlik katarken, zarif bir karakter yarat\u0131r.&nbsp;<\/span><\/span><\/p>\n<p><span style=\"font-family:Poppins, sans-serif;font-size:12px\"><span style=\"float:none;font-style:normal;font-weight:400;letter-spacing:normal;text-align:left;text-indent:0px;text-transform:none\">Alt notalarda ise amber, tonka fasulyesi ve odunsu notalar, parf\u00fcme s\u0131cakl\u0131k, kal\u0131c\u0131l\u0131k ve derinlik kazand\u0131rarak etkileyici bir iz b\u0131rak\u0131r. Emporio Armani Stronger With You Amber Edp Tester Erkek Parf\u00fcm 100 Ml, mask\u00fclenli\u011fin ve tutkunun simgesidir, her an\u0131 unutulmaz k\u0131lar.<\/span><\/span><\/p>\n<p><strong style=\"font-weight:bolder\">Ana Notalar:<\/strong><\/p>\n<ul style=\"font-family:Poppins, sans-serif;font-size:12px;font-style:normal;font-weight:400;letter-spacing:normal;margin-bottom:0px;margin-right:0px;margin-top:0px;padding:0px;text-align:left;text-indent:0px;text-transform:none\">\n<li style=\"margin-bottom:0px;margin-right:0px;margin-top:0px;padding:0px\">\n<p style=\"margin-left:0px\">\u00dcst Nota: Zencefil, Elma, Bergamot<\/p>\n<\/li>\n<li style=\"margin-bottom:0px;margin-right:0px;margin-top:0px;padding:0px\">\n<p style=\"margin-left:0px\">Orta Nota: Lavanta, Ada\u00e7ay\u0131, Safran<\/p>\n<\/li>\n<li style=\"margin-bottom:0px;margin-right:0px;margin-top:0px;padding:0px\">\n<p style=\"margin-left:0px\">Alt Nota: Amber, Tonka Fasulyesi, Odunsu Notalar<\/p>\n<\/li>\n<\/ul>","protected":false},"excerpt":{"rendered":"<p>S\u0131cak, cesur ve ba\u015ftan \u00e7\u0131kar\u0131c\u0131 bir parf\u00fcmd\u00fcr. Modern erke\u011fin g\u00fc\u00e7l\u00fc ve karizmatik ki\u015fili\u011fini yans\u0131tan bu parf\u00fcm, amber ve odunsu notalar\u0131n m\u00fckemmel birle\u015fimiyle dikkat \u00e7eker. \u00dcst notalar\u0131ndaki zencefil, elma ve bergamot, parf\u00fcme taze ve enerjik bir a\u00e7\u0131l\u0131\u015f sa\u011flar. Orta notalarda lavanta, ada\u00e7ay\u0131 ve safran, parf\u00fcme sofistike ve baharatl\u0131 bir derinlik katarken, zarif bir karakter yarat\u0131r.&nbsp; Alt [&hellip;]<\/p>","protected":false},"featured_media":13311,"comment_status":"open","ping_status":"closed","template":"","meta":[],"product_brand":[],"product_cat":[146,112],"product_tag":[],"class_list":{"0":"post-13261","1":"product","2":"type-product","3":"status-publish","4":"has-post-thumbnail","6":"product_cat-ithal-erkek-parfum","7":"product_cat-ithal-parfum","9":"first","10":"instock","11":"sale","12":"shipping-taxable","13":"purchasable","14":"product-type-simple"},"jetpack_sharing_enabled":true,"_links":{"self":[{"href":"https:\/\/www.europesstore.com\/en\/wp-json\/wp\/v2\/product\/13261","targetHints":{"allow":["GET"]}}],"collection":[{"href":"https:\/\/www.europesstore.com\/en\/wp-json\/wp\/v2\/product"}],"about":[{"href":"https:\/\/www.europesstore.com\/en\/wp-json\/wp\/v2\/types\/product"}],"replies":[{"embeddable":true,"href":"https:\/\/www.europesstore.com\/en\/wp-json\/wp\/v2\/comments?post=13261"}],"wp:featuredmedia":[{"embeddable":true,"href":"https:\/\/www.europesstore.com\/en\/wp-json\/wp\/v2\/media\/13311"}],"wp:attachment":[{"href":"https:\/\/www.europesstore.com\/en\/wp-json\/wp\/v2\/media?parent=13261"}],"wp:term":[{"taxonomy":"product_brand","embeddable":true,"href":"https:\/\/www.europesstore.com\/en\/wp-json\/wp\/v2\/product_brand?post=13261"},{"taxonomy":"product_cat","embeddable":true,"href":"https:\/\/www.europesstore.com\/en\/wp-json\/wp\/v2\/product_cat?post=13261"},{"taxonomy":"product_tag","embeddable":true,"href":"https:\/\/www.europesstore.com\/en\/wp-json\/wp\/v2\/product_tag?post=13261"}],"curies":[{"name":"wp","href":"https:\/\/api.w.org\/{rel}","templated":true}]}}