{"id":13262,"date":"2025-12-06T10:26:51","date_gmt":"2025-12-06T10:26:51","guid":{"rendered":"https:\/\/europesstore.com\/?post_type=product&#038;p=13262"},"modified":"2025-12-06T10:26:51","modified_gmt":"2025-12-06T10:26:51","slug":"armani-stronger-with-you-tobacco-eau-de-erkek-tester-parfum-100-ml","status":"publish","type":"product","link":"https:\/\/www.europesstore.com\/en\/product\/armani-stronger-with-you-tobacco-eau-de-erkek-tester-parfum-100-ml\/","title":{"rendered":"Armani Stronger With You Tobacco &#8211; Eau De Erkek Tester Parf\u00fcm 100 ML"},"content":{"rendered":"<p style=\"border-width:0px;font-family:Lato, sans-serif;font-size:1rem;font-style:normal;font-weight:400;letter-spacing:normal;line-height:24px;margin:0px 0px 5px;padding:0px;text-align:start;text-indent:0px;text-transform:none;vertical-align:baseline\"><strong style=\"border-width:0px;font-family:inherit;font-size:inherit;font-style:inherit;font-variant:inherit;line-height:inherit;margin:0px;padding:0px;vertical-align:baseline\">Kakule, pembe biber, elemi, t\u00fct\u00fcn, vanilya, tonka fasulyesi, sandal a\u011fac\u0131 ve amber<\/strong> notalar\u0131n\u0131n ba\u015frolde oynad\u0131\u011f\u0131, \u00f6zg\u00fcn ve \u00e7ekici bir kokuya sahiptir.<\/p>\n<p style=\"border-width:0px;font-family:Lato, sans-serif;font-size:1rem;font-style:normal;font-weight:400;letter-spacing:normal;line-height:24px;margin:0px 0px 5px;padding:0px;text-align:start;text-indent:0px;text-transform:none;vertical-align:baseline\"><strong style=\"border-width:0px;font-family:inherit;font-size:inherit;font-style:inherit;font-variant:inherit;line-height:inherit;margin:0px;padding:0px;vertical-align:baseline\">Parf\u00fcm\u00fcn \u00fcst notalar\u0131nda kakule ve pembe biber kokular\u0131 yer al\u0131r. Bu notalar, parf\u00fcme baharatl\u0131 ve s\u0131cak bir ba\u015flang\u0131\u00e7 \u200b\u200bsunar. Orta notalarda elemi ve t\u00fct\u00fcn kokular\u0131 bulunur. Bu notalar, parf\u00fcme odunsu, re\u00e7ineli ve dumanl\u0131 bir hava katar. Alt notalarda ise vanilya, tonka fasulyesi, sandal a\u011fac\u0131 ve amber kokular\u0131 bulunur. Bu notalar, parf\u00fcme s\u0131cakl\u0131k, derinlik, tatl\u0131l\u0131k ve oryantal bir dokunu\u015f katar.<\/strong><\/p>\n<p><strong style=\"border-width:0px;font-family:inherit;font-size:inherit;font-style:inherit;font-variant:inherit;line-height:inherit;margin:0px;padding:0px;vertical-align:baseline\">\u00dcst Nota:<\/strong>&nbsp;Kakule, pembe biber<\/p>\n<ul>\n<li style=\"border-width:0px;font:inherit;margin-bottom:0px;margin-right:0px;margin-top:0px;padding:0px;vertical-align:baseline\">\n<p style=\"margin-left:0px\"><strong style=\"border-width:0px;font-family:inherit;font-size:inherit;font-style:inherit;font-variant:inherit;line-height:inherit;margin:0px;padding:0px;vertical-align:baseline\">Orta Nota:<\/strong>&nbsp;Elemi, t\u00fct\u00fcn<\/p>\n<\/li>\n<li style=\"border-width:0px;font:inherit;margin-bottom:0px;margin-right:0px;margin-top:0px;padding:0px;vertical-align:baseline\">\n<p style=\"margin-left:0px\"><strong style=\"border-width:0px;font-family:inherit;font-size:inherit;font-style:inherit;font-variant:inherit;line-height:inherit;margin:0px;padding:0px;vertical-align:baseline\">Alt Nota:<\/strong>&nbsp;Vanilya, tonka fasulyesi, sandal a\u011fac\u0131, amber<\/p>\n<\/li>\n<\/ul>","protected":false},"excerpt":{"rendered":"<p>Kakule, pembe biber, elemi, t\u00fct\u00fcn, vanilya, tonka fasulyesi, sandal a\u011fac\u0131 ve amber notalar\u0131n\u0131n ba\u015frolde oynad\u0131\u011f\u0131, \u00f6zg\u00fcn ve \u00e7ekici bir kokuya sahiptir. Parf\u00fcm\u00fcn \u00fcst notalar\u0131nda kakule ve pembe biber kokular\u0131 yer al\u0131r. Bu notalar, parf\u00fcme baharatl\u0131 ve s\u0131cak bir ba\u015flang\u0131\u00e7 \u200b\u200bsunar. Orta notalarda elemi ve t\u00fct\u00fcn kokular\u0131 bulunur. Bu notalar, parf\u00fcme odunsu, re\u00e7ineli ve dumanl\u0131 bir [&hellip;]<\/p>","protected":false},"featured_media":13312,"comment_status":"open","ping_status":"closed","template":"","meta":[],"product_brand":[],"product_cat":[146,112],"product_tag":[],"class_list":{"0":"post-13262","1":"product","2":"type-product","3":"status-publish","4":"has-post-thumbnail","6":"product_cat-ithal-erkek-parfum","7":"product_cat-ithal-parfum","9":"first","10":"instock","11":"sale","12":"shipping-taxable","13":"purchasable","14":"product-type-simple"},"jetpack_sharing_enabled":true,"_links":{"self":[{"href":"https:\/\/www.europesstore.com\/en\/wp-json\/wp\/v2\/product\/13262","targetHints":{"allow":["GET"]}}],"collection":[{"href":"https:\/\/www.europesstore.com\/en\/wp-json\/wp\/v2\/product"}],"about":[{"href":"https:\/\/www.europesstore.com\/en\/wp-json\/wp\/v2\/types\/product"}],"replies":[{"embeddable":true,"href":"https:\/\/www.europesstore.com\/en\/wp-json\/wp\/v2\/comments?post=13262"}],"wp:featuredmedia":[{"embeddable":true,"href":"https:\/\/www.europesstore.com\/en\/wp-json\/wp\/v2\/media\/13312"}],"wp:attachment":[{"href":"https:\/\/www.europesstore.com\/en\/wp-json\/wp\/v2\/media?parent=13262"}],"wp:term":[{"taxonomy":"product_brand","embeddable":true,"href":"https:\/\/www.europesstore.com\/en\/wp-json\/wp\/v2\/product_brand?post=13262"},{"taxonomy":"product_cat","embeddable":true,"href":"https:\/\/www.europesstore.com\/en\/wp-json\/wp\/v2\/product_cat?post=13262"},{"taxonomy":"product_tag","embeddable":true,"href":"https:\/\/www.europesstore.com\/en\/wp-json\/wp\/v2\/product_tag?post=13262"}],"curies":[{"name":"wp","href":"https:\/\/api.w.org\/{rel}","templated":true}]}}