{"id":13263,"date":"2025-12-06T10:26:51","date_gmt":"2025-12-06T10:26:51","guid":{"rendered":"https:\/\/europesstore.com\/?post_type=product&#038;p=13263"},"modified":"2025-12-06T10:26:51","modified_gmt":"2025-12-06T10:26:51","slug":"armani-stronger-with-you-leather-eau-de-erkek-tester-parfum-100-ml","status":"publish","type":"product","link":"https:\/\/www.europesstore.com\/en\/product\/armani-stronger-with-you-leather-eau-de-erkek-tester-parfum-100-ml\/","title":{"rendered":"Armani Stronger With You Leather- Eau De Erkek Tester Parf\u00fcm 100 ML"},"content":{"rendered":"<p><span style=\"font-family:Inter, sans-serif;font-size:12.95px\"><span style=\"float:none;font-style:normal;font-weight:400;letter-spacing:normal;text-align:start;text-indent:0px;text-transform:none\">You Leather, son derece s\u0131cak, yo\u011fun, odunsu ve derimsi olarak duyurulan, alt\u0131n rengi lake bir \u015fi\u015fede l\u00fcks bir erkeksi koku ortaya koyuyor.&nbsp;<\/span><\/span><\/p>\n<p><span style=\"font-family:Inter, sans-serif;font-size:12.95px\"><span style=\"float:none;font-style:normal;font-weight:400;letter-spacing:normal;text-align:start;text-indent:0px;text-transform:none\">\u00dcst notalar: elemi, kestane, baharatlar Orta notalar: Provence&#8217;tan lavanta, ada\u00e7ay\u0131 Temel notalar: deri, vanilya, ud, guaiac<\/span><\/span><\/p>","protected":false},"excerpt":{"rendered":"<p>You Leather, son derece s\u0131cak, yo\u011fun, odunsu ve derimsi olarak duyurulan, alt\u0131n rengi lake bir \u015fi\u015fede l\u00fcks bir erkeksi koku ortaya koyuyor.&nbsp; \u00dcst notalar: elemi, kestane, baharatlar Orta notalar: Provence&#8217;tan lavanta, ada\u00e7ay\u0131 Temel notalar: deri, vanilya, ud, guaiac<\/p>","protected":false},"featured_media":13313,"comment_status":"open","ping_status":"closed","template":"","meta":[],"product_brand":[],"product_cat":[146,112],"product_tag":[],"class_list":{"0":"post-13263","1":"product","2":"type-product","3":"status-publish","4":"has-post-thumbnail","6":"product_cat-ithal-erkek-parfum","7":"product_cat-ithal-parfum","9":"first","10":"instock","11":"sale","12":"shipping-taxable","13":"purchasable","14":"product-type-simple"},"jetpack_sharing_enabled":true,"_links":{"self":[{"href":"https:\/\/www.europesstore.com\/en\/wp-json\/wp\/v2\/product\/13263","targetHints":{"allow":["GET"]}}],"collection":[{"href":"https:\/\/www.europesstore.com\/en\/wp-json\/wp\/v2\/product"}],"about":[{"href":"https:\/\/www.europesstore.com\/en\/wp-json\/wp\/v2\/types\/product"}],"replies":[{"embeddable":true,"href":"https:\/\/www.europesstore.com\/en\/wp-json\/wp\/v2\/comments?post=13263"}],"wp:featuredmedia":[{"embeddable":true,"href":"https:\/\/www.europesstore.com\/en\/wp-json\/wp\/v2\/media\/13313"}],"wp:attachment":[{"href":"https:\/\/www.europesstore.com\/en\/wp-json\/wp\/v2\/media?parent=13263"}],"wp:term":[{"taxonomy":"product_brand","embeddable":true,"href":"https:\/\/www.europesstore.com\/en\/wp-json\/wp\/v2\/product_brand?post=13263"},{"taxonomy":"product_cat","embeddable":true,"href":"https:\/\/www.europesstore.com\/en\/wp-json\/wp\/v2\/product_cat?post=13263"},{"taxonomy":"product_tag","embeddable":true,"href":"https:\/\/www.europesstore.com\/en\/wp-json\/wp\/v2\/product_tag?post=13263"}],"curies":[{"name":"wp","href":"https:\/\/api.w.org\/{rel}","templated":true}]}}