{"id":13264,"date":"2025-12-06T10:26:51","date_gmt":"2025-12-06T10:26:51","guid":{"rendered":"https:\/\/europesstore.com\/?post_type=product&#038;p=13264"},"modified":"2025-12-06T10:26:51","modified_gmt":"2025-12-06T10:26:51","slug":"armani-stronger-with-you-freeze-inferno-eau-de-erkek-tester-parfum-100-ml","status":"publish","type":"product","link":"https:\/\/www.europesstore.com\/en\/product\/armani-stronger-with-you-freeze-inferno-eau-de-erkek-tester-parfum-100-ml\/","title":{"rendered":"Armani Stronger With You Freeze Inferno &#8211; Eau De Erkek Tester  Parf\u00fcm 100 ML"},"content":{"rendered":"<div class=\"flex justify-between items-center\" style=\"--tw-blur:;--tw-border-opacity:1;--tw-brightness:;--tw-contrast:;--tw-drop-shadow:;--tw-filter:;--tw-grayscale:;--tw-hue-rotate:;--tw-invert:;--tw-ring-offset-shadow:0 0 #0000;--tw-ring-shadow:0 0 #0000;--tw-rotate:0;--tw-saturate:;--tw-scale-x:1;--tw-scale-y:1;--tw-sepia:;--tw-shadow:0 0 #0000;--tw-skew-x:0;--tw-skew-y:0;--tw-translate-x:0;--tw-translate-y:0;align-items:center;, Arial, sans-serif;font-size:14px;font-style:normal;font-weight:500;justify-content:space-between;letter-spacing:normal;margin:0px;padding:0px;text-align:start;text-indent:0px;text-transform:none\"><span style=\"--tw-blur:;--tw-border-opacity:1;--tw-brightness:;--tw-contrast:;--tw-drop-shadow:;--tw-filter:;--tw-grayscale:;--tw-hue-rotate:;--tw-invert:;--tw-ring-offset-shadow:0 0 #0000;--tw-ring-shadow:0 0 #0000;--tw-rotate:0;--tw-saturate:;--tw-scale-x:1;--tw-scale-y:1;--tw-sepia:;--tw-shadow:0 0 #0000;--tw-skew-x:0;--tw-skew-y:0;--tw-translate-x:0;--tw-translate-y:0;margin:0px;padding:0px\"><\/span><\/div>\n<div class=\"tab-content\" style=\"--tw-blur:;--tw-border-opacity:1;--tw-brightness:;--tw-contrast:;--tw-drop-shadow:;--tw-filter:;--tw-grayscale:;--tw-hue-rotate:;--tw-invert:;--tw-ring-offset-shadow:0 0 #0000;--tw-ring-shadow:0 0 #0000;--tw-rotate:0;--tw-saturate:;--tw-scale-x:1;--tw-scale-y:1;--tw-sepia:;--tw-shadow:0 0 #0000;--tw-skew-x:0;--tw-skew-y:0;--tw-translate-x:0;--tw-translate-y:0;cursor:default;, Arial, sans-serif;font-size:13px;font-style:normal;font-weight:400 !important;letter-spacing:normal;margin:15px 0px 0px;overflow:hidden;padding:0px;position:relative;text-align:start;text-indent:0px;text-transform:none;width:419.337px\">\n<p style=\"--tw-blur:;--tw-border-opacity:1;--tw-brightness:;--tw-contrast:;--tw-drop-shadow:;--tw-filter:;--tw-grayscale:;--tw-hue-rotate:;--tw-invert:;--tw-ring-offset-shadow:0 0 #0000;--tw-ring-shadow:0 0 #0000;--tw-rotate:0;--tw-saturate:;--tw-scale-x:1;--tw-scale-y:1;--tw-sepia:;--tw-shadow:0 0 #0000;--tw-skew-x:0;--tw-skew-y:0;--tw-translate-x:0;--tw-translate-y:0;font-size:1rem;font-weight:400;margin:0px;padding:0px\"><span style=\"--tw-blur:;--tw-border-opacity:1;--tw-brightness:;--tw-contrast:;--tw-drop-shadow:;--tw-filter:;--tw-grayscale:;--tw-hue-rotate:;--tw-invert:;--tw-ring-offset-shadow:0 0 #0000;--tw-ring-shadow:0 0 #0000;--tw-rotate:0;--tw-saturate:;--tw-scale-x:1;--tw-scale-y:1;--tw-sepia:;--tw-shadow:0 0 #0000;--tw-skew-x:0;--tw-skew-y:0;--tw-translate-x:0;--tw-translate-y:0;margin:0px;padding:0px\"><strong>Koku Ailesi:<\/strong><\/span>&nbsp;Aromatik, Odunsu<\/p>\n<p style=\"--tw-blur:;--tw-border-opacity:1;--tw-brightness:;--tw-contrast:;--tw-drop-shadow:;--tw-filter:;--tw-grayscale:;--tw-hue-rotate:;--tw-invert:;--tw-ring-offset-shadow:0 0 #0000;--tw-ring-shadow:0 0 #0000;--tw-rotate:0;--tw-saturate:;--tw-scale-x:1;--tw-scale-y:1;--tw-sepia:;--tw-shadow:0 0 #0000;--tw-skew-x:0;--tw-skew-y:0;--tw-translate-x:0;--tw-translate-y:0;font-size:1rem;font-weight:400;margin:0px;padding:0px\"><span style=\"--tw-blur:;--tw-border-opacity:1;--tw-brightness:;--tw-contrast:;--tw-drop-shadow:;--tw-filter:;--tw-grayscale:;--tw-hue-rotate:;--tw-invert:;--tw-ring-offset-shadow:0 0 #0000;--tw-ring-shadow:0 0 #0000;--tw-rotate:0;--tw-saturate:;--tw-scale-x:1;--tw-scale-y:1;--tw-sepia:;--tw-shadow:0 0 #0000;--tw-skew-x:0;--tw-skew-y:0;--tw-translate-x:0;--tw-translate-y:0;margin:0px;padding:0px\"><strong>\u00dcst Notalar:<\/strong><\/span>&nbsp;Zencefil, Misket Limonu, Mandalina<\/p>\n<p style=\"--tw-blur:;--tw-border-opacity:1;--tw-brightness:;--tw-contrast:;--tw-drop-shadow:;--tw-filter:;--tw-grayscale:;--tw-hue-rotate:;--tw-invert:;--tw-ring-offset-shadow:0 0 #0000;--tw-ring-shadow:0 0 #0000;--tw-rotate:0;--tw-saturate:;--tw-scale-x:1;--tw-scale-y:1;--tw-sepia:;--tw-shadow:0 0 #0000;--tw-skew-x:0;--tw-skew-y:0;--tw-translate-x:0;--tw-translate-y:0;font-size:1rem;font-weight:400;margin:0px;padding:0px\"><span style=\"--tw-blur:;--tw-border-opacity:1;--tw-brightness:;--tw-contrast:;--tw-drop-shadow:;--tw-filter:;--tw-grayscale:;--tw-hue-rotate:;--tw-invert:;--tw-ring-offset-shadow:0 0 #0000;--tw-ring-shadow:0 0 #0000;--tw-rotate:0;--tw-saturate:;--tw-scale-x:1;--tw-scale-y:1;--tw-sepia:;--tw-shadow:0 0 #0000;--tw-skew-x:0;--tw-skew-y:0;--tw-translate-x:0;--tw-translate-y:0;margin:0px;padding:0px\"><strong>Orta Notalar:<\/strong><\/span>&nbsp;Lavanta, Ada\u00e7ay\u0131, Sardunya<\/p>\n<p style=\"--tw-blur:;--tw-border-opacity:1;--tw-brightness:;--tw-contrast:;--tw-drop-shadow:;--tw-filter:;--tw-grayscale:;--tw-hue-rotate:;--tw-invert:;--tw-ring-offset-shadow:0 0 #0000;--tw-ring-shadow:0 0 #0000;--tw-rotate:0;--tw-saturate:;--tw-scale-x:1;--tw-scale-y:1;--tw-sepia:;--tw-shadow:0 0 #0000;--tw-skew-x:0;--tw-skew-y:0;--tw-translate-x:0;--tw-translate-y:0;font-size:1rem;font-weight:400;margin:0px;padding:0px\"><span style=\"--tw-blur:;--tw-border-opacity:1;--tw-brightness:;--tw-contrast:;--tw-drop-shadow:;--tw-filter:;--tw-grayscale:;--tw-hue-rotate:;--tw-invert:;--tw-ring-offset-shadow:0 0 #0000;--tw-ring-shadow:0 0 #0000;--tw-rotate:0;--tw-saturate:;--tw-scale-x:1;--tw-scale-y:1;--tw-sepia:;--tw-shadow:0 0 #0000;--tw-skew-x:0;--tw-skew-y:0;--tw-translate-x:0;--tw-translate-y:0;margin:0px;padding:0px\"><strong>Alt Notalar:<\/strong><\/span>&nbsp;Amber A\u011fac\u0131, Vanilya, Pa\u00e7uli<\/p>\n<\/div>","protected":false},"excerpt":{"rendered":"<p>Koku Ailesi:&nbsp;Aromatik, Odunsu \u00dcst Notalar:&nbsp;Zencefil, Misket Limonu, Mandalina Orta Notalar:&nbsp;Lavanta, Ada\u00e7ay\u0131, Sardunya Alt Notalar:&nbsp;Amber A\u011fac\u0131, Vanilya, Pa\u00e7uli<\/p>","protected":false},"featured_media":13314,"comment_status":"open","ping_status":"closed","template":"","meta":[],"product_brand":[],"product_cat":[146,112],"product_tag":[],"class_list":{"0":"post-13264","1":"product","2":"type-product","3":"status-publish","4":"has-post-thumbnail","6":"product_cat-ithal-erkek-parfum","7":"product_cat-ithal-parfum","9":"first","10":"instock","11":"sale","12":"shipping-taxable","13":"purchasable","14":"product-type-simple"},"jetpack_sharing_enabled":true,"_links":{"self":[{"href":"https:\/\/www.europesstore.com\/en\/wp-json\/wp\/v2\/product\/13264","targetHints":{"allow":["GET"]}}],"collection":[{"href":"https:\/\/www.europesstore.com\/en\/wp-json\/wp\/v2\/product"}],"about":[{"href":"https:\/\/www.europesstore.com\/en\/wp-json\/wp\/v2\/types\/product"}],"replies":[{"embeddable":true,"href":"https:\/\/www.europesstore.com\/en\/wp-json\/wp\/v2\/comments?post=13264"}],"wp:featuredmedia":[{"embeddable":true,"href":"https:\/\/www.europesstore.com\/en\/wp-json\/wp\/v2\/media\/13314"}],"wp:attachment":[{"href":"https:\/\/www.europesstore.com\/en\/wp-json\/wp\/v2\/media?parent=13264"}],"wp:term":[{"taxonomy":"product_brand","embeddable":true,"href":"https:\/\/www.europesstore.com\/en\/wp-json\/wp\/v2\/product_brand?post=13264"},{"taxonomy":"product_cat","embeddable":true,"href":"https:\/\/www.europesstore.com\/en\/wp-json\/wp\/v2\/product_cat?post=13264"},{"taxonomy":"product_tag","embeddable":true,"href":"https:\/\/www.europesstore.com\/en\/wp-json\/wp\/v2\/product_tag?post=13264"}],"curies":[{"name":"wp","href":"https:\/\/api.w.org\/{rel}","templated":true}]}}