{"id":13265,"date":"2025-12-06T10:26:51","date_gmt":"2025-12-06T10:26:51","guid":{"rendered":"https:\/\/europesstore.com\/?post_type=product&#038;p=13265"},"modified":"2025-12-06T10:26:51","modified_gmt":"2025-12-06T10:26:51","slug":"armani-stronger-with-you-coffee-freeze-eau-de-erkek-tester-parfum-100-ml","status":"publish","type":"product","link":"https:\/\/www.europesstore.com\/en\/product\/armani-stronger-with-you-coffee-freeze-eau-de-erkek-tester-parfum-100-ml\/","title":{"rendered":"Armani Stronger With You Coffee Freeze &#8211; Eau De Erkek Tester Parf\u00fcm 100 ML"},"content":{"rendered":"<p>Ferahlat\u0131c\u0131 bir ba\u015flang\u0131\u00e7la duyular\u0131 harekete ge\u00e7irirken, derin ve s\u0131cak bir iz b\u0131rak\u0131r. Bergamot ve nane ile a\u00e7\u0131lan bu \u00f6zel koku, kalbinde yer alan yo\u011fun kahve, kakao ve tar\u00e7\u0131n notalar\u0131yla benzersiz bir karakter kazan\u0131r. Vanilya, amber ve sedir a\u011fac\u0131n\u0131n harmanland\u0131\u011f\u0131 alt notalar ise teninizde kal\u0131c\u0131 ve sofistike bir etki b\u0131rak\u0131r. Enerjik, modern ve \u00e7ekici bir imza arayanlar i\u00e7in.<\/p>\n<p>&nbsp; &nbsp; &nbsp; &nbsp;<strong data-start=\"909\" data-end=\"924\">\u00dcst notalar<\/strong>: Bergamot, nane (freeze etkisi)<\/p>\n<ul>\n<li data-start=\"957\" data-end=\"997\">\n<p data-start=\"959\" data-end=\"997\"><strong data-start=\"959\" data-end=\"975\">Orta notalar<\/strong>: Kahve, kakao, tar\u00e7\u0131n<\/p>\n<\/li>\n<li data-start=\"998\" data-end=\"1044\">\n<p data-start=\"1000\" data-end=\"1044\"><strong data-start=\"1000\" data-end=\"1015\">Alt notalar<\/strong>: Vanilya, amber, sedir a\u011fac\u0131<\/p>\n<\/li>\n<\/ul>","protected":false},"excerpt":{"rendered":"<p>Ferahlat\u0131c\u0131 bir ba\u015flang\u0131\u00e7la duyular\u0131 harekete ge\u00e7irirken, derin ve s\u0131cak bir iz b\u0131rak\u0131r. Bergamot ve nane ile a\u00e7\u0131lan bu \u00f6zel koku, kalbinde yer alan yo\u011fun kahve, kakao ve tar\u00e7\u0131n notalar\u0131yla benzersiz bir karakter kazan\u0131r. Vanilya, amber ve sedir a\u011fac\u0131n\u0131n harmanland\u0131\u011f\u0131 alt notalar ise teninizde kal\u0131c\u0131 ve sofistike bir etki b\u0131rak\u0131r. Enerjik, modern ve \u00e7ekici bir imza [&hellip;]<\/p>","protected":false},"featured_media":13322,"comment_status":"open","ping_status":"closed","template":"","meta":[],"product_brand":[],"product_cat":[146,112],"product_tag":[],"class_list":{"0":"post-13265","1":"product","2":"type-product","3":"status-publish","4":"has-post-thumbnail","6":"product_cat-ithal-erkek-parfum","7":"product_cat-ithal-parfum","9":"first","10":"instock","11":"sale","12":"shipping-taxable","13":"purchasable","14":"product-type-simple"},"jetpack_sharing_enabled":true,"_links":{"self":[{"href":"https:\/\/www.europesstore.com\/en\/wp-json\/wp\/v2\/product\/13265","targetHints":{"allow":["GET"]}}],"collection":[{"href":"https:\/\/www.europesstore.com\/en\/wp-json\/wp\/v2\/product"}],"about":[{"href":"https:\/\/www.europesstore.com\/en\/wp-json\/wp\/v2\/types\/product"}],"replies":[{"embeddable":true,"href":"https:\/\/www.europesstore.com\/en\/wp-json\/wp\/v2\/comments?post=13265"}],"wp:featuredmedia":[{"embeddable":true,"href":"https:\/\/www.europesstore.com\/en\/wp-json\/wp\/v2\/media\/13322"}],"wp:attachment":[{"href":"https:\/\/www.europesstore.com\/en\/wp-json\/wp\/v2\/media?parent=13265"}],"wp:term":[{"taxonomy":"product_brand","embeddable":true,"href":"https:\/\/www.europesstore.com\/en\/wp-json\/wp\/v2\/product_brand?post=13265"},{"taxonomy":"product_cat","embeddable":true,"href":"https:\/\/www.europesstore.com\/en\/wp-json\/wp\/v2\/product_cat?post=13265"},{"taxonomy":"product_tag","embeddable":true,"href":"https:\/\/www.europesstore.com\/en\/wp-json\/wp\/v2\/product_tag?post=13265"}],"curies":[{"name":"wp","href":"https:\/\/api.w.org\/{rel}","templated":true}]}}