{"id":13266,"date":"2025-12-06T10:26:51","date_gmt":"2025-12-06T10:26:51","guid":{"rendered":"https:\/\/europesstore.com\/?post_type=product&#038;p=13266"},"modified":"2025-12-06T10:26:51","modified_gmt":"2025-12-06T10:26:51","slug":"armani-stronger-with-you-toilette-eau-de-erkek-tester-parfum-100-ml","status":"publish","type":"product","link":"https:\/\/www.europesstore.com\/en\/product\/armani-stronger-with-you-toilette-eau-de-erkek-tester-parfum-100-ml\/","title":{"rendered":"Armani Stronger With You Toilette- Eau De Erkek Tester Parf\u00fcm 100 ML"},"content":{"rendered":"<p><span style=\"font-family:AvantGardeMedium, Arial, sans-serif;font-size:16px\"><span style=\"float:none;font-style:normal;font-weight:400;letter-spacing:0.4px;text-align:start;text-indent:0px;text-transform:none\">tronger With You, gen\u00e7li\u011fin \u00e7arp\u0131c\u0131 ve kendine g\u00fcvenen zarafetinden ilham al\u0131narak yarat\u0131ld\u0131. Ada\u00e7ay\u0131 akorlar\u0131, isli vanilya esans\u0131 ve \u015feker kapl\u0131 kestane notalar\u0131 ile birle\u015ferek kar\u015f\u0131 konulmaz bir erkek kokusu ortaya \u00e7\u0131kard\u0131. \u0130ki kokunun g\u00fc\u00e7l\u00fc bir sevginin sembol\u00fc olarak birbirini dengeleyen ve g\u00fc\u00e7lendiren bir birlikteli\u011fi var.<\/span><\/span><\/p>","protected":false},"excerpt":{"rendered":"<p>tronger With You, gen\u00e7li\u011fin \u00e7arp\u0131c\u0131 ve kendine g\u00fcvenen zarafetinden ilham al\u0131narak yarat\u0131ld\u0131. Ada\u00e7ay\u0131 akorlar\u0131, isli vanilya esans\u0131 ve \u015feker kapl\u0131 kestane notalar\u0131 ile birle\u015ferek kar\u015f\u0131 konulmaz bir erkek kokusu ortaya \u00e7\u0131kard\u0131. \u0130ki kokunun g\u00fc\u00e7l\u00fc bir sevginin sembol\u00fc olarak birbirini dengeleyen ve g\u00fc\u00e7lendiren bir birlikteli\u011fi var.<\/p>","protected":false},"featured_media":13323,"comment_status":"open","ping_status":"closed","template":"","meta":[],"product_brand":[],"product_cat":[146,112],"product_tag":[],"class_list":{"0":"post-13266","1":"product","2":"type-product","3":"status-publish","4":"has-post-thumbnail","6":"product_cat-ithal-erkek-parfum","7":"product_cat-ithal-parfum","9":"first","10":"instock","11":"sale","12":"shipping-taxable","13":"purchasable","14":"product-type-simple"},"jetpack_sharing_enabled":true,"_links":{"self":[{"href":"https:\/\/www.europesstore.com\/en\/wp-json\/wp\/v2\/product\/13266","targetHints":{"allow":["GET"]}}],"collection":[{"href":"https:\/\/www.europesstore.com\/en\/wp-json\/wp\/v2\/product"}],"about":[{"href":"https:\/\/www.europesstore.com\/en\/wp-json\/wp\/v2\/types\/product"}],"replies":[{"embeddable":true,"href":"https:\/\/www.europesstore.com\/en\/wp-json\/wp\/v2\/comments?post=13266"}],"wp:featuredmedia":[{"embeddable":true,"href":"https:\/\/www.europesstore.com\/en\/wp-json\/wp\/v2\/media\/13323"}],"wp:attachment":[{"href":"https:\/\/www.europesstore.com\/en\/wp-json\/wp\/v2\/media?parent=13266"}],"wp:term":[{"taxonomy":"product_brand","embeddable":true,"href":"https:\/\/www.europesstore.com\/en\/wp-json\/wp\/v2\/product_brand?post=13266"},{"taxonomy":"product_cat","embeddable":true,"href":"https:\/\/www.europesstore.com\/en\/wp-json\/wp\/v2\/product_cat?post=13266"},{"taxonomy":"product_tag","embeddable":true,"href":"https:\/\/www.europesstore.com\/en\/wp-json\/wp\/v2\/product_tag?post=13266"}],"curies":[{"name":"wp","href":"https:\/\/api.w.org\/{rel}","templated":true}]}}