{"id":13275,"date":"2025-12-06T10:26:51","date_gmt":"2025-12-06T10:26:51","guid":{"rendered":"https:\/\/europesstore.com\/?post_type=product&#038;p=13275"},"modified":"2025-12-06T10:26:51","modified_gmt":"2025-12-06T10:26:51","slug":"giorgio-armani-acqua-di-gio-pour-homme-eau-de-erkek-tester-parfum-100-ml","status":"publish","type":"product","link":"https:\/\/www.europesstore.com\/en\/product\/giorgio-armani-acqua-di-gio-pour-homme-eau-de-erkek-tester-parfum-100-ml\/","title":{"rendered":"G\u0131org\u0131o Armani Acqua Di Gio Pour Homme &#8211; Eau de Erkek Tester Parf\u00fcm 100 ML"},"content":{"rendered":"<ul data-start=\"95\" data-end=\"327\">\n<li data-start=\"95\" data-end=\"175\">\n<p data-start=\"97\" data-end=\"175\"><strong data-start=\"97\" data-end=\"113\">\u00dcst notalar:<\/strong> Bergamot, limon, lime, mandalina, yasemin, portakal, neroli<\/p>\n<\/li>\n<li data-start=\"176\" data-end=\"262\">\n<p data-start=\"178\" data-end=\"262\"><strong data-start=\"178\" data-end=\"195\">Orta notalar:<\/strong> Deniz notalar\u0131, g\u00fcl, biberiye, sardunya, frezya, menek\u015fe, ki\u015fni\u015f<\/p>\n<\/li>\n<li data-start=\"263\" data-end=\"327\">\n<p data-start=\"265\" data-end=\"327\"><strong data-start=\"265\" data-end=\"281\">Alt notalar:<\/strong> Misk, amber, sedir a\u011fac\u0131, me\u015fe yosunu, pa\u00e7uli<\/p>\n<\/li>\n<\/ul>\n<p data-start=\"329\" data-end=\"483\" data-is-last-node=\"\" data-is-only-node=\"\"><strong data-start=\"340\" data-end=\"366\">Ferah, sucul ve odunsu<\/strong> bir yap\u0131ya sahiptir; taze, mask\u00fclen ve zamans\u0131z bir koku profili sunar. \u00d6zellikle yaz ve bahar aylar\u0131 i\u00e7in idealdir.<\/p>","protected":false},"excerpt":{"rendered":"<p>\u00dcst notalar: Bergamot, limon, lime, mandalina, yasemin, portakal, neroli Orta notalar: Deniz notalar\u0131, g\u00fcl, biberiye, sardunya, frezya, menek\u015fe, ki\u015fni\u015f Alt notalar: Misk, amber, sedir a\u011fac\u0131, me\u015fe yosunu, pa\u00e7uli Ferah, sucul ve odunsu bir yap\u0131ya sahiptir; taze, mask\u00fclen ve zamans\u0131z bir koku profili sunar. \u00d6zellikle yaz ve bahar aylar\u0131 i\u00e7in idealdir.<\/p>","protected":false},"featured_media":13325,"comment_status":"open","ping_status":"closed","template":"","meta":[],"product_brand":[],"product_cat":[146,112],"product_tag":[],"class_list":{"0":"post-13275","1":"product","2":"type-product","3":"status-publish","4":"has-post-thumbnail","6":"product_cat-ithal-erkek-parfum","7":"product_cat-ithal-parfum","9":"first","10":"onbackorder","11":"sale","12":"shipping-taxable","13":"purchasable","14":"product-type-simple"},"jetpack_sharing_enabled":true,"_links":{"self":[{"href":"https:\/\/www.europesstore.com\/en\/wp-json\/wp\/v2\/product\/13275","targetHints":{"allow":["GET"]}}],"collection":[{"href":"https:\/\/www.europesstore.com\/en\/wp-json\/wp\/v2\/product"}],"about":[{"href":"https:\/\/www.europesstore.com\/en\/wp-json\/wp\/v2\/types\/product"}],"replies":[{"embeddable":true,"href":"https:\/\/www.europesstore.com\/en\/wp-json\/wp\/v2\/comments?post=13275"}],"wp:featuredmedia":[{"embeddable":true,"href":"https:\/\/www.europesstore.com\/en\/wp-json\/wp\/v2\/media\/13325"}],"wp:attachment":[{"href":"https:\/\/www.europesstore.com\/en\/wp-json\/wp\/v2\/media?parent=13275"}],"wp:term":[{"taxonomy":"product_brand","embeddable":true,"href":"https:\/\/www.europesstore.com\/en\/wp-json\/wp\/v2\/product_brand?post=13275"},{"taxonomy":"product_cat","embeddable":true,"href":"https:\/\/www.europesstore.com\/en\/wp-json\/wp\/v2\/product_cat?post=13275"},{"taxonomy":"product_tag","embeddable":true,"href":"https:\/\/www.europesstore.com\/en\/wp-json\/wp\/v2\/product_tag?post=13275"}],"curies":[{"name":"wp","href":"https:\/\/api.w.org\/{rel}","templated":true}]}}