{"id":13276,"date":"2025-12-06T10:26:51","date_gmt":"2025-12-06T10:26:51","guid":{"rendered":"https:\/\/europesstore.com\/?post_type=product&#038;p=13276"},"modified":"2025-12-06T10:26:51","modified_gmt":"2025-12-06T10:26:51","slug":"giorgio-armani-acqua-di-gio-absolu-eau-de-erkek-tester-parfum-100-ml","status":"publish","type":"product","link":"https:\/\/www.europesstore.com\/en\/product\/giorgio-armani-acqua-di-gio-absolu-eau-de-erkek-tester-parfum-100-ml\/","title":{"rendered":"G\u0131org\u0131o Armani Acqua Di Gio Absolu &#8211; eau de Erkek Tester Parf\u00fcm 100 ML"},"content":{"rendered":"<ul data-start=\"99\" data-end=\"296\">\n<li data-start=\"99\" data-end=\"154\">\n<p data-start=\"101\" data-end=\"154\"><strong data-start=\"101\" data-end=\"117\">\u00dcst notalar:<\/strong> Bergamot, deniz notalar\u0131, greyfurt<\/p>\n<\/li>\n<li data-start=\"155\" data-end=\"204\">\n<p data-start=\"157\" data-end=\"204\"><strong data-start=\"157\" data-end=\"174\">Orta notalar:<\/strong> Lavanta, biberiye, sardunya<\/p>\n<\/li>\n<li data-start=\"205\" data-end=\"296\">\n<p data-start=\"207\" data-end=\"296\"><strong data-start=\"207\" data-end=\"223\">Alt notalar:<\/strong> Pa\u00e7uli, tonka fasulyesi, labdanum, odunsu notalar (amber a\u011fac\u0131, vetiver)<\/p>\n<\/li>\n<\/ul>\n<p data-start=\"298\" data-end=\"539\" data-is-last-node=\"\" data-is-only-node=\"\">Klasik Acqua di Gio\u2019nun taze deniz havas\u0131n\u0131 korurken, daha s\u0131cak ve yo\u011fun <strong data-start=\"383\" data-end=\"401\">odunsu &amp; amber<\/strong> notalarla derinle\u015ftirilmi\u015ftir. <strong data-start=\"433\" data-end=\"466\">Modern, mask\u00fclen ve sofistike<\/strong> bir etki yarat\u0131r; \u00f6zellikle ak\u015fam ve serin havalarda kullan\u0131ma uygundur.<\/p>","protected":false},"excerpt":{"rendered":"<p>\u00dcst notalar: Bergamot, deniz notalar\u0131, greyfurt Orta notalar: Lavanta, biberiye, sardunya Alt notalar: Pa\u00e7uli, tonka fasulyesi, labdanum, odunsu notalar (amber a\u011fac\u0131, vetiver) Klasik Acqua di Gio\u2019nun taze deniz havas\u0131n\u0131 korurken, daha s\u0131cak ve yo\u011fun odunsu &amp; amber notalarla derinle\u015ftirilmi\u015ftir. Modern, mask\u00fclen ve sofistike bir etki yarat\u0131r; \u00f6zellikle ak\u015fam ve serin havalarda kullan\u0131ma uygundur.<\/p>","protected":false},"featured_media":13326,"comment_status":"open","ping_status":"closed","template":"","meta":[],"product_brand":[],"product_cat":[146,112],"product_tag":[],"class_list":{"0":"post-13276","1":"product","2":"type-product","3":"status-publish","4":"has-post-thumbnail","6":"product_cat-ithal-erkek-parfum","7":"product_cat-ithal-parfum","9":"first","10":"onbackorder","11":"sale","12":"shipping-taxable","13":"purchasable","14":"product-type-simple"},"jetpack_sharing_enabled":true,"_links":{"self":[{"href":"https:\/\/www.europesstore.com\/en\/wp-json\/wp\/v2\/product\/13276","targetHints":{"allow":["GET"]}}],"collection":[{"href":"https:\/\/www.europesstore.com\/en\/wp-json\/wp\/v2\/product"}],"about":[{"href":"https:\/\/www.europesstore.com\/en\/wp-json\/wp\/v2\/types\/product"}],"replies":[{"embeddable":true,"href":"https:\/\/www.europesstore.com\/en\/wp-json\/wp\/v2\/comments?post=13276"}],"wp:featuredmedia":[{"embeddable":true,"href":"https:\/\/www.europesstore.com\/en\/wp-json\/wp\/v2\/media\/13326"}],"wp:attachment":[{"href":"https:\/\/www.europesstore.com\/en\/wp-json\/wp\/v2\/media?parent=13276"}],"wp:term":[{"taxonomy":"product_brand","embeddable":true,"href":"https:\/\/www.europesstore.com\/en\/wp-json\/wp\/v2\/product_brand?post=13276"},{"taxonomy":"product_cat","embeddable":true,"href":"https:\/\/www.europesstore.com\/en\/wp-json\/wp\/v2\/product_cat?post=13276"},{"taxonomy":"product_tag","embeddable":true,"href":"https:\/\/www.europesstore.com\/en\/wp-json\/wp\/v2\/product_tag?post=13276"}],"curies":[{"name":"wp","href":"https:\/\/api.w.org\/{rel}","templated":true}]}}