{"id":13278,"date":"2025-12-06T10:26:50","date_gmt":"2025-12-06T10:26:50","guid":{"rendered":"https:\/\/europesstore.com\/?post_type=product&#038;p=13278"},"modified":"2025-12-06T10:26:50","modified_gmt":"2025-12-06T10:26:50","slug":"giorgio-armani-acqua-di-gio-profumo-eau-de-erkek-tester-parfum-100-ml","status":"publish","type":"product","link":"https:\/\/www.europesstore.com\/en\/product\/giorgio-armani-acqua-di-gio-profumo-eau-de-erkek-tester-parfum-100-ml\/","title":{"rendered":"G\u0131org\u0131o Armani Acqua Di Gio Profumo &#8211; eau de Erkek Tester Parf\u00fcm 100 ML"},"content":{"rendered":"<p data-start=\"278\" data-end=\"354\"><span class=\"relative -mx-px my-[-0.2rem] rounded px-px py-[0.2rem] transition-colors duration-100 ease-in-out\">Alt notalarda ambroxol ve cashmeran gibi odunsu-balsamik notalar bulunur b<\/span>u yap\u0131 sayesinde <strong data-start=\"374\" data-end=\"397\">tazelik ve su hissi<\/strong>, orta k\u0131s\u0131mdan itibaren <strong data-start=\"422\" data-end=\"447\">ye\u015fil bitkisel tonlar<\/strong> ve alt k\u0131s\u0131mda <strong data-start=\"463\" data-end=\"488\">derin, dumanl\u0131 odunsu<\/strong> bir karakter elde edilir. Yani ferah ba\u015flang\u0131c\u0131n ard\u0131ndan sofistike, s\u0131cak ve mask\u00fclen bir iz b\u0131rak\u0131r.<\/p>\n<p>&nbsp; &nbsp; &nbsp; &nbsp;&nbsp;<span class=\"relative -mx-px my-[-0.2rem] rounded px-px py-[0.2rem] transition-colors duration-100 ease-in-out\"><strong data-start=\"0\" data-end=\"16\" data-is-only-node=\"\">\u00dcst notalar:<\/strong> Deniz notalar\u0131 (aqua\/sea notes), bergamot<\/span><\/p>\n<ul>\n<li data-start=\"119\" data-end=\"198\">\n<p data-start=\"121\" data-end=\"198\"><span class=\"relative -mx-px my-[-0.2rem] rounded px-px py-[0.2rem] transition-colors duration-100 ease-in-out\"><strong data-start=\"0\" data-end=\"17\" data-is-only-node=\"\">Orta notalar:<\/strong> Biberiye, ada\u00e7ay\u0131, sardunya (geranium)<\/span><\/p>\n<\/li>\n<li data-start=\"199\" data-end=\"276\">\n<p data-start=\"201\" data-end=\"276\"><span class=\"relative -mx-px my-[-0.2rem] rounded px-px py-[0.2rem] transition-colors duration-100 ease-in-out\"><strong data-start=\"0\" data-end=\"16\" data-is-only-node=\"\">Alt notalar:<\/strong> T\u00fcts\u00fc<\/span><\/p>\n<\/li>\n<\/ul>","protected":false},"excerpt":{"rendered":"<p>Alt notalarda ambroxol ve cashmeran gibi odunsu-balsamik notalar bulunur bu yap\u0131 sayesinde tazelik ve su hissi, orta k\u0131s\u0131mdan itibaren ye\u015fil bitkisel tonlar ve alt k\u0131s\u0131mda derin, dumanl\u0131 odunsu bir karakter elde edilir. Yani ferah ba\u015flang\u0131c\u0131n ard\u0131ndan sofistike, s\u0131cak ve mask\u00fclen bir iz b\u0131rak\u0131r. &nbsp; &nbsp; &nbsp; &nbsp;&nbsp;\u00dcst notalar: Deniz notalar\u0131 (aqua\/sea notes), bergamot Orta notalar: [&hellip;]<\/p>","protected":false},"featured_media":13328,"comment_status":"open","ping_status":"closed","template":"","meta":[],"product_brand":[],"product_cat":[146,112],"product_tag":[],"class_list":{"0":"post-13278","1":"product","2":"type-product","3":"status-publish","4":"has-post-thumbnail","6":"product_cat-ithal-erkek-parfum","7":"product_cat-ithal-parfum","9":"first","10":"instock","11":"sale","12":"shipping-taxable","13":"purchasable","14":"product-type-simple"},"jetpack_sharing_enabled":true,"_links":{"self":[{"href":"https:\/\/www.europesstore.com\/en\/wp-json\/wp\/v2\/product\/13278","targetHints":{"allow":["GET"]}}],"collection":[{"href":"https:\/\/www.europesstore.com\/en\/wp-json\/wp\/v2\/product"}],"about":[{"href":"https:\/\/www.europesstore.com\/en\/wp-json\/wp\/v2\/types\/product"}],"replies":[{"embeddable":true,"href":"https:\/\/www.europesstore.com\/en\/wp-json\/wp\/v2\/comments?post=13278"}],"wp:featuredmedia":[{"embeddable":true,"href":"https:\/\/www.europesstore.com\/en\/wp-json\/wp\/v2\/media\/13328"}],"wp:attachment":[{"href":"https:\/\/www.europesstore.com\/en\/wp-json\/wp\/v2\/media?parent=13278"}],"wp:term":[{"taxonomy":"product_brand","embeddable":true,"href":"https:\/\/www.europesstore.com\/en\/wp-json\/wp\/v2\/product_brand?post=13278"},{"taxonomy":"product_cat","embeddable":true,"href":"https:\/\/www.europesstore.com\/en\/wp-json\/wp\/v2\/product_cat?post=13278"},{"taxonomy":"product_tag","embeddable":true,"href":"https:\/\/www.europesstore.com\/en\/wp-json\/wp\/v2\/product_tag?post=13278"}],"curies":[{"name":"wp","href":"https:\/\/api.w.org\/{rel}","templated":true}]}}