{"id":13279,"date":"2025-12-06T10:26:50","date_gmt":"2025-12-06T10:26:50","guid":{"rendered":"https:\/\/europesstore.com\/?post_type=product&#038;p=13279"},"modified":"2025-12-06T10:26:50","modified_gmt":"2025-12-06T10:26:50","slug":"hugo-boss-red-erkek-tester-parfum-150-ml","status":"publish","type":"product","link":"https:\/\/www.europesstore.com\/en\/product\/hugo-boss-red-erkek-tester-parfum-150-ml\/","title":{"rendered":"Hugo Boss Red Erkek Tester Parf\u00fcm 150 ML"},"content":{"rendered":"<p><span style=\", Helvetica, sans-serif;font-size:12px\"><span style=\"float:none;font-style:normal;font-weight:300;letter-spacing:normal;text-align:left;text-indent:0px;text-transform:none\">Greyfurt ve ravent harman\u0131 ile metalik vurgu , s\u0131cak sedir a\u011fac\u0131 ve k\u0131rm\u0131z\u0131 s\u0131cak metal olu\u015fumuyla size ger\u00e7ek bir his uyand\u0131ran \u00fcr\u00fcn raflardaki yerlerini ald\u0131. K\u0131rm\u0131z\u0131 canl\u0131 rengi ve spor kapa\u011f\u0131 sizlere etkileyici ve \u015f\u0131k bir tasar\u0131m sunmakla kalmay\u0131p g\u00f6renleri hayrete d\u00fc\u015f\u00fcrmeye yetecek cinsten bir \u00fcr\u00fcnd\u00fcr. \u0130\u00e7eri\u011findeki esanslar\u0131ndan kendinizi alamayacak ve daha ferah bir kokuya sahip olacaks\u0131n\u0131z. Sadece erkeklere de\u011fil kokuyu hisseden kad\u0131nlara da hitap eden bir \u00fcr\u00fcn olmakla kalmay\u0131p etki alan\u0131 olduk\u00e7a geni\u015ftir.<\/span><\/span><\/p>","protected":false},"excerpt":{"rendered":"<p>Greyfurt ve ravent harman\u0131 ile metalik vurgu , s\u0131cak sedir a\u011fac\u0131 ve k\u0131rm\u0131z\u0131 s\u0131cak metal olu\u015fumuyla size ger\u00e7ek bir his uyand\u0131ran \u00fcr\u00fcn raflardaki yerlerini ald\u0131. K\u0131rm\u0131z\u0131 canl\u0131 rengi ve spor kapa\u011f\u0131 sizlere etkileyici ve \u015f\u0131k bir tasar\u0131m sunmakla kalmay\u0131p g\u00f6renleri hayrete d\u00fc\u015f\u00fcrmeye yetecek cinsten bir \u00fcr\u00fcnd\u00fcr. \u0130\u00e7eri\u011findeki esanslar\u0131ndan kendinizi alamayacak ve daha ferah bir kokuya [&hellip;]<\/p>","protected":false},"featured_media":13336,"comment_status":"open","ping_status":"closed","template":"","meta":[],"product_brand":[],"product_cat":[146,112],"product_tag":[],"class_list":{"0":"post-13279","1":"product","2":"type-product","3":"status-publish","4":"has-post-thumbnail","6":"product_cat-ithal-erkek-parfum","7":"product_cat-ithal-parfum","9":"first","10":"instock","11":"sale","12":"shipping-taxable","13":"purchasable","14":"product-type-simple"},"jetpack_sharing_enabled":true,"_links":{"self":[{"href":"https:\/\/www.europesstore.com\/en\/wp-json\/wp\/v2\/product\/13279","targetHints":{"allow":["GET"]}}],"collection":[{"href":"https:\/\/www.europesstore.com\/en\/wp-json\/wp\/v2\/product"}],"about":[{"href":"https:\/\/www.europesstore.com\/en\/wp-json\/wp\/v2\/types\/product"}],"replies":[{"embeddable":true,"href":"https:\/\/www.europesstore.com\/en\/wp-json\/wp\/v2\/comments?post=13279"}],"wp:featuredmedia":[{"embeddable":true,"href":"https:\/\/www.europesstore.com\/en\/wp-json\/wp\/v2\/media\/13336"}],"wp:attachment":[{"href":"https:\/\/www.europesstore.com\/en\/wp-json\/wp\/v2\/media?parent=13279"}],"wp:term":[{"taxonomy":"product_brand","embeddable":true,"href":"https:\/\/www.europesstore.com\/en\/wp-json\/wp\/v2\/product_brand?post=13279"},{"taxonomy":"product_cat","embeddable":true,"href":"https:\/\/www.europesstore.com\/en\/wp-json\/wp\/v2\/product_cat?post=13279"},{"taxonomy":"product_tag","embeddable":true,"href":"https:\/\/www.europesstore.com\/en\/wp-json\/wp\/v2\/product_tag?post=13279"}],"curies":[{"name":"wp","href":"https:\/\/api.w.org\/{rel}","templated":true}]}}