{"id":13280,"date":"2025-12-06T10:26:50","date_gmt":"2025-12-06T10:26:50","guid":{"rendered":"https:\/\/europesstore.com\/?post_type=product&#038;p=13280"},"modified":"2025-12-06T10:26:50","modified_gmt":"2025-12-06T10:26:50","slug":"hugo-man-boss-eau-de-erkek-tester-parfum-150-ml","status":"publish","type":"product","link":"https:\/\/www.europesstore.com\/en\/product\/hugo-man-boss-eau-de-erkek-tester-parfum-150-ml\/","title":{"rendered":"Hugo Man Boss- Eau de Erkek Tester Parf\u00fcm 150 ML"},"content":{"rendered":"<p style=\"font-family:AvantGardeMedium, Arial, sans-serif;font-size:16px;font-style:normal;font-weight:400;letter-spacing:0.4px;line-height:24px;margin:0px 0px 1.5em;padding:0px;text-align:start;text-indent:0px;text-transform:none\">Erkeksi ve kesinlikle farkl\u0131 olan Hugo Man, orijinal, taze ve hafif bir koku.<\/p>\n<p style=\"font-family:AvantGardeMedium, Arial, sans-serif;font-size:16px;font-style:normal;font-weight:400;letter-spacing:0.4px;line-height:24px;margin:0px 0px 1.5em;padding:0px;text-align:start;text-indent:0px;text-transform:none\">Endi\u015felenmeden hayat\u0131n tad\u0131n\u0131 \u00e7\u0131karan iyimser erkekler i\u00e7in. Tepeden t\u0131rna\u011fa yenilik\u00e7i ve taze Hugo Man \u00fcr\u00fcnleri.<\/p>\n<p style=\"font-family:AvantGardeMedium, Arial, sans-serif;font-size:16px;font-style:normal;font-weight:400;letter-spacing:0.4px;line-height:24px;margin:0px 0px 1.5em;padding:0px;text-align:start;text-indent:0px;text-transform:none\">Hayat\u0131 kendi oyun alan\u0131nda ya\u015famak i\u00e7in taze ve odunsu kokusu ile sizler i\u00e7in tasarland\u0131.<\/p>","protected":false},"excerpt":{"rendered":"<p>Erkeksi ve kesinlikle farkl\u0131 olan Hugo Man, orijinal, taze ve hafif bir koku. Endi\u015felenmeden hayat\u0131n tad\u0131n\u0131 \u00e7\u0131karan iyimser erkekler i\u00e7in. Tepeden t\u0131rna\u011fa yenilik\u00e7i ve taze Hugo Man \u00fcr\u00fcnleri. Hayat\u0131 kendi oyun alan\u0131nda ya\u015famak i\u00e7in taze ve odunsu kokusu ile sizler i\u00e7in tasarland\u0131.<\/p>","protected":false},"featured_media":13337,"comment_status":"open","ping_status":"closed","template":"","meta":[],"product_brand":[],"product_cat":[146,112],"product_tag":[],"class_list":{"0":"post-13280","1":"product","2":"type-product","3":"status-publish","4":"has-post-thumbnail","6":"product_cat-ithal-erkek-parfum","7":"product_cat-ithal-parfum","9":"first","10":"instock","11":"sale","12":"shipping-taxable","13":"purchasable","14":"product-type-simple"},"jetpack_sharing_enabled":true,"_links":{"self":[{"href":"https:\/\/www.europesstore.com\/en\/wp-json\/wp\/v2\/product\/13280","targetHints":{"allow":["GET"]}}],"collection":[{"href":"https:\/\/www.europesstore.com\/en\/wp-json\/wp\/v2\/product"}],"about":[{"href":"https:\/\/www.europesstore.com\/en\/wp-json\/wp\/v2\/types\/product"}],"replies":[{"embeddable":true,"href":"https:\/\/www.europesstore.com\/en\/wp-json\/wp\/v2\/comments?post=13280"}],"wp:featuredmedia":[{"embeddable":true,"href":"https:\/\/www.europesstore.com\/en\/wp-json\/wp\/v2\/media\/13337"}],"wp:attachment":[{"href":"https:\/\/www.europesstore.com\/en\/wp-json\/wp\/v2\/media?parent=13280"}],"wp:term":[{"taxonomy":"product_brand","embeddable":true,"href":"https:\/\/www.europesstore.com\/en\/wp-json\/wp\/v2\/product_brand?post=13280"},{"taxonomy":"product_cat","embeddable":true,"href":"https:\/\/www.europesstore.com\/en\/wp-json\/wp\/v2\/product_cat?post=13280"},{"taxonomy":"product_tag","embeddable":true,"href":"https:\/\/www.europesstore.com\/en\/wp-json\/wp\/v2\/product_tag?post=13280"}],"curies":[{"name":"wp","href":"https:\/\/api.w.org\/{rel}","templated":true}]}}