{"id":13281,"date":"2025-12-06T10:26:50","date_gmt":"2025-12-06T10:26:50","guid":{"rendered":"https:\/\/europesstore.com\/?post_type=product&#038;p=13281"},"modified":"2025-12-06T10:26:50","modified_gmt":"2025-12-06T10:26:50","slug":"bleu-de-chanel-eau-de-erkek-tester-parfum-100-ml","status":"publish","type":"product","link":"https:\/\/www.europesstore.com\/en\/product\/bleu-de-chanel-eau-de-erkek-tester-parfum-100-ml\/","title":{"rendered":"Bleu De Chanel Eau De Erkek Tester Parf\u00fcm 100 ML"},"content":{"rendered":"<p><span style=\"font-family:Arial, sans-serif;font-size:16px\"><span style=\"float:none;font-style:normal;font-weight:400;letter-spacing:0.4px;text-align:start;text-indent:0px;text-transform:none\">Aromatik-odunsu karakteri ve dikkat \u00e7eken kokusu ile \u00f6zg\u00fcr erke\u011fe \u00f6vg\u00fc. Mavinin gizemli ve koyu bir tonundaki \u015fi\u015fesiyle zamandan ba\u011f\u0131ms\u0131z bir parf\u00fcm.<\/span><\/span><\/p>\n<p><span style=\"font-family:Arial, sans-serif;font-size:16px\"><span style=\"float:none;font-style:normal;font-weight:400;letter-spacing:0.4px;text-align:start;text-indent:0px;text-transform:none\">Zarif kokusu ile BLEU DE CHANEL&#8217;in eau de parfum versiyonu, kararl\u0131l\u0131\u011f\u0131 simgeleyen bir karakteri ortaya \u00e7\u0131kar\u0131r.<\/span><\/span><\/p>","protected":false},"excerpt":{"rendered":"<p>Aromatik-odunsu karakteri ve dikkat \u00e7eken kokusu ile \u00f6zg\u00fcr erke\u011fe \u00f6vg\u00fc. Mavinin gizemli ve koyu bir tonundaki \u015fi\u015fesiyle zamandan ba\u011f\u0131ms\u0131z bir parf\u00fcm. Zarif kokusu ile BLEU DE CHANEL&#8217;in eau de parfum versiyonu, kararl\u0131l\u0131\u011f\u0131 simgeleyen bir karakteri ortaya \u00e7\u0131kar\u0131r.<\/p>","protected":false},"featured_media":13338,"comment_status":"open","ping_status":"closed","template":"","meta":[],"product_brand":[],"product_cat":[146,112],"product_tag":[],"class_list":{"0":"post-13281","1":"product","2":"type-product","3":"status-publish","4":"has-post-thumbnail","6":"product_cat-ithal-erkek-parfum","7":"product_cat-ithal-parfum","9":"first","10":"instock","11":"sale","12":"shipping-taxable","13":"purchasable","14":"product-type-simple"},"jetpack_sharing_enabled":true,"_links":{"self":[{"href":"https:\/\/www.europesstore.com\/en\/wp-json\/wp\/v2\/product\/13281","targetHints":{"allow":["GET"]}}],"collection":[{"href":"https:\/\/www.europesstore.com\/en\/wp-json\/wp\/v2\/product"}],"about":[{"href":"https:\/\/www.europesstore.com\/en\/wp-json\/wp\/v2\/types\/product"}],"replies":[{"embeddable":true,"href":"https:\/\/www.europesstore.com\/en\/wp-json\/wp\/v2\/comments?post=13281"}],"wp:featuredmedia":[{"embeddable":true,"href":"https:\/\/www.europesstore.com\/en\/wp-json\/wp\/v2\/media\/13338"}],"wp:attachment":[{"href":"https:\/\/www.europesstore.com\/en\/wp-json\/wp\/v2\/media?parent=13281"}],"wp:term":[{"taxonomy":"product_brand","embeddable":true,"href":"https:\/\/www.europesstore.com\/en\/wp-json\/wp\/v2\/product_brand?post=13281"},{"taxonomy":"product_cat","embeddable":true,"href":"https:\/\/www.europesstore.com\/en\/wp-json\/wp\/v2\/product_cat?post=13281"},{"taxonomy":"product_tag","embeddable":true,"href":"https:\/\/www.europesstore.com\/en\/wp-json\/wp\/v2\/product_tag?post=13281"}],"curies":[{"name":"wp","href":"https:\/\/api.w.org\/{rel}","templated":true}]}}