{"id":13293,"date":"2025-12-06T10:26:49","date_gmt":"2025-12-06T10:26:49","guid":{"rendered":"https:\/\/europesstore.com\/?post_type=product&#038;p=13293"},"modified":"2025-12-06T10:26:49","modified_gmt":"2025-12-06T10:26:49","slug":"victorias-secret-bombshell-st-tropez-eau-de-kadin-tester-parfum-100-ml","status":"publish","type":"product","link":"https:\/\/www.europesstore.com\/en\/product\/victorias-secret-bombshell-st-tropez-eau-de-kadin-tester-parfum-100-ml\/","title":{"rendered":"Victor\u0131a&#8217;s Secret Bombshell St. Tropez Eau De Kad\u0131n Tester Parf\u00fcm 100 ML"},"content":{"rendered":"<p><span style=\"font-family: Inter, sans-serif; font-size: 12.95px;\"><span style=\"float: none; font-style: normal; font-weight: 400; letter-spacing: normal; text-align: start; text-indent: 0px; text-transform: none;\">Nadir bulunan pembe bir ananas, kokunun a\u00e7\u0131l\u0131\u015f\u0131nda canl\u0131 bir sulu meyve ak\u0131\u015f\u0131 ortaya \u00e7\u0131kar\u0131r. Kalbinde, k\u0131y\u0131 \u015fakay\u0131\u011f\u0131, bulunan bir cenneti m\u00fckemmel bir \u015fekilde kaps\u00fclleyen bir \u00e7i\u00e7ek \u0131\u015f\u0131lt\u0131s\u0131 art\u0131\u015f\u0131 sa\u011flar. Miskin zahmetsiz rahatl\u0131\u011f\u0131, g\u00fcne\u015fin alt\u0131nda kal\u0131c\u0131 bir an i\u00e7in parlayan bir parlakl\u0131k ortaya \u00e7\u0131kar\u0131r. Koku t\u00fcr\u00fc: Meyveli \u00c7i\u00e7eksi Notlar: pembe ananas, k\u0131y\u0131 \u015fakay\u0131\u011f\u0131, parlak misk Eau de Parfum, kokunun en yo\u011fun, saf versiyonudur<\/span><\/span><\/p>","protected":false},"excerpt":{"rendered":"<p>Nadir bulunan pembe bir ananas, kokunun a\u00e7\u0131l\u0131\u015f\u0131nda canl\u0131 bir sulu meyve ak\u0131\u015f\u0131 ortaya \u00e7\u0131kar\u0131r. Kalbinde, k\u0131y\u0131 \u015fakay\u0131\u011f\u0131, bulunan bir cenneti m\u00fckemmel bir \u015fekilde kaps\u00fclleyen bir \u00e7i\u00e7ek \u0131\u015f\u0131lt\u0131s\u0131 art\u0131\u015f\u0131 sa\u011flar. Miskin zahmetsiz rahatl\u0131\u011f\u0131, g\u00fcne\u015fin alt\u0131nda kal\u0131c\u0131 bir an i\u00e7in parlayan bir parlakl\u0131k ortaya \u00e7\u0131kar\u0131r. Koku t\u00fcr\u00fc: Meyveli \u00c7i\u00e7eksi Notlar: pembe ananas, k\u0131y\u0131 \u015fakay\u0131\u011f\u0131, parlak misk Eau [&hellip;]<\/p>","protected":false},"featured_media":13350,"comment_status":"open","ping_status":"closed","template":"","meta":[],"product_brand":[],"product_cat":[144,112],"product_tag":[],"class_list":{"0":"post-13293","1":"product","2":"type-product","3":"status-publish","4":"has-post-thumbnail","6":"product_cat-ithal-kadin-parfum","7":"product_cat-ithal-parfum","9":"first","10":"instock","11":"sale","12":"shipping-taxable","13":"purchasable","14":"product-type-simple"},"jetpack_sharing_enabled":true,"_links":{"self":[{"href":"https:\/\/www.europesstore.com\/en\/wp-json\/wp\/v2\/product\/13293","targetHints":{"allow":["GET"]}}],"collection":[{"href":"https:\/\/www.europesstore.com\/en\/wp-json\/wp\/v2\/product"}],"about":[{"href":"https:\/\/www.europesstore.com\/en\/wp-json\/wp\/v2\/types\/product"}],"replies":[{"embeddable":true,"href":"https:\/\/www.europesstore.com\/en\/wp-json\/wp\/v2\/comments?post=13293"}],"wp:featuredmedia":[{"embeddable":true,"href":"https:\/\/www.europesstore.com\/en\/wp-json\/wp\/v2\/media\/13350"}],"wp:attachment":[{"href":"https:\/\/www.europesstore.com\/en\/wp-json\/wp\/v2\/media?parent=13293"}],"wp:term":[{"taxonomy":"product_brand","embeddable":true,"href":"https:\/\/www.europesstore.com\/en\/wp-json\/wp\/v2\/product_brand?post=13293"},{"taxonomy":"product_cat","embeddable":true,"href":"https:\/\/www.europesstore.com\/en\/wp-json\/wp\/v2\/product_cat?post=13293"},{"taxonomy":"product_tag","embeddable":true,"href":"https:\/\/www.europesstore.com\/en\/wp-json\/wp\/v2\/product_tag?post=13293"}],"curies":[{"name":"wp","href":"https:\/\/api.w.org\/{rel}","templated":true}]}}