{"id":13294,"date":"2025-12-06T10:26:49","date_gmt":"2025-12-06T10:26:49","guid":{"rendered":"https:\/\/europesstore.com\/?post_type=product&#038;p=13294"},"modified":"2025-12-06T10:26:49","modified_gmt":"2025-12-06T10:26:49","slug":"victorias-secret-bombshell-santorini-eau-de-kadin-tester-parfum-100-ml","status":"publish","type":"product","link":"https:\/\/www.europesstore.com\/en\/product\/victorias-secret-bombshell-santorini-eau-de-kadin-tester-parfum-100-ml\/","title":{"rendered":"Victor\u0131a&#8217;s Secret Bombshell Santorini  Eau De Kad\u0131n Tester Parf\u00fcm 100 ML"},"content":{"rendered":"<p><span style=\"font-family:Inter, sans-serif;font-size:12.95px\"><span style=\"float:none;font-style:normal;font-weight:400;letter-spacing:normal;text-align:start;text-indent:0px;text-transform:none\">Bombshell Getaway koleksiyonunun bir par\u00e7as\u0131d\u0131r. Okyanus havas\u0131n\u0131n ho\u015f ve nazik esintisi, kokuyu taze ve tan\u0131d\u0131k bir mineral y\u00f6n\u00fcyle doldurur. Kalbinde, k\u0131y\u0131 \u015fakay\u0131\u011f\u0131, bulunan bir cenneti m\u00fckemmel bir \u015fekilde kaps\u00fclleyen bir \u00e7i\u00e7ek parlakl\u0131\u011f\u0131 art\u0131\u015f\u0131 sa\u011flar. Tuzlu bir vanilya g\u00fcnd\u00f6n\u00fcm\u00fc, kokuyu kabar\u0131k, ancak hafif bir s\u0131cakl\u0131\u011fa sabitler. Koku t\u00fcr\u00fc: Taze Vanilya Notlar: okyanus esintisi, k\u0131y\u0131 \u015fakay\u0131\u011f\u0131, tuzlu vanilya Eau de Parfum, kokunun en yo\u011fun, saf versiyonudur<\/span><\/span><\/p>","protected":false},"excerpt":{"rendered":"<p>Bombshell Getaway koleksiyonunun bir par\u00e7as\u0131d\u0131r. Okyanus havas\u0131n\u0131n ho\u015f ve nazik esintisi, kokuyu taze ve tan\u0131d\u0131k bir mineral y\u00f6n\u00fcyle doldurur. Kalbinde, k\u0131y\u0131 \u015fakay\u0131\u011f\u0131, bulunan bir cenneti m\u00fckemmel bir \u015fekilde kaps\u00fclleyen bir \u00e7i\u00e7ek parlakl\u0131\u011f\u0131 art\u0131\u015f\u0131 sa\u011flar. Tuzlu bir vanilya g\u00fcnd\u00f6n\u00fcm\u00fc, kokuyu kabar\u0131k, ancak hafif bir s\u0131cakl\u0131\u011fa sabitler. Koku t\u00fcr\u00fc: Taze Vanilya Notlar: okyanus esintisi, k\u0131y\u0131 \u015fakay\u0131\u011f\u0131, tuzlu [&hellip;]<\/p>","protected":false},"featured_media":13351,"comment_status":"open","ping_status":"closed","template":"","meta":[],"product_brand":[],"product_cat":[144,112],"product_tag":[],"class_list":{"0":"post-13294","1":"product","2":"type-product","3":"status-publish","4":"has-post-thumbnail","6":"product_cat-ithal-kadin-parfum","7":"product_cat-ithal-parfum","9":"first","10":"instock","11":"sale","12":"shipping-taxable","13":"purchasable","14":"product-type-simple"},"jetpack_sharing_enabled":true,"_links":{"self":[{"href":"https:\/\/www.europesstore.com\/en\/wp-json\/wp\/v2\/product\/13294","targetHints":{"allow":["GET"]}}],"collection":[{"href":"https:\/\/www.europesstore.com\/en\/wp-json\/wp\/v2\/product"}],"about":[{"href":"https:\/\/www.europesstore.com\/en\/wp-json\/wp\/v2\/types\/product"}],"replies":[{"embeddable":true,"href":"https:\/\/www.europesstore.com\/en\/wp-json\/wp\/v2\/comments?post=13294"}],"wp:featuredmedia":[{"embeddable":true,"href":"https:\/\/www.europesstore.com\/en\/wp-json\/wp\/v2\/media\/13351"}],"wp:attachment":[{"href":"https:\/\/www.europesstore.com\/en\/wp-json\/wp\/v2\/media?parent=13294"}],"wp:term":[{"taxonomy":"product_brand","embeddable":true,"href":"https:\/\/www.europesstore.com\/en\/wp-json\/wp\/v2\/product_brand?post=13294"},{"taxonomy":"product_cat","embeddable":true,"href":"https:\/\/www.europesstore.com\/en\/wp-json\/wp\/v2\/product_cat?post=13294"},{"taxonomy":"product_tag","embeddable":true,"href":"https:\/\/www.europesstore.com\/en\/wp-json\/wp\/v2\/product_tag?post=13294"}],"curies":[{"name":"wp","href":"https:\/\/api.w.org\/{rel}","templated":true}]}}