{"id":13295,"date":"2025-12-06T10:26:49","date_gmt":"2025-12-06T10:26:49","guid":{"rendered":"https:\/\/europesstore.com\/?post_type=product&#038;p=13295"},"modified":"2025-12-06T10:26:49","modified_gmt":"2025-12-06T10:26:49","slug":"victorias-secret-bombshell-eau-de-kadin-tester-parfum-100-ml","status":"publish","type":"product","link":"https:\/\/www.europesstore.com\/en\/product\/victorias-secret-bombshell-eau-de-kadin-tester-parfum-100-ml\/","title":{"rendered":"Victor\u0131a&#8217;s Secret Bombshell Eau De Kad\u0131n Tester Parf\u00fcm 100 ML"},"content":{"rendered":"<div id=\"divTabOzellikler\" class=\"urunDetayPanel\" style=\"border-style: none; clear: both; float: left; , sans-serif;font-size: 11px; font-style: normal; font-weight: 400; letter-spacing: 0.44px; padding: 0px; text-align: start; text-indent: 0px; text-transform: none; width: 620px;\">\n<div class=\"urunTabAlt\" style=\"float: left; padding: 0px; width: 620px;\">\n<p>Her kad\u0131n\u0131n i\u00e7inde bir Bombshell vard\u0131r. \u00a0\u00d6zg\u00fcvenli, cesur, taze \u015fakay\u0131k ve g\u00fcn bat\u0131m\u0131 g\u00fcne\u015finin \u0131\u015f\u0131lt\u0131l\u0131 bir kar\u0131\u015f\u0131m\u0131. Turun\u00e7gil notalar\u0131 ve Brezilya Mor \u00c7ark\u0131felek Meyvesi, Bombshell\u2019i parlak egzotik \u0131\u015f\u0131lt\u0131larla harekete ge\u00e7iriyor. Kokunun kalbinde, Bombshell\u2019in ikonik \u00e7i\u00e7e\u011fi olan Tibet\u2019ten Shangri-la \u015eakay\u0131k var. Madagaskar Vanilya Orkidesi de kremsi ve ho\u015f bir \u00f6zellik kat\u0131yor. \u0130talyan G\u00fcne\u015fle Bulu\u015fmu\u015f \u00c7am ise, Bombshell\u2019e e\u015fsiz aromatik dokunu\u015funu veriyor. Eskiden erkeksi kokulara ayr\u0131lm\u0131\u015f, fakat Bombshell\u2019in yarat\u0131lmas\u0131yla kad\u0131nlar i\u00e7in \u00f6nc\u00fc olmu\u015f bu nota, g\u00fcn bat\u0131m\u0131 g\u00fcne\u015finin Ligurya \u00c7am\u0131n\u0131 \u0131s\u0131tt\u0131\u011f\u0131 anda \u00f6ne \u00e7\u0131k\u0131yor.<\/p>\n<ul style=\"font-size: 11px; margin-bottom: 0px; margin-right: 0px; margin-top: 5px; padding: 0px !important;\">\n<li style=\"clear: both; font-size: 11px; margin-bottom: 0px; margin-right: 0px; margin-top: 5px; padding: 0px !important;\">\n<p style=\"margin-left: !important;\">Bay\u0131ld\u0131\u011f\u0131n\u0131z koku, yeni muhte\u015fem \u015fi\u015fesinde<\/p>\n<\/li>\n<li style=\"clear: both; font-size: 11px; margin-bottom: 0px; margin-right: 0px; margin-top: 5px; padding: 0px !important;\">\n<p style=\"margin-left: !important;\">Eau de Parfum, kokular\u0131m\u0131z\u0131n en yo\u011fun ve en saf hali.<\/p>\n<\/li>\n<li style=\"clear: both; font-size: 11px; margin-bottom: 0px; margin-right: 0px; margin-top: 5px; padding: 0px !important;\">\n<p style=\"margin-left: !important;\">Koku t\u00fcr\u00fc: Meyveli \u00c7i\u00e7eksi<\/p>\n<\/li>\n<li style=\"clear: both; font-size: 11px; margin-bottom: 0px; margin-right: 0px; margin-top: 5px; padding: 0px !important;\">\n<p style=\"margin-left: !important;\">Notalar: Mor \u00c7ark\u0131felek Meyvesi, Shangri-la \u015eakay\u0131k ve Vanilya Orkidesi<\/p>\n<\/li>\n<\/ul>\n<\/div>\n<\/div>","protected":false},"excerpt":{"rendered":"<p>Her kad\u0131n\u0131n i\u00e7inde bir Bombshell vard\u0131r. \u00a0\u00d6zg\u00fcvenli, cesur, taze \u015fakay\u0131k ve g\u00fcn bat\u0131m\u0131 g\u00fcne\u015finin \u0131\u015f\u0131lt\u0131l\u0131 bir kar\u0131\u015f\u0131m\u0131. Turun\u00e7gil notalar\u0131 ve Brezilya Mor \u00c7ark\u0131felek Meyvesi, Bombshell\u2019i parlak egzotik \u0131\u015f\u0131lt\u0131larla harekete ge\u00e7iriyor. Kokunun kalbinde, Bombshell\u2019in ikonik \u00e7i\u00e7e\u011fi olan Tibet\u2019ten Shangri-la \u015eakay\u0131k var. Madagaskar Vanilya Orkidesi de kremsi ve ho\u015f bir \u00f6zellik kat\u0131yor. \u0130talyan G\u00fcne\u015fle Bulu\u015fmu\u015f \u00c7am ise, [&hellip;]<\/p>","protected":false},"featured_media":13352,"comment_status":"open","ping_status":"closed","template":"","meta":[],"product_brand":[],"product_cat":[144,112],"product_tag":[],"class_list":{"0":"post-13295","1":"product","2":"type-product","3":"status-publish","4":"has-post-thumbnail","6":"product_cat-ithal-kadin-parfum","7":"product_cat-ithal-parfum","9":"first","10":"instock","11":"sale","12":"shipping-taxable","13":"purchasable","14":"product-type-simple"},"jetpack_sharing_enabled":true,"_links":{"self":[{"href":"https:\/\/www.europesstore.com\/en\/wp-json\/wp\/v2\/product\/13295","targetHints":{"allow":["GET"]}}],"collection":[{"href":"https:\/\/www.europesstore.com\/en\/wp-json\/wp\/v2\/product"}],"about":[{"href":"https:\/\/www.europesstore.com\/en\/wp-json\/wp\/v2\/types\/product"}],"replies":[{"embeddable":true,"href":"https:\/\/www.europesstore.com\/en\/wp-json\/wp\/v2\/comments?post=13295"}],"wp:featuredmedia":[{"embeddable":true,"href":"https:\/\/www.europesstore.com\/en\/wp-json\/wp\/v2\/media\/13352"}],"wp:attachment":[{"href":"https:\/\/www.europesstore.com\/en\/wp-json\/wp\/v2\/media?parent=13295"}],"wp:term":[{"taxonomy":"product_brand","embeddable":true,"href":"https:\/\/www.europesstore.com\/en\/wp-json\/wp\/v2\/product_brand?post=13295"},{"taxonomy":"product_cat","embeddable":true,"href":"https:\/\/www.europesstore.com\/en\/wp-json\/wp\/v2\/product_cat?post=13295"},{"taxonomy":"product_tag","embeddable":true,"href":"https:\/\/www.europesstore.com\/en\/wp-json\/wp\/v2\/product_tag?post=13295"}],"curies":[{"name":"wp","href":"https:\/\/api.w.org\/{rel}","templated":true}]}}