{"id":13302,"date":"2025-12-06T10:26:49","date_gmt":"2025-12-06T10:26:49","guid":{"rendered":"https:\/\/europesstore.com\/?post_type=product&#038;p=13302"},"modified":"2025-12-06T10:26:49","modified_gmt":"2025-12-06T10:26:49","slug":"victorias-secret-bombshell-sundrenched-eau-de-kadin-tester-parfum-100-ml","status":"publish","type":"product","link":"https:\/\/www.europesstore.com\/en\/product\/victorias-secret-bombshell-sundrenched-eau-de-kadin-tester-parfum-100-ml\/","title":{"rendered":"Victor\u0131a&#8217;s Secret Bombshell Sundrenched Eau De Kad\u0131n Tester Parf\u00fcm 100 ML"},"content":{"rendered":"<div class=\"urunTab\" style=\"float:left;, sans-serif;font-size:11px;font-style:normal;font-weight:400;letter-spacing:0.44px;margin-bottom:0px;text-align:start;text-indent:0px;text-transform:none;width:620px\">\n<p style=\"margin-left:0px\">B\u0131rak\u0131n g\u00fcne\u015f \u0131\u015f\u0131ldas\u0131n. S\u0131n\u0131rl\u0131 \u00fcretim Bombshell Sundrenched, Hindistan cevizi suyunun ferahl\u0131\u011f\u0131yla kap\u0131lar\u0131n\u0131 a\u00e7\u0131yor. Orta notas\u0131nda ise, yaz\u0131n ba\u015f\u0131nda ilk \u00e7i\u00e7ek a\u00e7an \u015fakay\u0131klardan biri olan imzam\u0131z g\u00fcn bat\u0131m\u0131 mercan \u015fakay\u0131ktan olu\u015fuyor. Bu zarif \u00e7i\u00e7ekli koku, guava \u00e7i\u00e7e\u011finin parlak ve tropik sulu \u00f6zelli\u011fiyle birle\u015fiyor. Sahil havas\u0131 ise, tuzlu deniz spreyi ve g\u00fcne\u015fle bulu\u015fmu\u015f bir ten hissi veren \u00f6zel s\u0131cak kum akordumuzdan geliyor. I\u015f\u0131lt\u0131l\u0131 ve alt\u0131n renkli bu koku, \u2019 g\u00f6z al\u0131c\u0131 bir tatilin \u015fi\u015fedeki hali gibi!<\/p>\n<ul style=\"float:left;margin-bottom:0px;margin-right:0px;margin-top:0px;padding:0px;vertical-align:top;width:620px\">\n<li style=\"clear:both;font-size:11px;margin-bottom:0px;margin-right:0px;margin-top:5px;padding:0px !important\">\n<p style=\"margin-left:!important\">Koku t\u00fcr\u00fc: Meyveli \u00c7i\u00e7eksi<\/p>\n<\/li>\n<li style=\"clear:both;font-size:11px;margin-bottom:0px;margin-right:0px;margin-top:5px;padding:0px !important\">\n<p style=\"margin-left:!important\">Notalar: g\u00fcn bat\u0131m\u0131 mercan \u015fakay\u0131k, guava \u00e7i\u00e7e\u011fi, s\u0131cak kumlar<\/p>\n<\/li>\n<li style=\"clear:both;font-size:11px;margin-bottom:0px;margin-right:0px;margin-top:5px;padding:0px !important\">\n<p style=\"margin-left:!important\">Eau de Parfum, kokular\u0131m\u0131z\u0131n en yo\u011fun ve en saf halidir.<\/p>\n<\/li>\n<\/ul>\n<\/div>","protected":false},"excerpt":{"rendered":"<p>B\u0131rak\u0131n g\u00fcne\u015f \u0131\u015f\u0131ldas\u0131n. S\u0131n\u0131rl\u0131 \u00fcretim Bombshell Sundrenched, Hindistan cevizi suyunun ferahl\u0131\u011f\u0131yla kap\u0131lar\u0131n\u0131 a\u00e7\u0131yor. Orta notas\u0131nda ise, yaz\u0131n ba\u015f\u0131nda ilk \u00e7i\u00e7ek a\u00e7an \u015fakay\u0131klardan biri olan imzam\u0131z g\u00fcn bat\u0131m\u0131 mercan \u015fakay\u0131ktan olu\u015fuyor. Bu zarif \u00e7i\u00e7ekli koku, guava \u00e7i\u00e7e\u011finin parlak ve tropik sulu \u00f6zelli\u011fiyle birle\u015fiyor. Sahil havas\u0131 ise, tuzlu deniz spreyi ve g\u00fcne\u015fle bulu\u015fmu\u015f bir ten hissi veren [&hellip;]<\/p>","protected":false},"featured_media":13353,"comment_status":"open","ping_status":"closed","template":"","meta":[],"product_brand":[],"product_cat":[144,112],"product_tag":[],"class_list":{"0":"post-13302","1":"product","2":"type-product","3":"status-publish","4":"has-post-thumbnail","6":"product_cat-ithal-kadin-parfum","7":"product_cat-ithal-parfum","9":"first","10":"instock","11":"sale","12":"shipping-taxable","13":"purchasable","14":"product-type-simple"},"jetpack_sharing_enabled":true,"_links":{"self":[{"href":"https:\/\/www.europesstore.com\/en\/wp-json\/wp\/v2\/product\/13302","targetHints":{"allow":["GET"]}}],"collection":[{"href":"https:\/\/www.europesstore.com\/en\/wp-json\/wp\/v2\/product"}],"about":[{"href":"https:\/\/www.europesstore.com\/en\/wp-json\/wp\/v2\/types\/product"}],"replies":[{"embeddable":true,"href":"https:\/\/www.europesstore.com\/en\/wp-json\/wp\/v2\/comments?post=13302"}],"wp:featuredmedia":[{"embeddable":true,"href":"https:\/\/www.europesstore.com\/en\/wp-json\/wp\/v2\/media\/13353"}],"wp:attachment":[{"href":"https:\/\/www.europesstore.com\/en\/wp-json\/wp\/v2\/media?parent=13302"}],"wp:term":[{"taxonomy":"product_brand","embeddable":true,"href":"https:\/\/www.europesstore.com\/en\/wp-json\/wp\/v2\/product_brand?post=13302"},{"taxonomy":"product_cat","embeddable":true,"href":"https:\/\/www.europesstore.com\/en\/wp-json\/wp\/v2\/product_cat?post=13302"},{"taxonomy":"product_tag","embeddable":true,"href":"https:\/\/www.europesstore.com\/en\/wp-json\/wp\/v2\/product_tag?post=13302"}],"curies":[{"name":"wp","href":"https:\/\/api.w.org\/{rel}","templated":true}]}}