{"id":13303,"date":"2025-12-06T10:26:48","date_gmt":"2025-12-06T10:26:48","guid":{"rendered":"https:\/\/europesstore.com\/?post_type=product&#038;p=13303"},"modified":"2025-12-06T10:26:49","modified_gmt":"2025-12-06T10:26:49","slug":"victorias-secret-bombshell-oud-eau-de-kadin-tester-parfum-100-ml","status":"publish","type":"product","link":"https:\/\/www.europesstore.com\/en\/product\/victorias-secret-bombshell-oud-eau-de-kadin-tester-parfum-100-ml\/","title":{"rendered":"Victor\u0131a&#8217;s Secret Bombshell Oud  Eau De Kad\u0131n Tester Parf\u00fcm 100 ML"},"content":{"rendered":"<div class=\"urunTab\" style=\"float:left;, sans-serif;font-size:11px;font-style:normal;font-weight:400;letter-spacing:0.44px;margin-bottom:0px;text-align:start;text-indent:0px;text-transform:none;width:620px\">\n<p style=\", sans-serif;font-size:11px;font-style:normal;font-weight:400;letter-spacing:0.44px;margin:5px 0px 0px !important;padding:0px !important;text-align:start;text-indent:0px;text-transform:none\">\u015eehvetli ve b\u00fcy\u00fcleyici. Yo\u011fun ve egzotik bir dokunu\u015fla Bombshell\u2019in l\u00fcks ve g\u00f6z al\u0131c\u0131 yap\u0131s\u0131 kar\u015f\u0131n\u0131zda. &nbsp;Hem de\u011ferli hem de nadir, \u00e7e\u015fnili Pembe Safran kokuyu harekete a\u00e7\u0131yor. Kalbinde ise Bombshell Koleksiyonunun imza \u00e7i\u00e7e\u011finin koyu t\u00fcr\u00fc var: S\u00fcet \u015eakay\u0131k. T\u00fcm koku y\u0131ld\u0131z maddemizin zengin imzas\u0131 ile haz\u0131rland\u0131: Ud. Kompleks ve dumans\u0131, bu mistik odun teninizde uzun s\u00fcreli yo\u011fun ve s\u0131cak bir \u00e7ekim hissi yarat\u0131yor. G\u00fc\u00e7l\u00fc, narin ve sofistike.<\/p>\n<ul style=\", sans-serif;font-size:11px;font-style:normal;font-weight:400;letter-spacing:0.44px;margin-bottom:0px;margin-right:0px;margin-top:5px;padding:0px !important;text-align:start;text-indent:0px;text-transform:none\">\n<li style=\"clear:both;font-size:11px;margin-bottom:0px;margin-right:0px;margin-top:5px;padding:0px !important\">\n<p style=\"margin-left:!important\">Eau de Parfum, kokular\u0131m\u0131z\u0131n en yo\u011fun ve en saf hali.<\/p>\n<\/li>\n<li style=\"clear:both;font-size:11px;margin-bottom:0px;margin-right:0px;margin-top:5px;padding:0px !important\">\n<p style=\"margin-left:!important\">Koku t\u00fcr\u00fc: Baharatl\u0131<\/p>\n<\/li>\n<li style=\"clear:both;font-size:11px;margin-bottom:0px;margin-right:0px;margin-top:5px;padding:0px !important\">\n<p style=\"margin-left:!important\">Notalar: Pembe Safran ve &nbsp;S\u00fcet \u015eakay\u0131k.<\/p>\n<\/li>\n<\/ul>\n<\/div>","protected":false},"excerpt":{"rendered":"<p>\u015eehvetli ve b\u00fcy\u00fcleyici. Yo\u011fun ve egzotik bir dokunu\u015fla Bombshell\u2019in l\u00fcks ve g\u00f6z al\u0131c\u0131 yap\u0131s\u0131 kar\u015f\u0131n\u0131zda. &nbsp;Hem de\u011ferli hem de nadir, \u00e7e\u015fnili Pembe Safran kokuyu harekete a\u00e7\u0131yor. Kalbinde ise Bombshell Koleksiyonunun imza \u00e7i\u00e7e\u011finin koyu t\u00fcr\u00fc var: S\u00fcet \u015eakay\u0131k. T\u00fcm koku y\u0131ld\u0131z maddemizin zengin imzas\u0131 ile haz\u0131rland\u0131: Ud. Kompleks ve dumans\u0131, bu mistik odun teninizde uzun s\u00fcreli [&hellip;]<\/p>","protected":false},"featured_media":13354,"comment_status":"open","ping_status":"closed","template":"","meta":[],"product_brand":[],"product_cat":[144,112],"product_tag":[],"class_list":{"0":"post-13303","1":"product","2":"type-product","3":"status-publish","4":"has-post-thumbnail","6":"product_cat-ithal-kadin-parfum","7":"product_cat-ithal-parfum","9":"first","10":"instock","11":"sale","12":"shipping-taxable","13":"purchasable","14":"product-type-simple"},"jetpack_sharing_enabled":true,"_links":{"self":[{"href":"https:\/\/www.europesstore.com\/en\/wp-json\/wp\/v2\/product\/13303","targetHints":{"allow":["GET"]}}],"collection":[{"href":"https:\/\/www.europesstore.com\/en\/wp-json\/wp\/v2\/product"}],"about":[{"href":"https:\/\/www.europesstore.com\/en\/wp-json\/wp\/v2\/types\/product"}],"replies":[{"embeddable":true,"href":"https:\/\/www.europesstore.com\/en\/wp-json\/wp\/v2\/comments?post=13303"}],"wp:featuredmedia":[{"embeddable":true,"href":"https:\/\/www.europesstore.com\/en\/wp-json\/wp\/v2\/media\/13354"}],"wp:attachment":[{"href":"https:\/\/www.europesstore.com\/en\/wp-json\/wp\/v2\/media?parent=13303"}],"wp:term":[{"taxonomy":"product_brand","embeddable":true,"href":"https:\/\/www.europesstore.com\/en\/wp-json\/wp\/v2\/product_brand?post=13303"},{"taxonomy":"product_cat","embeddable":true,"href":"https:\/\/www.europesstore.com\/en\/wp-json\/wp\/v2\/product_cat?post=13303"},{"taxonomy":"product_tag","embeddable":true,"href":"https:\/\/www.europesstore.com\/en\/wp-json\/wp\/v2\/product_tag?post=13303"}],"curies":[{"name":"wp","href":"https:\/\/api.w.org\/{rel}","templated":true}]}}