{"id":13304,"date":"2025-12-06T10:26:48","date_gmt":"2025-12-06T10:26:48","guid":{"rendered":"https:\/\/europesstore.com\/?post_type=product&#038;p=13304"},"modified":"2025-12-06T10:26:48","modified_gmt":"2025-12-06T10:26:48","slug":"azzaro-wanted-eau-de-erkek-tester-parfum-100-ml","status":"publish","type":"product","link":"https:\/\/www.europesstore.com\/en\/product\/azzaro-wanted-eau-de-erkek-tester-parfum-100-ml\/","title":{"rendered":"Azzaro Wanted Eau De Erkek Tester Parf\u00fcm 100 ML"},"content":{"rendered":"<p><span style=\", Helvetica, sans-serif;font-size:12px\"><span style=\"float:none;font-style:normal;font-weight:300;letter-spacing:normal;text-align:left;text-indent:0px;text-transform:none\">Tepe Notas\u0131, Baharatl\u0131 Kakulenin t\u00fcts\u00fcl\u00fc Ard\u0131\u00e7 ile kar\u0131\u015f\u0131m\u0131 \u0131\u015f\u0131lt\u0131l\u0131 ve heyecanl\u0131 bir ki\u015filik ortaya \u00e7\u0131kar\u0131r. Kalp Notas\u0131, zencefil ve limonun birle\u015fimi enerjik ve patlay\u0131c\u0131 bir tazelik ortaya \u00e7\u0131kar\u0131r. Dip Notas\u0131, odunsu Vetiver ve \u015fehvetli \u00c7inbaklas\u0131 (Tonka Bean) notalar\u0131 yeni bir b\u00fcy\u00fcleyici ve elegant erkeksili\u011fe imza atar.<\/span><\/span><\/p>","protected":false},"excerpt":{"rendered":"<p>Tepe Notas\u0131, Baharatl\u0131 Kakulenin t\u00fcts\u00fcl\u00fc Ard\u0131\u00e7 ile kar\u0131\u015f\u0131m\u0131 \u0131\u015f\u0131lt\u0131l\u0131 ve heyecanl\u0131 bir ki\u015filik ortaya \u00e7\u0131kar\u0131r. Kalp Notas\u0131, zencefil ve limonun birle\u015fimi enerjik ve patlay\u0131c\u0131 bir tazelik ortaya \u00e7\u0131kar\u0131r. Dip Notas\u0131, odunsu Vetiver ve \u015fehvetli \u00c7inbaklas\u0131 (Tonka Bean) notalar\u0131 yeni bir b\u00fcy\u00fcleyici ve elegant erkeksili\u011fe imza atar.<\/p>","protected":false},"featured_media":13355,"comment_status":"open","ping_status":"closed","template":"","meta":[],"product_brand":[],"product_cat":[146,112],"product_tag":[],"class_list":{"0":"post-13304","1":"product","2":"type-product","3":"status-publish","4":"has-post-thumbnail","6":"product_cat-ithal-erkek-parfum","7":"product_cat-ithal-parfum","9":"first","10":"instock","11":"sale","12":"shipping-taxable","13":"purchasable","14":"product-type-simple"},"jetpack_sharing_enabled":true,"_links":{"self":[{"href":"https:\/\/www.europesstore.com\/en\/wp-json\/wp\/v2\/product\/13304","targetHints":{"allow":["GET"]}}],"collection":[{"href":"https:\/\/www.europesstore.com\/en\/wp-json\/wp\/v2\/product"}],"about":[{"href":"https:\/\/www.europesstore.com\/en\/wp-json\/wp\/v2\/types\/product"}],"replies":[{"embeddable":true,"href":"https:\/\/www.europesstore.com\/en\/wp-json\/wp\/v2\/comments?post=13304"}],"wp:featuredmedia":[{"embeddable":true,"href":"https:\/\/www.europesstore.com\/en\/wp-json\/wp\/v2\/media\/13355"}],"wp:attachment":[{"href":"https:\/\/www.europesstore.com\/en\/wp-json\/wp\/v2\/media?parent=13304"}],"wp:term":[{"taxonomy":"product_brand","embeddable":true,"href":"https:\/\/www.europesstore.com\/en\/wp-json\/wp\/v2\/product_brand?post=13304"},{"taxonomy":"product_cat","embeddable":true,"href":"https:\/\/www.europesstore.com\/en\/wp-json\/wp\/v2\/product_cat?post=13304"},{"taxonomy":"product_tag","embeddable":true,"href":"https:\/\/www.europesstore.com\/en\/wp-json\/wp\/v2\/product_tag?post=13304"}],"curies":[{"name":"wp","href":"https:\/\/api.w.org\/{rel}","templated":true}]}}