{"id":13305,"date":"2025-12-06T10:26:48","date_gmt":"2025-12-06T10:26:48","guid":{"rendered":"https:\/\/europesstore.com\/?post_type=product&#038;p=13305"},"modified":"2025-12-06T10:26:48","modified_gmt":"2025-12-06T10:26:48","slug":"carolina-herrera-212-men-heroes-eau-de-erkek-tester-parfum-90-ml","status":"publish","type":"product","link":"https:\/\/www.europesstore.com\/en\/product\/carolina-herrera-212-men-heroes-eau-de-erkek-tester-parfum-90-ml\/","title":{"rendered":"Carolina Herrera 212 Men Heroes Eau De Erkek Tester Parf\u00fcm 90 ML"},"content":{"rendered":"<h3 data-start=\"673\" data-end=\"703\">&nbsp;Koku Piramidi&nbsp;<\/h3>\n<ul data-start=\"705\" data-end=\"950\">\n<li data-start=\"705\" data-end=\"786\">\n<p data-start=\"707\" data-end=\"786\"><span class=\"relative -mx-px my-[-0.2rem] rounded px-px py-[0.2rem] transition-colors duration-100 ease-in-out\"><strong data-start=\"0\" data-end=\"21\" data-is-only-node=\"\">\u00dcst (Top) Notalar<\/strong>: Armut eliksiri, Zencefil, Lemon\u202fHaze Cannabis<\/span> <a class=\"flex h-4.5 overflow-hidden rounded-xl px-2 text-[0.5625em] font-medium text-token-text-secondary! bg-[#F4F4F4]! dark:bg-[#303030]! transition-colors duration-150 ease-in-out\" href=\"https:\/\/www.dilaykozmetik.com\/carolina-herrera-212-men-heroes-edt-90-ml-erkek-parfum?srsltid=AfmBOopvN3V_9tLwMcQds2M9CRD6I-Nkm9t1-CTgljX7QueTW2pHG-ma&amp;utm_source=chatgpt.com\" target=\"_blank\" rel=\"noopener\"><span class=\"ms-1 inline-flex max-w-full items-center relative top-[-0.094rem] animate-[show_150ms_ease-in] start-0 bottom-0 flex h-full w-full h-4 justify-between absolute grow truncate overflow-hidden text-center\" data-state=\"closed\">fragrantica.com<\/span><span class=\"ms-1 inline-flex max-w-full items-center relative top-[-0.094rem] animate-[show_150ms_ease-in] start-0 bottom-0 flex h-full w-full h-4 justify-between absolute -me-1 rounded-full px-1 text-[#8F8F8F]\" data-state=\"closed\">+10<\/span><span class=\"ms-1 inline-flex max-w-full items-center relative top-[-0.094rem] animate-[show_150ms_ease-in] start-0 bottom-0 flex h-full w-full h-4 justify-between grow truncate overflow-hidden text-center\" data-state=\"closed\">dilaykozmetik.com<\/span><span class=\"ms-1 inline-flex max-w-full items-center relative top-[-0.094rem] animate-[show_150ms_ease-in] start-0 bottom-0 flex h-full w-full h-4 justify-between -me-1 rounded-full px-1 text-[#8F8F8F]\" data-state=\"closed\">+10<\/span><span class=\"ms-1 inline-flex max-w-full items-center relative top-[-0.094rem] animate-[show_150ms_ease-in] start-0 bottom-0 flex h-full w-full h-4 justify-between absolute grow truncate overflow-hidden text-center\" data-state=\"closed\">perfumeheadquarters.com<\/span><span class=\"ms-1 inline-flex max-w-full items-center relative top-[-0.094rem] animate-[show_150ms_ease-in] start-0 bottom-0 flex h-full w-full h-4 justify-between absolute -me-1 rounded-full px-1 text-[#8F8F8F]\" data-state=\"closed\">+10<\/span><\/a><\/p>\n<\/li>\n<li data-start=\"787\" data-end=\"868\">\n<p data-start=\"789\" data-end=\"868\"><span class=\"relative -mx-px my-[-0.2rem] rounded px-px py-[0.2rem] transition-colors duration-100 ease-in-out\"><strong data-start=\"0\" data-end=\"24\" data-is-only-node=\"\">Orta (Heart) Notalar<\/strong>: Sardunya (Geranium) ya\u011f\u0131, Ada\u00e7ay\u0131 (Sage)<\/span> <a class=\"flex h-4.5 overflow-hidden rounded-xl px-2 text-[0.5625em] font-medium text-token-text-secondary! bg-[#F4F4F4]! dark:bg-[#303030]! transition-colors duration-150 ease-in-out\" href=\"https:\/\/www.sevil.com.tr\/carolina-herrera-212-heroes-men-edt-90ml.html?utm_source=chatgpt.com\" target=\"_blank\" rel=\"noopener\"><span class=\"ms-1 inline-flex max-w-full items-center relative top-[-0.094rem] animate-[show_150ms_ease-in] start-0 bottom-0 flex h-full w-full h-4 justify-between overflow-hidden grow truncate text-center\" data-state=\"closed\">sevil.com.tr<\/span><\/a><\/p>\n<\/li>\n<li data-start=\"869\" data-end=\"950\">\n<p data-start=\"871\" data-end=\"950\"><span class=\"relative -mx-px my-[-0.2rem] rounded px-px py-[0.2rem] transition-colors duration-100 ease-in-out\"><strong data-start=\"0\" data-end=\"22\" data-is-only-node=\"\">Alt (Base) Notalar<\/strong>: Deri (Leather), Misk (Musk), ayr\u0131ca Cashmeran ve Hafif odunsu aromalar<\/span><\/p>\n<\/li>\n<\/ul>","protected":false},"excerpt":{"rendered":"<p>&nbsp;Koku Piramidi&nbsp; \u00dcst (Top) Notalar: Armut eliksiri, Zencefil, Lemon\u202fHaze Cannabis fragrantica.com+10dilaykozmetik.com+10perfumeheadquarters.com+10 Orta (Heart) Notalar: Sardunya (Geranium) ya\u011f\u0131, Ada\u00e7ay\u0131 (Sage) sevil.com.tr Alt (Base) Notalar: Deri (Leather), Misk (Musk), ayr\u0131ca Cashmeran ve Hafif odunsu aromalar<\/p>","protected":false},"featured_media":13356,"comment_status":"open","ping_status":"closed","template":"","meta":[],"product_brand":[],"product_cat":[146,112],"product_tag":[],"class_list":{"0":"post-13305","1":"product","2":"type-product","3":"status-publish","4":"has-post-thumbnail","6":"product_cat-ithal-erkek-parfum","7":"product_cat-ithal-parfum","9":"first","10":"instock","11":"sale","12":"shipping-taxable","13":"purchasable","14":"product-type-simple"},"jetpack_sharing_enabled":true,"_links":{"self":[{"href":"https:\/\/www.europesstore.com\/en\/wp-json\/wp\/v2\/product\/13305","targetHints":{"allow":["GET"]}}],"collection":[{"href":"https:\/\/www.europesstore.com\/en\/wp-json\/wp\/v2\/product"}],"about":[{"href":"https:\/\/www.europesstore.com\/en\/wp-json\/wp\/v2\/types\/product"}],"replies":[{"embeddable":true,"href":"https:\/\/www.europesstore.com\/en\/wp-json\/wp\/v2\/comments?post=13305"}],"wp:featuredmedia":[{"embeddable":true,"href":"https:\/\/www.europesstore.com\/en\/wp-json\/wp\/v2\/media\/13356"}],"wp:attachment":[{"href":"https:\/\/www.europesstore.com\/en\/wp-json\/wp\/v2\/media?parent=13305"}],"wp:term":[{"taxonomy":"product_brand","embeddable":true,"href":"https:\/\/www.europesstore.com\/en\/wp-json\/wp\/v2\/product_brand?post=13305"},{"taxonomy":"product_cat","embeddable":true,"href":"https:\/\/www.europesstore.com\/en\/wp-json\/wp\/v2\/product_cat?post=13305"},{"taxonomy":"product_tag","embeddable":true,"href":"https:\/\/www.europesstore.com\/en\/wp-json\/wp\/v2\/product_tag?post=13305"}],"curies":[{"name":"wp","href":"https:\/\/api.w.org\/{rel}","templated":true}]}}