{"id":13306,"date":"2025-12-06T10:26:48","date_gmt":"2025-12-06T10:26:48","guid":{"rendered":"https:\/\/europesstore.com\/?post_type=product&#038;p=13306"},"modified":"2025-12-06T10:26:48","modified_gmt":"2025-12-06T10:26:48","slug":"dkny-be-delicious-kadin-tester-parfum-100-ml","status":"publish","type":"product","link":"https:\/\/www.europesstore.com\/en\/product\/dkny-be-delicious-kadin-tester-parfum-100-ml\/","title":{"rendered":"Dkny Be Delicious -Kad\u0131n Tester Parf\u00fcm 100 ML"},"content":{"rendered":"<p><span style=\"font-family:TTNormsPro;font-size:15px\"><span style=\"float:none;font-style:normal;font-weight:400;letter-spacing:0.3px;text-align:start;text-indent:0px;text-transform:none\">\u015eakac\u0131, Al\u0131ml\u0131, Kaprisli<\/span><\/span><br \/><span style=\"font-family:TTNormsPro;font-size:15px\"><span style=\"float:none;font-style:normal;font-weight:400;letter-spacing:0.3px;text-align:start;text-indent:0px;text-transform:none\">A\u011f\u0131z suland\u0131ran elma akoru, manolyan\u0131n tatl\u0131, \u00e7i\u00e7eksi notalar\u0131 ve kremsi sandal a\u011fac\u0131n\u0131n yumu\u015fak biti\u015fiyle birle\u015ferek sulu ve kar\u015f\u0131 konulamaz bir koku yarat\u0131yor<\/span><\/span><\/p>\n<p><span style=\"font-family:TTNormsPro;font-size:15px\"><span style=\"float:none;font-style:normal;font-weight:400;letter-spacing:0.3px;text-align:start;text-indent:0px;text-transform:none\">Koku Ailesi: Meyveli \u00c7i\u00e7eksi<\/span><\/span><br \/><span style=\"font-family:TTNormsPro;font-size:15px\"><span style=\"float:none;font-style:normal;font-weight:400;letter-spacing:0.3px;text-align:start;text-indent:0px;text-transform:none\">\u00dcst Notalar: Elma, Salatal\u0131k, Greyfurt<\/span><\/span><br \/><span style=\"font-family:TTNormsPro;font-size:15px\"><span style=\"float:none;font-style:normal;font-weight:400;letter-spacing:0.3px;text-align:start;text-indent:0px;text-transform:none\">Orta Notalar: Manolya, Menek\u015fe, G\u00fcl<\/span><\/span><br \/><span style=\"font-family:TTNormsPro;font-size:15px\"><span style=\"float:none;font-style:normal;font-weight:400;letter-spacing:0.3px;text-align:start;text-indent:0px;text-transform:none\">Dip Notalar: Sandal A\u011fac\u0131, Amber, Misk<\/span><\/span><\/p>\n<p><span style=\"font-family:TTNormsPro;font-size:15px\"><span style=\"float:none;font-style:normal;font-weight:400;letter-spacing:0.3px;text-align:start;text-indent:0px;text-transform:none\">Temiz tene istenilen s\u0131kl\u0131kta uygulan\u0131r<\/span><\/span><\/p>","protected":false},"excerpt":{"rendered":"<p>\u015eakac\u0131, Al\u0131ml\u0131, KaprisliA\u011f\u0131z suland\u0131ran elma akoru, manolyan\u0131n tatl\u0131, \u00e7i\u00e7eksi notalar\u0131 ve kremsi sandal a\u011fac\u0131n\u0131n yumu\u015fak biti\u015fiyle birle\u015ferek sulu ve kar\u015f\u0131 konulamaz bir koku yarat\u0131yor Koku Ailesi: Meyveli \u00c7i\u00e7eksi\u00dcst Notalar: Elma, Salatal\u0131k, GreyfurtOrta Notalar: Manolya, Menek\u015fe, G\u00fclDip Notalar: Sandal A\u011fac\u0131, Amber, Misk Temiz tene istenilen s\u0131kl\u0131kta uygulan\u0131r<\/p>","protected":false},"featured_media":13364,"comment_status":"open","ping_status":"closed","template":"","meta":[],"product_brand":[],"product_cat":[144,112],"product_tag":[],"class_list":{"0":"post-13306","1":"product","2":"type-product","3":"status-publish","4":"has-post-thumbnail","6":"product_cat-ithal-kadin-parfum","7":"product_cat-ithal-parfum","9":"first","10":"instock","11":"sale","12":"shipping-taxable","13":"purchasable","14":"product-type-simple"},"jetpack_sharing_enabled":true,"_links":{"self":[{"href":"https:\/\/www.europesstore.com\/en\/wp-json\/wp\/v2\/product\/13306","targetHints":{"allow":["GET"]}}],"collection":[{"href":"https:\/\/www.europesstore.com\/en\/wp-json\/wp\/v2\/product"}],"about":[{"href":"https:\/\/www.europesstore.com\/en\/wp-json\/wp\/v2\/types\/product"}],"replies":[{"embeddable":true,"href":"https:\/\/www.europesstore.com\/en\/wp-json\/wp\/v2\/comments?post=13306"}],"wp:featuredmedia":[{"embeddable":true,"href":"https:\/\/www.europesstore.com\/en\/wp-json\/wp\/v2\/media\/13364"}],"wp:attachment":[{"href":"https:\/\/www.europesstore.com\/en\/wp-json\/wp\/v2\/media?parent=13306"}],"wp:term":[{"taxonomy":"product_brand","embeddable":true,"href":"https:\/\/www.europesstore.com\/en\/wp-json\/wp\/v2\/product_brand?post=13306"},{"taxonomy":"product_cat","embeddable":true,"href":"https:\/\/www.europesstore.com\/en\/wp-json\/wp\/v2\/product_cat?post=13306"},{"taxonomy":"product_tag","embeddable":true,"href":"https:\/\/www.europesstore.com\/en\/wp-json\/wp\/v2\/product_tag?post=13306"}],"curies":[{"name":"wp","href":"https:\/\/api.w.org\/{rel}","templated":true}]}}