{"id":13330,"date":"2025-12-06T10:26:47","date_gmt":"2025-12-06T10:26:47","guid":{"rendered":"https:\/\/europesstore.com\/?post_type=product&#038;p=13330"},"modified":"2025-12-06T10:26:47","modified_gmt":"2025-12-06T10:26:47","slug":"guerlain-bois-mysterieux-unisex-parfum-125ml","status":"publish","type":"product","link":"https:\/\/www.europesstore.com\/en\/product\/guerlain-bois-mysterieux-unisex-parfum-125ml\/","title":{"rendered":"Guerlain Bois Mysterieux Unisex Parf\u00fcm-125ML"},"content":{"rendered":"<p><span style=\", Helvetica, sans-serif;font-size:12px\"><span style=\"float:none;font-style:normal;font-weight:300;letter-spacing:normal;text-align:left;text-indent:0px;text-transform:none\">\u0130konik lake toprak tonlar\u0131ndaki turuncu \u015fi\u015fe oryantel baharatlar\u0131n esintisini ta\u015f\u0131r &amp; Geleneksel alt\u0131n rengi kapak ve kurdela ile ta\u00e7land\u0131r\u0131lm\u0131\u015ft\u0131r.<\/span><\/span><\/p>\n<p><span style=\", Helvetica, sans-serif;font-size:12px\"><span style=\"float:none;font-style:normal;font-weight:300;letter-spacing:normal;text-align:left;text-indent:0px;text-transform:none\">Anahtar Notalar: Deri Safran Ve M\u00fcr<\/span><\/span><\/p>","protected":false},"excerpt":{"rendered":"<p>\u0130konik lake toprak tonlar\u0131ndaki turuncu \u015fi\u015fe oryantel baharatlar\u0131n esintisini ta\u015f\u0131r &amp; Geleneksel alt\u0131n rengi kapak ve kurdela ile ta\u00e7land\u0131r\u0131lm\u0131\u015ft\u0131r. Anahtar Notalar: Deri Safran Ve M\u00fcr<\/p>","protected":false},"featured_media":13381,"comment_status":"open","ping_status":"closed","template":"","meta":[],"product_brand":[],"product_cat":[112,150],"product_tag":[],"class_list":{"0":"post-13330","1":"product","2":"type-product","3":"status-publish","4":"has-post-thumbnail","6":"product_cat-ithal-parfum","7":"product_cat-ithal-unisex-parfum","9":"first","10":"instock","11":"sale","12":"shipping-taxable","13":"purchasable","14":"product-type-simple"},"jetpack_sharing_enabled":true,"_links":{"self":[{"href":"https:\/\/www.europesstore.com\/en\/wp-json\/wp\/v2\/product\/13330","targetHints":{"allow":["GET"]}}],"collection":[{"href":"https:\/\/www.europesstore.com\/en\/wp-json\/wp\/v2\/product"}],"about":[{"href":"https:\/\/www.europesstore.com\/en\/wp-json\/wp\/v2\/types\/product"}],"replies":[{"embeddable":true,"href":"https:\/\/www.europesstore.com\/en\/wp-json\/wp\/v2\/comments?post=13330"}],"wp:featuredmedia":[{"embeddable":true,"href":"https:\/\/www.europesstore.com\/en\/wp-json\/wp\/v2\/media\/13381"}],"wp:attachment":[{"href":"https:\/\/www.europesstore.com\/en\/wp-json\/wp\/v2\/media?parent=13330"}],"wp:term":[{"taxonomy":"product_brand","embeddable":true,"href":"https:\/\/www.europesstore.com\/en\/wp-json\/wp\/v2\/product_brand?post=13330"},{"taxonomy":"product_cat","embeddable":true,"href":"https:\/\/www.europesstore.com\/en\/wp-json\/wp\/v2\/product_cat?post=13330"},{"taxonomy":"product_tag","embeddable":true,"href":"https:\/\/www.europesstore.com\/en\/wp-json\/wp\/v2\/product_tag?post=13330"}],"curies":[{"name":"wp","href":"https:\/\/api.w.org\/{rel}","templated":true}]}}