{"id":13331,"date":"2025-12-06T10:26:46","date_gmt":"2025-12-06T10:26:46","guid":{"rendered":"https:\/\/europesstore.com\/?post_type=product&#038;p=13331"},"modified":"2025-12-06T10:26:47","modified_gmt":"2025-12-06T10:26:47","slug":"guerlain-bois-patchouli-ardent-kadin-parfum-125ml","status":"publish","type":"product","link":"https:\/\/www.europesstore.com\/en\/product\/guerlain-bois-patchouli-ardent-kadin-parfum-125ml\/","title":{"rendered":"Guerlain Bois Patchouli Ardent Kad\u0131n Parf\u00fcm-125ML"},"content":{"rendered":"<p style=\"font-family:Poppins, sans-serif;font-size:12.8px;font-style:normal;font-weight:400;letter-spacing:normal;margin:0px;padding:0px;text-align:start;text-indent:0px;text-transform:none\">Guerlain parf\u00fcmeri Thetry Wasser, Patchouli Ardent ile \u015fa\u015f\u0131rt\u0131c\u0131 derecede canl\u0131 ve parlak bir \u015fekilde, genellikle koyu odunsu ve gizemli bir hammadde olan pa\u00e7uliyi yeniden ke\u015ffetti. G\u00fcl\u00fcn zarafetini g\u00f6rkemli bir deri ile birle\u015ftirir ve benzersiz bir duyusal yolculuk sunmak i\u00e7in misk notas\u0131 i\u00e7erir.<\/p>\n<p>&nbsp;<\/p>\n<p style=\"font-family:Poppins, sans-serif;font-size:12.8px;font-style:normal;font-weight:400;letter-spacing:normal;margin:0px;padding:0px;text-align:start;text-indent:0px;text-transform:none\">Odunsu \u00e7i\u00e7eksi.B\u00fcy\u00fcleyici,parlak,zarif.<br \/>Ana notalar: Pa\u00e7uli,g\u00fcl,misk<\/p>","protected":false},"excerpt":{"rendered":"<p>Guerlain parf\u00fcmeri Thetry Wasser, Patchouli Ardent ile \u015fa\u015f\u0131rt\u0131c\u0131 derecede canl\u0131 ve parlak bir \u015fekilde, genellikle koyu odunsu ve gizemli bir hammadde olan pa\u00e7uliyi yeniden ke\u015ffetti. G\u00fcl\u00fcn zarafetini g\u00f6rkemli bir deri ile birle\u015ftirir ve benzersiz bir duyusal yolculuk sunmak i\u00e7in misk notas\u0131 i\u00e7erir. &nbsp; Odunsu \u00e7i\u00e7eksi.B\u00fcy\u00fcleyici,parlak,zarif.Ana notalar: Pa\u00e7uli,g\u00fcl,misk<\/p>","protected":false},"featured_media":13382,"comment_status":"open","ping_status":"closed","template":"","meta":[],"product_brand":[],"product_cat":[144,112],"product_tag":[],"class_list":{"0":"post-13331","1":"product","2":"type-product","3":"status-publish","4":"has-post-thumbnail","6":"product_cat-ithal-kadin-parfum","7":"product_cat-ithal-parfum","9":"first","10":"instock","11":"sale","12":"shipping-taxable","13":"purchasable","14":"product-type-simple"},"jetpack_sharing_enabled":true,"_links":{"self":[{"href":"https:\/\/www.europesstore.com\/en\/wp-json\/wp\/v2\/product\/13331","targetHints":{"allow":["GET"]}}],"collection":[{"href":"https:\/\/www.europesstore.com\/en\/wp-json\/wp\/v2\/product"}],"about":[{"href":"https:\/\/www.europesstore.com\/en\/wp-json\/wp\/v2\/types\/product"}],"replies":[{"embeddable":true,"href":"https:\/\/www.europesstore.com\/en\/wp-json\/wp\/v2\/comments?post=13331"}],"wp:featuredmedia":[{"embeddable":true,"href":"https:\/\/www.europesstore.com\/en\/wp-json\/wp\/v2\/media\/13382"}],"wp:attachment":[{"href":"https:\/\/www.europesstore.com\/en\/wp-json\/wp\/v2\/media?parent=13331"}],"wp:term":[{"taxonomy":"product_brand","embeddable":true,"href":"https:\/\/www.europesstore.com\/en\/wp-json\/wp\/v2\/product_brand?post=13331"},{"taxonomy":"product_cat","embeddable":true,"href":"https:\/\/www.europesstore.com\/en\/wp-json\/wp\/v2\/product_cat?post=13331"},{"taxonomy":"product_tag","embeddable":true,"href":"https:\/\/www.europesstore.com\/en\/wp-json\/wp\/v2\/product_tag?post=13331"}],"curies":[{"name":"wp","href":"https:\/\/api.w.org\/{rel}","templated":true}]}}