{"id":13333,"date":"2025-12-06T10:26:46","date_gmt":"2025-12-06T10:26:46","guid":{"rendered":"https:\/\/europesstore.com\/?post_type=product&#038;p=13333"},"modified":"2025-12-06T10:26:46","modified_gmt":"2025-12-06T10:26:46","slug":"caroline-herrera-212-vip-black-eau-de-erkek-parfum-100-ml","status":"publish","type":"product","link":"https:\/\/www.europesstore.com\/en\/product\/caroline-herrera-212-vip-black-eau-de-erkek-parfum-100-ml\/","title":{"rendered":"Carol\u0131ne Herrera 212 Vip Black Eau De Erkek Parf\u00fcm-100 ML"},"content":{"rendered":"<p><span style=\"font-family:AvantGardeMedium, Arial, sans-serif;font-size:16px\"><span style=\"float:none;font-style:normal;font-weight:400;letter-spacing:0.4px;text-align:start;text-indent:0px;text-transform:none\">Ola\u011fan\u00fcst\u00fc insanlar kendilerine has ya\u015fam tarz\u0131 ve partileme tarzlar\u0131 ile trendleri belirlerler. Art\u0131k \u00f6zel gece kl\u00fcplerinde e\u011flenmek yerine kendinizi ifade edebilece\u011finiz ev partileri trend! \u00d6nemli olan nas\u0131l g\u00f6r\u00fcnd\u00fc\u011f\u00fcn\u00fcz ya da ne giydi\u011finiz de\u011fil, nas\u0131l sahip oldu\u011funuz. 212 VIP ile gecenin sahibi ol!,Yeni 212 VIP form\u00fcl\u00fc: Seksi Misk ve ac\u0131 absinth&#8217;in inovatif kokteyli. Siyah cam \u015fi\u015fesi ile en l\u00fcks VIP!<\/span><\/span><\/p>","protected":false},"excerpt":{"rendered":"<p>Ola\u011fan\u00fcst\u00fc insanlar kendilerine has ya\u015fam tarz\u0131 ve partileme tarzlar\u0131 ile trendleri belirlerler. Art\u0131k \u00f6zel gece kl\u00fcplerinde e\u011flenmek yerine kendinizi ifade edebilece\u011finiz ev partileri trend! \u00d6nemli olan nas\u0131l g\u00f6r\u00fcnd\u00fc\u011f\u00fcn\u00fcz ya da ne giydi\u011finiz de\u011fil, nas\u0131l sahip oldu\u011funuz. 212 VIP ile gecenin sahibi ol!,Yeni 212 VIP form\u00fcl\u00fc: Seksi Misk ve ac\u0131 absinth&#8217;in inovatif kokteyli. Siyah cam \u015fi\u015fesi [&hellip;]<\/p>","protected":false},"featured_media":13384,"comment_status":"open","ping_status":"closed","template":"","meta":[],"product_brand":[],"product_cat":[146,112],"product_tag":[],"class_list":{"0":"post-13333","1":"product","2":"type-product","3":"status-publish","4":"has-post-thumbnail","6":"product_cat-ithal-erkek-parfum","7":"product_cat-ithal-parfum","9":"first","10":"instock","11":"sale","12":"shipping-taxable","13":"purchasable","14":"product-type-simple"},"jetpack_sharing_enabled":true,"_links":{"self":[{"href":"https:\/\/www.europesstore.com\/en\/wp-json\/wp\/v2\/product\/13333","targetHints":{"allow":["GET"]}}],"collection":[{"href":"https:\/\/www.europesstore.com\/en\/wp-json\/wp\/v2\/product"}],"about":[{"href":"https:\/\/www.europesstore.com\/en\/wp-json\/wp\/v2\/types\/product"}],"replies":[{"embeddable":true,"href":"https:\/\/www.europesstore.com\/en\/wp-json\/wp\/v2\/comments?post=13333"}],"wp:featuredmedia":[{"embeddable":true,"href":"https:\/\/www.europesstore.com\/en\/wp-json\/wp\/v2\/media\/13384"}],"wp:attachment":[{"href":"https:\/\/www.europesstore.com\/en\/wp-json\/wp\/v2\/media?parent=13333"}],"wp:term":[{"taxonomy":"product_brand","embeddable":true,"href":"https:\/\/www.europesstore.com\/en\/wp-json\/wp\/v2\/product_brand?post=13333"},{"taxonomy":"product_cat","embeddable":true,"href":"https:\/\/www.europesstore.com\/en\/wp-json\/wp\/v2\/product_cat?post=13333"},{"taxonomy":"product_tag","embeddable":true,"href":"https:\/\/www.europesstore.com\/en\/wp-json\/wp\/v2\/product_tag?post=13333"}],"curies":[{"name":"wp","href":"https:\/\/api.w.org\/{rel}","templated":true}]}}