{"id":13334,"date":"2025-12-06T10:26:46","date_gmt":"2025-12-06T10:26:46","guid":{"rendered":"https:\/\/europesstore.com\/?post_type=product&#038;p=13334"},"modified":"2025-12-06T10:26:46","modified_gmt":"2025-12-06T10:26:46","slug":"davidoff-cool-water-eau-de-erkek-parfum-100-ml","status":"publish","type":"product","link":"https:\/\/www.europesstore.com\/en\/product\/davidoff-cool-water-eau-de-erkek-parfum-100-ml\/","title":{"rendered":"Davidoff Cool Water Eau De Erkek Parf\u00fcm -100 ML"},"content":{"rendered":"<p style=\", sans-serif;font-size:14px;font-style:normal;font-weight:400;letter-spacing:normal;margin:0px;padding:4px 0px;text-align:start;text-indent:0px;text-transform:none;width:990.713px\">Esans:Fresh Enerjik, macerac\u0131, g\u00fc\u00e7l\u00fc ve . Okyanusun sonsuzlu\u011funda \u00f6zg\u00fcr bir erkek ve onun dalgalar aras\u0131ndaki duru\u015fu. G\u00fc\u00e7l\u00fc ve mask\u00fclen ama ayn\u0131 zaman da ferahlat\u0131c\u0131. \u0130lk defa bu kokuda ozansu notalar klasik notalar ile birle\u015ftirildi. Tepe Notas\u0131: Lavanta, Ki\u015fni\u015f, Nane, Biberiye, Portakal \u00c7i\u00e7e\u011fi Kalp Notas\u0131: Yasemin, Oakmoss, Sardunya, Sandal A\u011fac\u0131 Dip Notas\u0131: Musk, Amber, Sandal A\u011fac\u0131, Sedir A\u011fac\u0131<\/p>\n<h5 style=\", sans-serif;font-style:normal;letter-spacing:normal;margin:0px;padding:0px;text-align:start;text-indent:0px;text-transform:none\">\u00dcr\u00fcn Avantajlar\u0131<\/h5>\n<p style=\", sans-serif;font-size:14px;font-style:normal;font-weight:400;letter-spacing:normal;margin:0px;padding:4px 0px;text-align:start;text-indent:0px;text-transform:none\">G\u00fcnl\u00fck kullan\u0131ma uygundur.<\/p>\n<h5 style=\", sans-serif;font-style:normal;letter-spacing:normal;margin:0px;padding:0px;text-align:start;text-indent:0px;text-transform:none\">\u00dcr\u00fcn Kullan\u0131m\u0131<\/h5>\n<p style=\", sans-serif;font-size:14px;font-style:normal;font-weight:400;letter-spacing:normal;margin:0px;padding:4px 0px;text-align:start;text-indent:0px;text-transform:none\">Temiz tene ve k\u0131yafete istenilen s\u0131kl\u0131kta uygulan\u0131r.<\/p>","protected":false},"excerpt":{"rendered":"<p>Esans:Fresh Enerjik, macerac\u0131, g\u00fc\u00e7l\u00fc ve . Okyanusun sonsuzlu\u011funda \u00f6zg\u00fcr bir erkek ve onun dalgalar aras\u0131ndaki duru\u015fu. G\u00fc\u00e7l\u00fc ve mask\u00fclen ama ayn\u0131 zaman da ferahlat\u0131c\u0131. \u0130lk defa bu kokuda ozansu notalar klasik notalar ile birle\u015ftirildi. Tepe Notas\u0131: Lavanta, Ki\u015fni\u015f, Nane, Biberiye, Portakal \u00c7i\u00e7e\u011fi Kalp Notas\u0131: Yasemin, Oakmoss, Sardunya, Sandal A\u011fac\u0131 Dip Notas\u0131: Musk, Amber, Sandal A\u011fac\u0131, [&hellip;]<\/p>","protected":false},"featured_media":13385,"comment_status":"open","ping_status":"closed","template":"","meta":[],"product_brand":[],"product_cat":[146,112],"product_tag":[],"class_list":{"0":"post-13334","1":"product","2":"type-product","3":"status-publish","4":"has-post-thumbnail","6":"product_cat-ithal-erkek-parfum","7":"product_cat-ithal-parfum","9":"first","10":"instock","11":"sale","12":"shipping-taxable","13":"purchasable","14":"product-type-simple"},"jetpack_sharing_enabled":true,"_links":{"self":[{"href":"https:\/\/www.europesstore.com\/en\/wp-json\/wp\/v2\/product\/13334","targetHints":{"allow":["GET"]}}],"collection":[{"href":"https:\/\/www.europesstore.com\/en\/wp-json\/wp\/v2\/product"}],"about":[{"href":"https:\/\/www.europesstore.com\/en\/wp-json\/wp\/v2\/types\/product"}],"replies":[{"embeddable":true,"href":"https:\/\/www.europesstore.com\/en\/wp-json\/wp\/v2\/comments?post=13334"}],"wp:featuredmedia":[{"embeddable":true,"href":"https:\/\/www.europesstore.com\/en\/wp-json\/wp\/v2\/media\/13385"}],"wp:attachment":[{"href":"https:\/\/www.europesstore.com\/en\/wp-json\/wp\/v2\/media?parent=13334"}],"wp:term":[{"taxonomy":"product_brand","embeddable":true,"href":"https:\/\/www.europesstore.com\/en\/wp-json\/wp\/v2\/product_brand?post=13334"},{"taxonomy":"product_cat","embeddable":true,"href":"https:\/\/www.europesstore.com\/en\/wp-json\/wp\/v2\/product_cat?post=13334"},{"taxonomy":"product_tag","embeddable":true,"href":"https:\/\/www.europesstore.com\/en\/wp-json\/wp\/v2\/product_tag?post=13334"}],"curies":[{"name":"wp","href":"https:\/\/api.w.org\/{rel}","templated":true}]}}