{"id":13343,"date":"2025-12-06T10:26:46","date_gmt":"2025-12-06T10:26:46","guid":{"rendered":"https:\/\/europesstore.com\/?post_type=product&#038;p=13343"},"modified":"2025-12-06T10:26:46","modified_gmt":"2025-12-06T10:26:46","slug":"tresor-midnight-rose-edu-de-kadin-tester-edp-parfum-75-ml","status":"publish","type":"product","link":"https:\/\/www.europesstore.com\/en\/product\/tresor-midnight-rose-edu-de-kadin-tester-edp-parfum-75-ml\/","title":{"rendered":"Tr\u00e9sor Midnight Rose Edu De Kad\u0131n Tester Edp Parf\u00fcm- 75 ML"},"content":{"rendered":"<p><span style=\", sans-serif;font-size:14px\"><span style=\"float:none;font-style:normal;font-weight:400;letter-spacing:normal;text-align:start;text-indent:0px;text-transform:none\">Kalpleri Lanc\u00f4me&#8217;un haylaz ve ha\u015far\u0131 kokusu Tr\u00e9sor Midnight Rose ile fethedin.<\/span><\/span><\/p>\n<p><span style=\", sans-serif;font-size:14px\"><span style=\"float:none;font-style:normal;font-weight:400;letter-spacing:normal;text-align:start;text-indent:0px;text-transform:none\">Birbirine kar\u0131\u015fan yo\u011fun g\u00fcl ve ku\u015f\u00fcz\u00fcm\u00fc kokusunun yan\u0131s\u0131ra hayat dolu yasemin, \u015fakay\u0131k ve pembe biberinin yaratt\u0131\u011f\u0131 bu sihirli buketin cazibeli kokusuyla a\u015fk oyunu oynay\u0131n.<\/span><\/span><\/p>\n<p><span style=\", sans-serif;font-size:14px\"><span style=\"float:none;font-style:normal;font-weight:400;letter-spacing:normal;text-align:start;text-indent:0px;text-transform:none\">B\u00fcy\u00fcleyici ve seksi Tr\u00e9sor Midnight Rose ile hi\u00e7bir \u015fey beklenmedik de\u011fildir. TR\u00c9SOR MIDNIGHT ROSE UYGULANI\u015eI Neden Tr\u00e9sor Midnight Rose&#8217;u beklenmedik bir yere s\u0131km\u0131yorsunuz? Bu yaramaz kokusuyu sa\u00e7 f\u0131r\u00e7an\u0131za ya da dizlerinizin arkas\u0131na p\u00fcsk\u00fcrtebilirsiniz&#8230;<\/span><\/span><\/p>\n<p><b style=\", sans-serif;font-size:14px;font-style:normal;letter-spacing:normal;text-align:start;text-indent:0px;text-transform:none\"><strong>D\u0130KKAT:<\/strong><\/b><span style=\", sans-serif;font-size:14px\"><span style=\"float:none;font-style:normal;font-weight:400;letter-spacing:normal;text-align:start;text-indent:0px;text-transform:none\"> KURUYANA KADAR ALEVLEN\u0130R. HER T\u00dcRL\u00dc ISIDAN, SICAK Y\u00dcZEYLERDEN, KIVILCIMDAN, A\u00c7IK ALEVDEN VE DI\u011eER ISI KAYNAKLARINDAN UZAK TUTUNUZ. G\u00d6ZLERE DO\u011eRU P\u00dcSK\u00dcRTMEKTEN KA\u00c7ININIZ.<\/span><\/span><\/p>","protected":false},"excerpt":{"rendered":"<p>Kalpleri Lanc\u00f4me&#8217;un haylaz ve ha\u015far\u0131 kokusu Tr\u00e9sor Midnight Rose ile fethedin. Birbirine kar\u0131\u015fan yo\u011fun g\u00fcl ve ku\u015f\u00fcz\u00fcm\u00fc kokusunun yan\u0131s\u0131ra hayat dolu yasemin, \u015fakay\u0131k ve pembe biberinin yaratt\u0131\u011f\u0131 bu sihirli buketin cazibeli kokusuyla a\u015fk oyunu oynay\u0131n. B\u00fcy\u00fcleyici ve seksi Tr\u00e9sor Midnight Rose ile hi\u00e7bir \u015fey beklenmedik de\u011fildir. TR\u00c9SOR MIDNIGHT ROSE UYGULANI\u015eI Neden Tr\u00e9sor Midnight Rose&#8217;u beklenmedik [&hellip;]<\/p>","protected":false},"featured_media":13395,"comment_status":"open","ping_status":"closed","template":"","meta":[],"product_brand":[],"product_cat":[144,112],"product_tag":[],"class_list":{"0":"post-13343","1":"product","2":"type-product","3":"status-publish","4":"has-post-thumbnail","6":"product_cat-ithal-kadin-parfum","7":"product_cat-ithal-parfum","9":"first","10":"instock","11":"sale","12":"shipping-taxable","13":"purchasable","14":"product-type-simple"},"jetpack_sharing_enabled":true,"_links":{"self":[{"href":"https:\/\/www.europesstore.com\/en\/wp-json\/wp\/v2\/product\/13343","targetHints":{"allow":["GET"]}}],"collection":[{"href":"https:\/\/www.europesstore.com\/en\/wp-json\/wp\/v2\/product"}],"about":[{"href":"https:\/\/www.europesstore.com\/en\/wp-json\/wp\/v2\/types\/product"}],"replies":[{"embeddable":true,"href":"https:\/\/www.europesstore.com\/en\/wp-json\/wp\/v2\/comments?post=13343"}],"wp:featuredmedia":[{"embeddable":true,"href":"https:\/\/www.europesstore.com\/en\/wp-json\/wp\/v2\/media\/13395"}],"wp:attachment":[{"href":"https:\/\/www.europesstore.com\/en\/wp-json\/wp\/v2\/media?parent=13343"}],"wp:term":[{"taxonomy":"product_brand","embeddable":true,"href":"https:\/\/www.europesstore.com\/en\/wp-json\/wp\/v2\/product_brand?post=13343"},{"taxonomy":"product_cat","embeddable":true,"href":"https:\/\/www.europesstore.com\/en\/wp-json\/wp\/v2\/product_cat?post=13343"},{"taxonomy":"product_tag","embeddable":true,"href":"https:\/\/www.europesstore.com\/en\/wp-json\/wp\/v2\/product_tag?post=13343"}],"curies":[{"name":"wp","href":"https:\/\/api.w.org\/{rel}","templated":true}]}}