{"id":13345,"date":"2025-12-06T10:26:45","date_gmt":"2025-12-06T10:26:45","guid":{"rendered":"https:\/\/europesstore.com\/?post_type=product&#038;p=13345"},"modified":"2025-12-06T10:26:45","modified_gmt":"2025-12-06T10:26:45","slug":"givenchy-irresistible-eau-de-kadin-parfum-100-ml","status":"publish","type":"product","link":"https:\/\/www.europesstore.com\/en\/product\/givenchy-irresistible-eau-de-kadin-parfum-100-ml\/","title":{"rendered":"G\u0131venchy Irresistible Eau De Kad\u0131n Parf\u00fcm -100 ML"},"content":{"rendered":"<p><span style=\"font-family:AvantGardeMedium, Arial, sans-serif;font-size:16px\"><span style=\"float:none;font-style:normal;font-weight:400;letter-spacing:0.4px;text-align:start;text-indent:0px;text-transform:none\">KOKU NOTALARI<\/span><\/span><br \/><span style=\"font-family:AvantGardeMedium, Arial, sans-serif;font-size:16px\"><span style=\"float:none;font-style:normal;font-weight:400;letter-spacing:0.4px;text-align:start;text-indent:0px;text-transform:none\">Parlak sar\u0131 bir ah\u015fab\u0131n tonlar\u0131yla dans eden co\u015fkulu bir g\u00fcl. Kokuya canl\u0131l\u0131k veren armut ve amberin \u0131\u015f\u0131lt\u0131l\u0131 notalar\u0131.<\/span><\/span><br \/><span style=\"font-family:AvantGardeMedium, Arial, sans-serif;font-size:16px\"><span style=\"float:none;font-style:normal;font-weight:400;letter-spacing:0.4px;text-align:start;text-indent:0px;text-transform:none\">Usta parf\u00fcm\u00f6rler Fanny Bal, Dominique Ropion ve Anne Flipo&#8217;nun imzas\u0131 olan bu meyvemsi \u00e7i\u00e7eksi odunsu koku, \u00e7ekicilik ve kad\u0131nl\u0131k konsantresidir.<\/span><\/span><br \/>&nbsp;<\/p>","protected":false},"excerpt":{"rendered":"<p>KOKU NOTALARIParlak sar\u0131 bir ah\u015fab\u0131n tonlar\u0131yla dans eden co\u015fkulu bir g\u00fcl. Kokuya canl\u0131l\u0131k veren armut ve amberin \u0131\u015f\u0131lt\u0131l\u0131 notalar\u0131.Usta parf\u00fcm\u00f6rler Fanny Bal, Dominique Ropion ve Anne Flipo&#8217;nun imzas\u0131 olan bu meyvemsi \u00e7i\u00e7eksi odunsu koku, \u00e7ekicilik ve kad\u0131nl\u0131k konsantresidir.&nbsp;<\/p>","protected":false},"featured_media":13397,"comment_status":"open","ping_status":"closed","template":"","meta":[],"product_brand":[],"product_cat":[144,112],"product_tag":[],"class_list":{"0":"post-13345","1":"product","2":"type-product","3":"status-publish","4":"has-post-thumbnail","6":"product_cat-ithal-kadin-parfum","7":"product_cat-ithal-parfum","9":"first","10":"instock","11":"sale","12":"shipping-taxable","13":"purchasable","14":"product-type-simple"},"jetpack_sharing_enabled":true,"_links":{"self":[{"href":"https:\/\/www.europesstore.com\/en\/wp-json\/wp\/v2\/product\/13345","targetHints":{"allow":["GET"]}}],"collection":[{"href":"https:\/\/www.europesstore.com\/en\/wp-json\/wp\/v2\/product"}],"about":[{"href":"https:\/\/www.europesstore.com\/en\/wp-json\/wp\/v2\/types\/product"}],"replies":[{"embeddable":true,"href":"https:\/\/www.europesstore.com\/en\/wp-json\/wp\/v2\/comments?post=13345"}],"wp:featuredmedia":[{"embeddable":true,"href":"https:\/\/www.europesstore.com\/en\/wp-json\/wp\/v2\/media\/13397"}],"wp:attachment":[{"href":"https:\/\/www.europesstore.com\/en\/wp-json\/wp\/v2\/media?parent=13345"}],"wp:term":[{"taxonomy":"product_brand","embeddable":true,"href":"https:\/\/www.europesstore.com\/en\/wp-json\/wp\/v2\/product_brand?post=13345"},{"taxonomy":"product_cat","embeddable":true,"href":"https:\/\/www.europesstore.com\/en\/wp-json\/wp\/v2\/product_cat?post=13345"},{"taxonomy":"product_tag","embeddable":true,"href":"https:\/\/www.europesstore.com\/en\/wp-json\/wp\/v2\/product_tag?post=13345"}],"curies":[{"name":"wp","href":"https:\/\/api.w.org\/{rel}","templated":true}]}}