{"id":13346,"date":"2025-12-06T10:26:45","date_gmt":"2025-12-06T10:26:45","guid":{"rendered":"https:\/\/europesstore.com\/?post_type=product&#038;p=13346"},"modified":"2025-12-06T10:26:45","modified_gmt":"2025-12-06T10:26:45","slug":"tom-ford-jasmin-rouge-eau-de-kadin-parfum-100-ml","status":"publish","type":"product","link":"https:\/\/www.europesstore.com\/en\/product\/tom-ford-jasmin-rouge-eau-de-kadin-parfum-100-ml\/","title":{"rendered":"Tom Ford Jasmin Rouge &#8211; Eau de Kad\u0131n Parf\u00fcm 100 ML"},"content":{"rendered":"<p><span style=\"font-family:TTNormsPro;font-size:15px\"><span style=\"float:none;font-style:normal;font-weight:400;letter-spacing:0.3px;text-align:start;text-indent:0px;text-transform:none\">Daha \u00f6nce parf\u00fcm yap\u0131m\u0131nda hi\u00e7 kullan\u0131lmayan yaseminin ta\u00e7 yapraklar\u0131, \u0131\u015f\u0131k g\u00f6rmemi\u015f ada\u00e7ay\u0131 ve zengin baharat aromas\u0131yla hazz\u0131n b\u00fcy\u00fcs\u00fcn\u00fc d\u0131\u015far\u0131 ta\u015f\u0131yor<\/span><\/span><\/p>","protected":false},"excerpt":{"rendered":"<p>Daha \u00f6nce parf\u00fcm yap\u0131m\u0131nda hi\u00e7 kullan\u0131lmayan yaseminin ta\u00e7 yapraklar\u0131, \u0131\u015f\u0131k g\u00f6rmemi\u015f ada\u00e7ay\u0131 ve zengin baharat aromas\u0131yla hazz\u0131n b\u00fcy\u00fcs\u00fcn\u00fc d\u0131\u015far\u0131 ta\u015f\u0131yor<\/p>","protected":false},"featured_media":13398,"comment_status":"open","ping_status":"closed","template":"","meta":[],"product_brand":[],"product_cat":[112],"product_tag":[],"class_list":{"0":"post-13346","1":"product","2":"type-product","3":"status-publish","4":"has-post-thumbnail","6":"product_cat-ithal-parfum","8":"first","9":"instock","10":"sale","11":"shipping-taxable","12":"purchasable","13":"product-type-simple"},"jetpack_sharing_enabled":true,"_links":{"self":[{"href":"https:\/\/www.europesstore.com\/en\/wp-json\/wp\/v2\/product\/13346","targetHints":{"allow":["GET"]}}],"collection":[{"href":"https:\/\/www.europesstore.com\/en\/wp-json\/wp\/v2\/product"}],"about":[{"href":"https:\/\/www.europesstore.com\/en\/wp-json\/wp\/v2\/types\/product"}],"replies":[{"embeddable":true,"href":"https:\/\/www.europesstore.com\/en\/wp-json\/wp\/v2\/comments?post=13346"}],"wp:featuredmedia":[{"embeddable":true,"href":"https:\/\/www.europesstore.com\/en\/wp-json\/wp\/v2\/media\/13398"}],"wp:attachment":[{"href":"https:\/\/www.europesstore.com\/en\/wp-json\/wp\/v2\/media?parent=13346"}],"wp:term":[{"taxonomy":"product_brand","embeddable":true,"href":"https:\/\/www.europesstore.com\/en\/wp-json\/wp\/v2\/product_brand?post=13346"},{"taxonomy":"product_cat","embeddable":true,"href":"https:\/\/www.europesstore.com\/en\/wp-json\/wp\/v2\/product_cat?post=13346"},{"taxonomy":"product_tag","embeddable":true,"href":"https:\/\/www.europesstore.com\/en\/wp-json\/wp\/v2\/product_tag?post=13346"}],"curies":[{"name":"wp","href":"https:\/\/api.w.org\/{rel}","templated":true}]}}