{"id":13347,"date":"2025-12-06T10:26:45","date_gmt":"2025-12-06T10:26:45","guid":{"rendered":"https:\/\/europesstore.com\/?post_type=product&#038;p=13347"},"modified":"2025-12-06T10:26:45","modified_gmt":"2025-12-06T10:26:45","slug":"tom-ford-rose-prick-eau-de-kadin-parfum-100-ml","status":"publish","type":"product","link":"https:\/\/www.europesstore.com\/en\/product\/tom-ford-rose-prick-eau-de-kadin-parfum-100-ml\/","title":{"rendered":"Tom Ford Rose Prick- Eau de Kad\u0131n Parf\u00fcm 100 ML"},"content":{"rendered":"<p><span style=\"font-family:AvantGardeMedium, Arial, sans-serif;font-size:16px\"><span style=\"float:none;font-style:normal;font-weight:400;letter-spacing:0.4px;text-align:start;text-indent:0px;text-transform:none\">Tom Ford&#8217;un \u00f6zel g\u00fcl bah\u00e7esinden ilham alan Rose Prick, Rose de mai, T\u00fcrk ve Bulgar g\u00fcllerinin g\u00fczel t\u00fcrlerinden olu\u015fan vah\u015fi bir bukettir. Keskin ve bozulmam\u0131\u015f, saplar\u0131n delici dikenleri birbirine kenetlenir ve \u00e7i\u00e7eklerini pembe bir m\u00fckemmellikte birbirine ba\u011flar. Ba\u015fka bir isimle bir g\u00fcl, Tom Ford olamazd\u0131.<\/span><\/span><\/p>","protected":false},"excerpt":{"rendered":"<p>Tom Ford&#8217;un \u00f6zel g\u00fcl bah\u00e7esinden ilham alan Rose Prick, Rose de mai, T\u00fcrk ve Bulgar g\u00fcllerinin g\u00fczel t\u00fcrlerinden olu\u015fan vah\u015fi bir bukettir. Keskin ve bozulmam\u0131\u015f, saplar\u0131n delici dikenleri birbirine kenetlenir ve \u00e7i\u00e7eklerini pembe bir m\u00fckemmellikte birbirine ba\u011flar. Ba\u015fka bir isimle bir g\u00fcl, Tom Ford olamazd\u0131.<\/p>","protected":false},"featured_media":13399,"comment_status":"open","ping_status":"closed","template":"","meta":[],"product_brand":[],"product_cat":[112],"product_tag":[],"class_list":{"0":"post-13347","1":"product","2":"type-product","3":"status-publish","4":"has-post-thumbnail","6":"product_cat-ithal-parfum","8":"first","9":"instock","10":"sale","11":"shipping-taxable","12":"purchasable","13":"product-type-simple"},"jetpack_sharing_enabled":true,"_links":{"self":[{"href":"https:\/\/www.europesstore.com\/en\/wp-json\/wp\/v2\/product\/13347","targetHints":{"allow":["GET"]}}],"collection":[{"href":"https:\/\/www.europesstore.com\/en\/wp-json\/wp\/v2\/product"}],"about":[{"href":"https:\/\/www.europesstore.com\/en\/wp-json\/wp\/v2\/types\/product"}],"replies":[{"embeddable":true,"href":"https:\/\/www.europesstore.com\/en\/wp-json\/wp\/v2\/comments?post=13347"}],"wp:featuredmedia":[{"embeddable":true,"href":"https:\/\/www.europesstore.com\/en\/wp-json\/wp\/v2\/media\/13399"}],"wp:attachment":[{"href":"https:\/\/www.europesstore.com\/en\/wp-json\/wp\/v2\/media?parent=13347"}],"wp:term":[{"taxonomy":"product_brand","embeddable":true,"href":"https:\/\/www.europesstore.com\/en\/wp-json\/wp\/v2\/product_brand?post=13347"},{"taxonomy":"product_cat","embeddable":true,"href":"https:\/\/www.europesstore.com\/en\/wp-json\/wp\/v2\/product_cat?post=13347"},{"taxonomy":"product_tag","embeddable":true,"href":"https:\/\/www.europesstore.com\/en\/wp-json\/wp\/v2\/product_tag?post=13347"}],"curies":[{"name":"wp","href":"https:\/\/api.w.org\/{rel}","templated":true}]}}