{"id":13348,"date":"2025-12-06T10:26:45","date_gmt":"2025-12-06T10:26:45","guid":{"rendered":"https:\/\/europesstore.com\/?post_type=product&#038;p=13348"},"modified":"2025-12-06T10:26:45","modified_gmt":"2025-12-06T10:26:45","slug":"tom-ford-lost-cherry-eau-de-kadin-parfum-100-ml","status":"publish","type":"product","link":"https:\/\/www.europesstore.com\/en\/product\/tom-ford-lost-cherry-eau-de-kadin-parfum-100-ml\/","title":{"rendered":"Tom Ford Lost Cherry &#8211; Eau de Kad\u0131n Parf\u00fcm 100 ML"},"content":{"rendered":"<p><span style=\"font-family:AvantGardeMedium, Arial, sans-serif;font-size:16px\"><span style=\"float:none;font-style:normal;font-weight:400;letter-spacing:0.4px;text-align:start;text-indent:0px;text-transform:none\">Lost Cherry, egzoti\u0307k si\u0307yah ki\u0307raz ve li\u0307k\u00f6r\u00fcn \u015fekerli\u0307 i\u015filtisi, badem notalari, t\u00fcrk g\u00fcl\u00fc ve arap yasemi\u0307ni\u0307 dokunu\u015fuyla duyulari harekete ge\u00e7i\u0307ri\u0307yor.<\/span><\/span><\/p>","protected":false},"excerpt":{"rendered":"<p>Lost Cherry, egzoti\u0307k si\u0307yah ki\u0307raz ve li\u0307k\u00f6r\u00fcn \u015fekerli\u0307 i\u015filtisi, badem notalari, t\u00fcrk g\u00fcl\u00fc ve arap yasemi\u0307ni\u0307 dokunu\u015fuyla duyulari harekete ge\u00e7i\u0307ri\u0307yor.<\/p>","protected":false},"featured_media":13400,"comment_status":"open","ping_status":"closed","template":"","meta":[],"product_brand":[],"product_cat":[112],"product_tag":[],"class_list":{"0":"post-13348","1":"product","2":"type-product","3":"status-publish","4":"has-post-thumbnail","6":"product_cat-ithal-parfum","8":"first","9":"instock","10":"sale","11":"shipping-taxable","12":"purchasable","13":"product-type-simple"},"jetpack_sharing_enabled":true,"_links":{"self":[{"href":"https:\/\/www.europesstore.com\/en\/wp-json\/wp\/v2\/product\/13348","targetHints":{"allow":["GET"]}}],"collection":[{"href":"https:\/\/www.europesstore.com\/en\/wp-json\/wp\/v2\/product"}],"about":[{"href":"https:\/\/www.europesstore.com\/en\/wp-json\/wp\/v2\/types\/product"}],"replies":[{"embeddable":true,"href":"https:\/\/www.europesstore.com\/en\/wp-json\/wp\/v2\/comments?post=13348"}],"wp:featuredmedia":[{"embeddable":true,"href":"https:\/\/www.europesstore.com\/en\/wp-json\/wp\/v2\/media\/13400"}],"wp:attachment":[{"href":"https:\/\/www.europesstore.com\/en\/wp-json\/wp\/v2\/media?parent=13348"}],"wp:term":[{"taxonomy":"product_brand","embeddable":true,"href":"https:\/\/www.europesstore.com\/en\/wp-json\/wp\/v2\/product_brand?post=13348"},{"taxonomy":"product_cat","embeddable":true,"href":"https:\/\/www.europesstore.com\/en\/wp-json\/wp\/v2\/product_cat?post=13348"},{"taxonomy":"product_tag","embeddable":true,"href":"https:\/\/www.europesstore.com\/en\/wp-json\/wp\/v2\/product_tag?post=13348"}],"curies":[{"name":"wp","href":"https:\/\/api.w.org\/{rel}","templated":true}]}}