{"id":13349,"date":"2025-12-06T10:26:45","date_gmt":"2025-12-06T10:26:45","guid":{"rendered":"https:\/\/europesstore.com\/?post_type=product&#038;p=13349"},"modified":"2025-12-06T10:26:45","modified_gmt":"2025-12-06T10:26:45","slug":"tom-ford-tuscan-leather-eau-de-kadin-parfum-100-ml","status":"publish","type":"product","link":"https:\/\/www.europesstore.com\/en\/product\/tom-ford-tuscan-leather-eau-de-kadin-parfum-100-ml\/","title":{"rendered":"Tom Ford Tuscan Leather &#8211; Eau de Kad\u0131n Parf\u00fcm 100 ML"},"content":{"rendered":"<p><span style=\"font-family:AvantGardeMedium, Arial, sans-serif;font-size:16px\"><span style=\"float:none;font-style:normal;font-weight:400;letter-spacing:0.4px;text-align:start;text-indent:0px;text-transform:none\">Uyumlu. Birincil. A\u015f\u0131r\u0131. Tom Ford&#8217;un derilere olan a\u015fk\u0131ndan ilham al\u0131nd\u0131. Tuscan leather derinin hayvans\u0131, asi kokusunu ve p\u00fcr\u00fczs\u00fcz kalitesini yans\u0131t\u0131yor. Gece a\u00e7an yasemin ve siyah s\u00fcet ise bu parf\u00fcme farkl\u0131 ve modern bir boyut kazand\u0131r\u0131yor.<\/span><\/span><\/p>","protected":false},"excerpt":{"rendered":"<p>Uyumlu. Birincil. A\u015f\u0131r\u0131. Tom Ford&#8217;un derilere olan a\u015fk\u0131ndan ilham al\u0131nd\u0131. Tuscan leather derinin hayvans\u0131, asi kokusunu ve p\u00fcr\u00fczs\u00fcz kalitesini yans\u0131t\u0131yor. Gece a\u00e7an yasemin ve siyah s\u00fcet ise bu parf\u00fcme farkl\u0131 ve modern bir boyut kazand\u0131r\u0131yor.<\/p>","protected":false},"featured_media":13408,"comment_status":"open","ping_status":"closed","template":"","meta":[],"product_brand":[],"product_cat":[112],"product_tag":[],"class_list":{"0":"post-13349","1":"product","2":"type-product","3":"status-publish","4":"has-post-thumbnail","6":"product_cat-ithal-parfum","8":"first","9":"instock","10":"sale","11":"shipping-taxable","12":"purchasable","13":"product-type-simple"},"jetpack_sharing_enabled":true,"_links":{"self":[{"href":"https:\/\/www.europesstore.com\/en\/wp-json\/wp\/v2\/product\/13349","targetHints":{"allow":["GET"]}}],"collection":[{"href":"https:\/\/www.europesstore.com\/en\/wp-json\/wp\/v2\/product"}],"about":[{"href":"https:\/\/www.europesstore.com\/en\/wp-json\/wp\/v2\/types\/product"}],"replies":[{"embeddable":true,"href":"https:\/\/www.europesstore.com\/en\/wp-json\/wp\/v2\/comments?post=13349"}],"wp:featuredmedia":[{"embeddable":true,"href":"https:\/\/www.europesstore.com\/en\/wp-json\/wp\/v2\/media\/13408"}],"wp:attachment":[{"href":"https:\/\/www.europesstore.com\/en\/wp-json\/wp\/v2\/media?parent=13349"}],"wp:term":[{"taxonomy":"product_brand","embeddable":true,"href":"https:\/\/www.europesstore.com\/en\/wp-json\/wp\/v2\/product_brand?post=13349"},{"taxonomy":"product_cat","embeddable":true,"href":"https:\/\/www.europesstore.com\/en\/wp-json\/wp\/v2\/product_cat?post=13349"},{"taxonomy":"product_tag","embeddable":true,"href":"https:\/\/www.europesstore.com\/en\/wp-json\/wp\/v2\/product_tag?post=13349"}],"curies":[{"name":"wp","href":"https:\/\/api.w.org\/{rel}","templated":true}]}}