{"id":13357,"date":"2025-12-06T10:26:45","date_gmt":"2025-12-06T10:26:45","guid":{"rendered":"https:\/\/europesstore.com\/?post_type=product&#038;p=13357"},"modified":"2025-12-06T10:26:45","modified_gmt":"2025-12-06T10:26:45","slug":"tom-ford-rose-damalfi-eau-de-kadin-parfum-100-ml","status":"publish","type":"product","link":"https:\/\/www.europesstore.com\/en\/product\/tom-ford-rose-damalfi-eau-de-kadin-parfum-100-ml\/","title":{"rendered":"Tom Ford Rose D&#8217;amalfi- Eau de Kad\u0131n Parf\u00fcm 100 ML"},"content":{"rendered":"<p><span style=\"font-family:TTNormsPro;font-size:15px\"><span style=\"float:none;font-style:normal;font-weight:400;letter-spacing:0.3px;text-align:start;text-indent:0px;text-transform:none\">Tom Ford sizi, her biri kendi s\u0131\u011f\u0131na\u011f\u0131ndaki enfes, nadir \u00e7i\u00e7eklerden ilham alan, k\u0131yaslanamayacak kadar hareketli \u00fc\u00e7 destinasyonu \u00e7a\u011fr\u0131\u015ft\u0131ran k\u0131\u015fk\u0131rt\u0131c\u0131 bir koku \u00fc\u00e7lemesi olan Private Rose Garden&#8217;\u0131 deneyimlemeye davet ediyor<\/span><\/span><br \/><span style=\"font-family:TTNormsPro;font-size:15px\"><span style=\"float:none;font-style:normal;font-weight:400;letter-spacing:0.3px;text-align:start;text-indent:0px;text-transform:none\">Kullan\u0131m \u015eekli: Parf\u00fcm\u00fc direkt olaraktemiz cildinize 15-20 cm uzakl\u0131\u011f\u0131ndan s\u0131k\u0131n ve kendili\u011finden kurumas\u0131n\u0131 bekleyin<\/span><\/span><br \/><span style=\"font-family:TTNormsPro;font-size:15px\"><span style=\"float:none;font-style:normal;font-weight:400;letter-spacing:0.3px;text-align:start;text-indent:0px;text-transform:none\">\u00dcr\u00fcn \u0130\u00e7eri\u011fi: Pembe biber, roysfolia g\u00fcl\u00fc, peru balsam\u0131, g\u00fcne\u015f \u00e7i\u00e7e\u011fi<\/span><\/span><\/p>","protected":false},"excerpt":{"rendered":"<p>Tom Ford sizi, her biri kendi s\u0131\u011f\u0131na\u011f\u0131ndaki enfes, nadir \u00e7i\u00e7eklerden ilham alan, k\u0131yaslanamayacak kadar hareketli \u00fc\u00e7 destinasyonu \u00e7a\u011fr\u0131\u015ft\u0131ran k\u0131\u015fk\u0131rt\u0131c\u0131 bir koku \u00fc\u00e7lemesi olan Private Rose Garden&#8217;\u0131 deneyimlemeye davet ediyorKullan\u0131m \u015eekli: Parf\u00fcm\u00fc direkt olaraktemiz cildinize 15-20 cm uzakl\u0131\u011f\u0131ndan s\u0131k\u0131n ve kendili\u011finden kurumas\u0131n\u0131 bekleyin\u00dcr\u00fcn \u0130\u00e7eri\u011fi: Pembe biber, roysfolia g\u00fcl\u00fc, peru balsam\u0131, g\u00fcne\u015f \u00e7i\u00e7e\u011fi<\/p>","protected":false},"featured_media":13409,"comment_status":"open","ping_status":"closed","template":"","meta":[],"product_brand":[],"product_cat":[112],"product_tag":[],"class_list":{"0":"post-13357","1":"product","2":"type-product","3":"status-publish","4":"has-post-thumbnail","6":"product_cat-ithal-parfum","8":"first","9":"instock","10":"sale","11":"shipping-taxable","12":"purchasable","13":"product-type-simple"},"jetpack_sharing_enabled":true,"_links":{"self":[{"href":"https:\/\/www.europesstore.com\/en\/wp-json\/wp\/v2\/product\/13357","targetHints":{"allow":["GET"]}}],"collection":[{"href":"https:\/\/www.europesstore.com\/en\/wp-json\/wp\/v2\/product"}],"about":[{"href":"https:\/\/www.europesstore.com\/en\/wp-json\/wp\/v2\/types\/product"}],"replies":[{"embeddable":true,"href":"https:\/\/www.europesstore.com\/en\/wp-json\/wp\/v2\/comments?post=13357"}],"wp:featuredmedia":[{"embeddable":true,"href":"https:\/\/www.europesstore.com\/en\/wp-json\/wp\/v2\/media\/13409"}],"wp:attachment":[{"href":"https:\/\/www.europesstore.com\/en\/wp-json\/wp\/v2\/media?parent=13357"}],"wp:term":[{"taxonomy":"product_brand","embeddable":true,"href":"https:\/\/www.europesstore.com\/en\/wp-json\/wp\/v2\/product_brand?post=13357"},{"taxonomy":"product_cat","embeddable":true,"href":"https:\/\/www.europesstore.com\/en\/wp-json\/wp\/v2\/product_cat?post=13357"},{"taxonomy":"product_tag","embeddable":true,"href":"https:\/\/www.europesstore.com\/en\/wp-json\/wp\/v2\/product_tag?post=13357"}],"curies":[{"name":"wp","href":"https:\/\/api.w.org\/{rel}","templated":true}]}}