{"id":13359,"date":"2025-12-06T10:26:44","date_gmt":"2025-12-06T10:26:44","guid":{"rendered":"https:\/\/europesstore.com\/?post_type=product&#038;p=13359"},"modified":"2025-12-06T10:26:44","modified_gmt":"2025-12-06T10:26:44","slug":"tom-ford-noir-de-noir-eau-de-erkek-parfum-100-ml","status":"publish","type":"product","link":"https:\/\/www.europesstore.com\/en\/product\/tom-ford-noir-de-noir-eau-de-erkek-parfum-100-ml\/","title":{"rendered":"Tom Ford Noir de Noir &#8211; Eau de Erkek Parf\u00fcm 100 ML"},"content":{"rendered":"<p><span style=\"font-family:AvantGardeMedium, Arial, sans-serif;font-size:16px\"><span style=\"float:none;font-style:normal;font-weight:400;letter-spacing:0.4px;text-align:start;text-indent:0px;text-transform:none\">Karanl\u0131k. Seksi. Ho\u015fg\u00f6r\u00fcl\u00fc. Bu zengin oryantal Tom Ford\u2019un feminen y\u00f6n\u00fcn\u00fc ortaya \u00e7\u0131kar\u0131yor. Pasif kad\u0131n ve aktif erke\u011fe g\u00f6nderme yap\u0131yor.&nbsp;<\/span><\/span><\/p>\n<p><span style=\"font-family:AvantGardeMedium, Arial, sans-serif;font-size:16px\"><span style=\"float:none;font-style:normal;font-weight:400;letter-spacing:0.4px;text-align:start;text-indent:0px;text-transform:none\">Tom Ford Noir De Noir ile ying ve yang\u0131n muhte\u015femli\u011fini kutluyor. Zengin feminen ve erkeksi notalar ile tezat olu\u015fturarak sonsuz bir merak uyand\u0131r\u0131yor<\/span><\/span><\/p>","protected":false},"excerpt":{"rendered":"<p>Karanl\u0131k. Seksi. Ho\u015fg\u00f6r\u00fcl\u00fc. Bu zengin oryantal Tom Ford\u2019un feminen y\u00f6n\u00fcn\u00fc ortaya \u00e7\u0131kar\u0131yor. Pasif kad\u0131n ve aktif erke\u011fe g\u00f6nderme yap\u0131yor.&nbsp; Tom Ford Noir De Noir ile ying ve yang\u0131n muhte\u015femli\u011fini kutluyor. Zengin feminen ve erkeksi notalar ile tezat olu\u015fturarak sonsuz bir merak uyand\u0131r\u0131yor<\/p>","protected":false},"featured_media":13411,"comment_status":"open","ping_status":"closed","template":"","meta":[],"product_brand":[],"product_cat":[146,112],"product_tag":[],"class_list":{"0":"post-13359","1":"product","2":"type-product","3":"status-publish","4":"has-post-thumbnail","6":"product_cat-ithal-erkek-parfum","7":"product_cat-ithal-parfum","9":"first","10":"instock","11":"sale","12":"shipping-taxable","13":"purchasable","14":"product-type-simple"},"jetpack_sharing_enabled":true,"_links":{"self":[{"href":"https:\/\/www.europesstore.com\/en\/wp-json\/wp\/v2\/product\/13359","targetHints":{"allow":["GET"]}}],"collection":[{"href":"https:\/\/www.europesstore.com\/en\/wp-json\/wp\/v2\/product"}],"about":[{"href":"https:\/\/www.europesstore.com\/en\/wp-json\/wp\/v2\/types\/product"}],"replies":[{"embeddable":true,"href":"https:\/\/www.europesstore.com\/en\/wp-json\/wp\/v2\/comments?post=13359"}],"wp:featuredmedia":[{"embeddable":true,"href":"https:\/\/www.europesstore.com\/en\/wp-json\/wp\/v2\/media\/13411"}],"wp:attachment":[{"href":"https:\/\/www.europesstore.com\/en\/wp-json\/wp\/v2\/media?parent=13359"}],"wp:term":[{"taxonomy":"product_brand","embeddable":true,"href":"https:\/\/www.europesstore.com\/en\/wp-json\/wp\/v2\/product_brand?post=13359"},{"taxonomy":"product_cat","embeddable":true,"href":"https:\/\/www.europesstore.com\/en\/wp-json\/wp\/v2\/product_cat?post=13359"},{"taxonomy":"product_tag","embeddable":true,"href":"https:\/\/www.europesstore.com\/en\/wp-json\/wp\/v2\/product_tag?post=13359"}],"curies":[{"name":"wp","href":"https:\/\/api.w.org\/{rel}","templated":true}]}}