{"id":13360,"date":"2025-12-06T10:26:44","date_gmt":"2025-12-06T10:26:44","guid":{"rendered":"https:\/\/europesstore.com\/?post_type=product&#038;p=13360"},"modified":"2025-12-06T10:26:44","modified_gmt":"2025-12-06T10:26:44","slug":"tom-ford-ebene-fume-eau-de-unisex-parfum-100-ml","status":"publish","type":"product","link":"https:\/\/www.europesstore.com\/en\/product\/tom-ford-ebene-fume-eau-de-unisex-parfum-100-ml\/","title":{"rendered":"Tom Ford \u00c9b\u00e8ne Fum\u00e9- Eau de Unisex Parf\u00fcm 100 ML"},"content":{"rendered":"<p style=\"font-family:AvantGardeMedium, Arial, sans-serif;font-size:16px;font-style:normal;font-weight:400;letter-spacing:0.4px;line-height:24px;margin:0px 0px 1.5em;padding:0px;text-align:start;text-indent:0px;text-transform:none\">\u00c9B\u00c8NE FUM\u00c9, Palo Santo&#8217;nun antik rit\u00fcelini yans\u0131tan a\u015fk\u0131n bir koku. S\u0131cak ormanlar\u0131n, taze otlar\u0131n, b\u00fcy\u00fcleyici re\u00e7inelerin ve g\u00f6steri\u015fli \u00e7i\u00e7eklerin kalbinde hem sakinlik hem de yeniden odaklanma sa\u011flar. \u00c9B\u00c8NE FUM\u00c9, ar\u0131nd\u0131r\u0131c\u0131 bir nefes gibi bizi b\u00fcy\u00fcleyici bir deneyimin kalbine g\u00f6t\u00fcr\u00fcyor.<\/p>\n<p style=\"font-family:AvantGardeMedium, Arial, sans-serif;font-size:16px;font-style:normal;font-weight:400;letter-spacing:0.4px;line-height:24px;margin:0px 0px 1.5em;padding:0px;text-align:start;text-indent:0px;text-transform:none\">Palo Santo&#8217;dan gelen duman girdaplar\u0131, bu efsanevi ah\u015fab\u0131n ar\u0131nd\u0131r\u0131c\u0131 faydalar\u0131 sayesinde ruhu canland\u0131ran temiz bir nefes gibi, DUMANLI ABONY&#8217;nin kalbi ile i\u00e7 i\u00e7e ge\u00e7iyor.<\/p>\n<p style=\"font-family:AvantGardeMedium, Arial, sans-serif;font-size:16px;font-style:normal;font-weight:400;letter-spacing:0.4px;line-height:24px;margin:0px 0px 1.5em;padding:0px;text-align:start;text-indent:0px;text-transform:none\">F\u00dcME Abanoz, ruhu y\u00fccelten ruhsal bir duygusall\u0131\u011fa sahiptir&#8230; ki bu belki de zevklerin en b\u00fcy\u00fcleyicisidir<\/p>","protected":false},"excerpt":{"rendered":"<p>\u00c9B\u00c8NE FUM\u00c9, Palo Santo&#8217;nun antik rit\u00fcelini yans\u0131tan a\u015fk\u0131n bir koku. S\u0131cak ormanlar\u0131n, taze otlar\u0131n, b\u00fcy\u00fcleyici re\u00e7inelerin ve g\u00f6steri\u015fli \u00e7i\u00e7eklerin kalbinde hem sakinlik hem de yeniden odaklanma sa\u011flar. \u00c9B\u00c8NE FUM\u00c9, ar\u0131nd\u0131r\u0131c\u0131 bir nefes gibi bizi b\u00fcy\u00fcleyici bir deneyimin kalbine g\u00f6t\u00fcr\u00fcyor. Palo Santo&#8217;dan gelen duman girdaplar\u0131, bu efsanevi ah\u015fab\u0131n ar\u0131nd\u0131r\u0131c\u0131 faydalar\u0131 sayesinde ruhu canland\u0131ran temiz bir nefes [&hellip;]<\/p>","protected":false},"featured_media":13412,"comment_status":"open","ping_status":"closed","template":"","meta":[],"product_brand":[],"product_cat":[112,150],"product_tag":[],"class_list":{"0":"post-13360","1":"product","2":"type-product","3":"status-publish","4":"has-post-thumbnail","6":"product_cat-ithal-parfum","7":"product_cat-ithal-unisex-parfum","9":"first","10":"instock","11":"sale","12":"shipping-taxable","13":"purchasable","14":"product-type-simple"},"jetpack_sharing_enabled":true,"_links":{"self":[{"href":"https:\/\/www.europesstore.com\/en\/wp-json\/wp\/v2\/product\/13360","targetHints":{"allow":["GET"]}}],"collection":[{"href":"https:\/\/www.europesstore.com\/en\/wp-json\/wp\/v2\/product"}],"about":[{"href":"https:\/\/www.europesstore.com\/en\/wp-json\/wp\/v2\/types\/product"}],"replies":[{"embeddable":true,"href":"https:\/\/www.europesstore.com\/en\/wp-json\/wp\/v2\/comments?post=13360"}],"wp:featuredmedia":[{"embeddable":true,"href":"https:\/\/www.europesstore.com\/en\/wp-json\/wp\/v2\/media\/13412"}],"wp:attachment":[{"href":"https:\/\/www.europesstore.com\/en\/wp-json\/wp\/v2\/media?parent=13360"}],"wp:term":[{"taxonomy":"product_brand","embeddable":true,"href":"https:\/\/www.europesstore.com\/en\/wp-json\/wp\/v2\/product_brand?post=13360"},{"taxonomy":"product_cat","embeddable":true,"href":"https:\/\/www.europesstore.com\/en\/wp-json\/wp\/v2\/product_cat?post=13360"},{"taxonomy":"product_tag","embeddable":true,"href":"https:\/\/www.europesstore.com\/en\/wp-json\/wp\/v2\/product_tag?post=13360"}],"curies":[{"name":"wp","href":"https:\/\/api.w.org\/{rel}","templated":true}]}}