{"id":13371,"date":"2025-12-06T10:26:43","date_gmt":"2025-12-06T10:26:43","guid":{"rendered":"https:\/\/europesstore.com\/?post_type=product&#038;p=13371"},"modified":"2025-12-06T10:26:44","modified_gmt":"2025-12-06T10:26:44","slug":"tom-ford-oud-minerale-eau-de-erkek-parfum-100-ml","status":"publish","type":"product","link":"https:\/\/www.europesstore.com\/en\/product\/tom-ford-oud-minerale-eau-de-erkek-parfum-100-ml\/","title":{"rendered":"Tom Ford Oud Minerale- Eau de Erkek Parf\u00fcm 100 ML"},"content":{"rendered":"<p><span style=\"font-family:AvantGardeMedium, Arial, sans-serif;font-size:16px\"><span style=\"float:none;font-style:normal;font-weight:400;letter-spacing:0.4px;text-align:start;text-indent:0px;text-transform:none\">\u00c7\u00f6l denizle, macera gizemle bulu\u015fuyor ve yeni bir boyut ortaya \u00e7\u0131k\u0131yor. Oud Min\u00e9rale, zengin ud notalar\u0131n\u0131 canland\u0131r\u0131c\u0131 okyanus mineralli\u011fiyle birle\u015ftirerek odunsu bir deniz kokusu sunuyor. \u0130\u00e7eri\u011findeki Balsam G\u00f6knar\u0131 ve ambergris, d\u00fcnyevi ve deniz tonlar\u0131n\u0131 dengelerken, udun s\u0131cakl\u0131\u011f\u0131 taze pembe biber dalgas\u0131yla zenginle\u015fiyor.&nbsp;<\/span><\/span><\/p>\n<p><span style=\"font-family:AvantGardeMedium, Arial, sans-serif;font-size:16px\"><span style=\"float:none;font-style:normal;font-weight:400;letter-spacing:0.4px;text-align:start;text-indent:0px;text-transform:none\">Bu dumanl\u0131 orman dalgas\u0131, elementlerin z\u0131t birle\u015fimi i\u00e7in \u015fehvetli, cildi kavrayan miskleri kucakl\u0131yor.<\/span><\/span><\/p>","protected":false},"excerpt":{"rendered":"<p>\u00c7\u00f6l denizle, macera gizemle bulu\u015fuyor ve yeni bir boyut ortaya \u00e7\u0131k\u0131yor. Oud Min\u00e9rale, zengin ud notalar\u0131n\u0131 canland\u0131r\u0131c\u0131 okyanus mineralli\u011fiyle birle\u015ftirerek odunsu bir deniz kokusu sunuyor. \u0130\u00e7eri\u011findeki Balsam G\u00f6knar\u0131 ve ambergris, d\u00fcnyevi ve deniz tonlar\u0131n\u0131 dengelerken, udun s\u0131cakl\u0131\u011f\u0131 taze pembe biber dalgas\u0131yla zenginle\u015fiyor.&nbsp; Bu dumanl\u0131 orman dalgas\u0131, elementlerin z\u0131t birle\u015fimi i\u00e7in \u015fehvetli, cildi kavrayan miskleri kucakl\u0131yor.<\/p>","protected":false},"featured_media":13423,"comment_status":"open","ping_status":"closed","template":"","meta":[],"product_brand":[],"product_cat":[146,112],"product_tag":[],"class_list":{"0":"post-13371","1":"product","2":"type-product","3":"status-publish","4":"has-post-thumbnail","6":"product_cat-ithal-erkek-parfum","7":"product_cat-ithal-parfum","9":"first","10":"instock","11":"sale","12":"shipping-taxable","13":"purchasable","14":"product-type-simple"},"jetpack_sharing_enabled":true,"_links":{"self":[{"href":"https:\/\/www.europesstore.com\/en\/wp-json\/wp\/v2\/product\/13371","targetHints":{"allow":["GET"]}}],"collection":[{"href":"https:\/\/www.europesstore.com\/en\/wp-json\/wp\/v2\/product"}],"about":[{"href":"https:\/\/www.europesstore.com\/en\/wp-json\/wp\/v2\/types\/product"}],"replies":[{"embeddable":true,"href":"https:\/\/www.europesstore.com\/en\/wp-json\/wp\/v2\/comments?post=13371"}],"wp:featuredmedia":[{"embeddable":true,"href":"https:\/\/www.europesstore.com\/en\/wp-json\/wp\/v2\/media\/13423"}],"wp:attachment":[{"href":"https:\/\/www.europesstore.com\/en\/wp-json\/wp\/v2\/media?parent=13371"}],"wp:term":[{"taxonomy":"product_brand","embeddable":true,"href":"https:\/\/www.europesstore.com\/en\/wp-json\/wp\/v2\/product_brand?post=13371"},{"taxonomy":"product_cat","embeddable":true,"href":"https:\/\/www.europesstore.com\/en\/wp-json\/wp\/v2\/product_cat?post=13371"},{"taxonomy":"product_tag","embeddable":true,"href":"https:\/\/www.europesstore.com\/en\/wp-json\/wp\/v2\/product_tag?post=13371"}],"curies":[{"name":"wp","href":"https:\/\/api.w.org\/{rel}","templated":true}]}}