{"id":13372,"date":"2025-12-06T10:26:43","date_gmt":"2025-12-06T10:26:43","guid":{"rendered":"https:\/\/europesstore.com\/?post_type=product&#038;p=13372"},"modified":"2025-12-06T10:26:43","modified_gmt":"2025-12-06T10:26:43","slug":"tom-ford-tobacco-vanille-eau-de-erkek-parfum-100-ml","status":"publish","type":"product","link":"https:\/\/www.europesstore.com\/en\/product\/tom-ford-tobacco-vanille-eau-de-erkek-parfum-100-ml\/","title":{"rendered":"Tom Ford Tobacco Vanille- Eau de Erkek Parf\u00fcm 100 ML"},"content":{"rendered":"<p><span style=\"font-family:AvantGardeMedium, Arial, sans-serif;font-size:16px\"><span style=\"float:none;font-style:normal;font-weight:400;letter-spacing:0.4px;text-align:start;text-indent:0px;text-transform:none\">Varl\u0131kl\u0131. S\u0131cak. \u0130konik. Tom Ford&#8217;un Londra&#8217;ya olan tutkusu bu kokunun esin kayna\u011f\u0131d\u0131r.&nbsp;<\/span><\/span><br \/><span style=\"font-family:AvantGardeMedium, Arial, sans-serif;font-size:16px\"><span style=\"float:none;font-style:normal;font-weight:400;letter-spacing:0.4px;text-align:start;text-indent:0px;text-transform:none\">\u0130ngiliz centilmenler kul\u00fcb\u00fcn\u00fc an\u0131msatan, zarif, pipo t\u00fct\u00fcn\u00fc ve baharatlarla harmanlanm\u0131\u015f bir koku&#8230;<\/span><\/span><\/p>","protected":false},"excerpt":{"rendered":"<p>Varl\u0131kl\u0131. S\u0131cak. \u0130konik. Tom Ford&#8217;un Londra&#8217;ya olan tutkusu bu kokunun esin kayna\u011f\u0131d\u0131r.&nbsp;\u0130ngiliz centilmenler kul\u00fcb\u00fcn\u00fc an\u0131msatan, zarif, pipo t\u00fct\u00fcn\u00fc ve baharatlarla harmanlanm\u0131\u015f bir koku&#8230;<\/p>","protected":false},"featured_media":13424,"comment_status":"open","ping_status":"closed","template":"","meta":[],"product_brand":[],"product_cat":[146,112],"product_tag":[],"class_list":{"0":"post-13372","1":"product","2":"type-product","3":"status-publish","4":"has-post-thumbnail","6":"product_cat-ithal-erkek-parfum","7":"product_cat-ithal-parfum","9":"first","10":"instock","11":"sale","12":"shipping-taxable","13":"purchasable","14":"product-type-simple"},"jetpack_sharing_enabled":true,"_links":{"self":[{"href":"https:\/\/www.europesstore.com\/en\/wp-json\/wp\/v2\/product\/13372","targetHints":{"allow":["GET"]}}],"collection":[{"href":"https:\/\/www.europesstore.com\/en\/wp-json\/wp\/v2\/product"}],"about":[{"href":"https:\/\/www.europesstore.com\/en\/wp-json\/wp\/v2\/types\/product"}],"replies":[{"embeddable":true,"href":"https:\/\/www.europesstore.com\/en\/wp-json\/wp\/v2\/comments?post=13372"}],"wp:featuredmedia":[{"embeddable":true,"href":"https:\/\/www.europesstore.com\/en\/wp-json\/wp\/v2\/media\/13424"}],"wp:attachment":[{"href":"https:\/\/www.europesstore.com\/en\/wp-json\/wp\/v2\/media?parent=13372"}],"wp:term":[{"taxonomy":"product_brand","embeddable":true,"href":"https:\/\/www.europesstore.com\/en\/wp-json\/wp\/v2\/product_brand?post=13372"},{"taxonomy":"product_cat","embeddable":true,"href":"https:\/\/www.europesstore.com\/en\/wp-json\/wp\/v2\/product_cat?post=13372"},{"taxonomy":"product_tag","embeddable":true,"href":"https:\/\/www.europesstore.com\/en\/wp-json\/wp\/v2\/product_tag?post=13372"}],"curies":[{"name":"wp","href":"https:\/\/api.w.org\/{rel}","templated":true}]}}