{"id":13374,"date":"2025-12-06T10:26:43","date_gmt":"2025-12-06T10:26:43","guid":{"rendered":"https:\/\/europesstore.com\/?post_type=product&#038;p=13374"},"modified":"2025-12-06T10:26:43","modified_gmt":"2025-12-06T10:26:43","slug":"dolce-gabbana-limperatrice-royale-eau-de-kadin-parfum-100-ml","status":"publish","type":"product","link":"https:\/\/www.europesstore.com\/en\/product\/dolce-gabbana-limperatrice-royale-eau-de-kadin-parfum-100-ml\/","title":{"rendered":"Dolce &amp; Gabbana L&#8217;Imperatrice Royale Eau De Kad\u0131n Parf\u00fcm &#8211; 100 ML"},"content":{"rendered":"<p><span style=\"color:#000000;font-family:Verdana, Geneva, sans-serif\"><b style=\"--tw-blur:;--tw-border-opacity:1;--tw-brightness:;--tw-contrast:;--tw-drop-shadow:;--tw-filter:;--tw-grayscale:;--tw-hue-rotate:;--tw-invert:;--tw-ring-offset-shadow:0 0 #0000;--tw-ring-shadow:0 0 #0000;--tw-rotate:0;--tw-saturate:;--tw-scale-x:1;--tw-scale-y:1;--tw-sepia:;--tw-shadow:0 0 #0000;--tw-skew-x:0;--tw-skew-y:0;--tw-translate-x:0;--tw-translate-y:0;font-weight:bolder;margin:0px;padding:0px\"><font style=\"--tw-blur:;--tw-border-opacity:1;--tw-brightness:;--tw-contrast:;--tw-drop-shadow:;--tw-filter:;--tw-grayscale:;--tw-hue-rotate:;--tw-invert:;--tw-ring-offset-shadow:0 0 #0000;--tw-ring-shadow:0 0 #0000;--tw-rotate:0;--tw-saturate:;--tw-scale-x:1;--tw-scale-y:1;--tw-sepia:;--tw-shadow:0 0 #0000;--tw-skew-x:0;--tw-skew-y:0;--tw-translate-x:0;--tw-translate-y:0;margin:0px;padding:0px\"><strong>\u00c7i\u00e7eksi Meyveli koku, her notada canl\u0131 ve kendine g\u00fcvenen bir karakter ortaya \u00e7\u0131kar\u0131r. K\u0131z\u0131lc\u0131klar\u0131n ek\u015fi, sulu \u0131\u015f\u0131lt\u0131s\u0131yla a\u00e7\u0131l\u0131yor ve cesur ve e\u011flenceli bir ton olu\u015fturuyor. \u00d6z\u00fcnde, a\u00e7elyan\u0131n narin g\u00fczelli\u011fi yumu\u015fak, \u00e7i\u00e7eksi bir zarafetle \u00e7i\u00e7ek a\u00e7\u0131yor ve rafine ve modern bir kad\u0131nl\u0131k kat\u0131yor. Koku, do\u011fal g\u00fc\u00e7 ve sofistikeli\u011fin topraklay\u0131c\u0131 bir dokunu\u015funu sunan s\u0131cak, odunsu bir Virginia sediri temeline yerle\u015fiyor. \u00dcst nota: K\u0131z\u0131lc\u0131k Orta nota: A\u00e7elya Alt nota: Virginia Sediri<\/strong><\/font><\/b><\/span><\/p>","protected":false},"excerpt":{"rendered":"<p>\u00c7i\u00e7eksi Meyveli koku, her notada canl\u0131 ve kendine g\u00fcvenen bir karakter ortaya \u00e7\u0131kar\u0131r. K\u0131z\u0131lc\u0131klar\u0131n ek\u015fi, sulu \u0131\u015f\u0131lt\u0131s\u0131yla a\u00e7\u0131l\u0131yor ve cesur ve e\u011flenceli bir ton olu\u015fturuyor. \u00d6z\u00fcnde, a\u00e7elyan\u0131n narin g\u00fczelli\u011fi yumu\u015fak, \u00e7i\u00e7eksi bir zarafetle \u00e7i\u00e7ek a\u00e7\u0131yor ve rafine ve modern bir kad\u0131nl\u0131k kat\u0131yor. Koku, do\u011fal g\u00fc\u00e7 ve sofistikeli\u011fin topraklay\u0131c\u0131 bir dokunu\u015funu sunan s\u0131cak, odunsu bir Virginia [&hellip;]<\/p>","protected":false},"featured_media":13426,"comment_status":"open","ping_status":"closed","template":"","meta":[],"product_brand":[],"product_cat":[144,112],"product_tag":[],"class_list":{"0":"post-13374","1":"product","2":"type-product","3":"status-publish","4":"has-post-thumbnail","6":"product_cat-ithal-kadin-parfum","7":"product_cat-ithal-parfum","9":"first","10":"instock","11":"sale","12":"shipping-taxable","13":"purchasable","14":"product-type-simple"},"jetpack_sharing_enabled":true,"_links":{"self":[{"href":"https:\/\/www.europesstore.com\/en\/wp-json\/wp\/v2\/product\/13374","targetHints":{"allow":["GET"]}}],"collection":[{"href":"https:\/\/www.europesstore.com\/en\/wp-json\/wp\/v2\/product"}],"about":[{"href":"https:\/\/www.europesstore.com\/en\/wp-json\/wp\/v2\/types\/product"}],"replies":[{"embeddable":true,"href":"https:\/\/www.europesstore.com\/en\/wp-json\/wp\/v2\/comments?post=13374"}],"wp:featuredmedia":[{"embeddable":true,"href":"https:\/\/www.europesstore.com\/en\/wp-json\/wp\/v2\/media\/13426"}],"wp:attachment":[{"href":"https:\/\/www.europesstore.com\/en\/wp-json\/wp\/v2\/media?parent=13374"}],"wp:term":[{"taxonomy":"product_brand","embeddable":true,"href":"https:\/\/www.europesstore.com\/en\/wp-json\/wp\/v2\/product_brand?post=13374"},{"taxonomy":"product_cat","embeddable":true,"href":"https:\/\/www.europesstore.com\/en\/wp-json\/wp\/v2\/product_cat?post=13374"},{"taxonomy":"product_tag","embeddable":true,"href":"https:\/\/www.europesstore.com\/en\/wp-json\/wp\/v2\/product_tag?post=13374"}],"curies":[{"name":"wp","href":"https:\/\/api.w.org\/{rel}","templated":true}]}}