{"id":13377,"date":"2025-12-06T10:26:43","date_gmt":"2025-12-06T10:26:43","guid":{"rendered":"https:\/\/europesstore.com\/?post_type=product&#038;p=13377"},"modified":"2025-12-06T10:26:43","modified_gmt":"2025-12-06T10:26:43","slug":"tom-ford-soleil-blanc-eau-de-kadin-parfum-100-ml","status":"publish","type":"product","link":"https:\/\/www.europesstore.com\/en\/product\/tom-ford-soleil-blanc-eau-de-kadin-parfum-100-ml\/","title":{"rendered":"Tom Ford Soleil Blanc- Eau de Kad\u0131n Parf\u00fcm 100 ML"},"content":{"rendered":"<p><span style=\"font-family:AvantGardeMedium, Arial, sans-serif;font-size:16px\"><span style=\"float:none;font-style:normal;font-weight:400;letter-spacing:0.4px;text-align:start;text-indent:0px;text-transform:none\">Tom Ford solei\u0307l blanc; g\u00fcne\u015fi\u0307n sicakli\u011fini ve l\u00fcks\u00fcn kar\u015fi konulmazli\u011fini tom ford solei\u0307l i\u0307le yansitiyor. parf\u00fcm\u00fcn \u00e7i\u0307\u00e7eksi\u0307 notalarinda,ba\u015ftan \u00e7ikarici ylang ylang, misir yasemi\u0307ni\u0307 ve s\u00fcmb\u00fclteberi\u0307n, g\u00fcne\u015ften i\u0307lham alan kari\u015fimi \u00f6ne \u00e7ikiyor,parf\u00fcm\u00fcn \u00f6z\u00fcnde,sicak amber ve tonka a\u011facinin, hi\u0307ndi\u0307stan cevi\u0307zi\u0307 s\u00fct\u00fcnden i\u0307lham alan kremsi\u0307 kari\u015fimi si\u0307zi\u0307 ilik bi\u0307r yaz ak\u015fami r\u00fcyasina g\u00f6t\u00fcr\u00fcyor.<\/span><\/span><\/p>","protected":false},"excerpt":{"rendered":"<p>Tom Ford solei\u0307l blanc; g\u00fcne\u015fi\u0307n sicakli\u011fini ve l\u00fcks\u00fcn kar\u015fi konulmazli\u011fini tom ford solei\u0307l i\u0307le yansitiyor. parf\u00fcm\u00fcn \u00e7i\u0307\u00e7eksi\u0307 notalarinda,ba\u015ftan \u00e7ikarici ylang ylang, misir yasemi\u0307ni\u0307 ve s\u00fcmb\u00fclteberi\u0307n, g\u00fcne\u015ften i\u0307lham alan kari\u015fimi \u00f6ne \u00e7ikiyor,parf\u00fcm\u00fcn \u00f6z\u00fcnde,sicak amber ve tonka a\u011facinin, hi\u0307ndi\u0307stan cevi\u0307zi\u0307 s\u00fct\u00fcnden i\u0307lham alan kremsi\u0307 kari\u015fimi si\u0307zi\u0307 ilik bi\u0307r yaz ak\u015fami r\u00fcyasina g\u00f6t\u00fcr\u00fcyor.<\/p>","protected":false},"featured_media":13436,"comment_status":"open","ping_status":"closed","template":"","meta":[],"product_brand":[],"product_cat":[144,112],"product_tag":[],"class_list":{"0":"post-13377","1":"product","2":"type-product","3":"status-publish","4":"has-post-thumbnail","6":"product_cat-ithal-kadin-parfum","7":"product_cat-ithal-parfum","9":"first","10":"instock","11":"sale","12":"shipping-taxable","13":"purchasable","14":"product-type-simple"},"jetpack_sharing_enabled":true,"_links":{"self":[{"href":"https:\/\/www.europesstore.com\/en\/wp-json\/wp\/v2\/product\/13377","targetHints":{"allow":["GET"]}}],"collection":[{"href":"https:\/\/www.europesstore.com\/en\/wp-json\/wp\/v2\/product"}],"about":[{"href":"https:\/\/www.europesstore.com\/en\/wp-json\/wp\/v2\/types\/product"}],"replies":[{"embeddable":true,"href":"https:\/\/www.europesstore.com\/en\/wp-json\/wp\/v2\/comments?post=13377"}],"wp:featuredmedia":[{"embeddable":true,"href":"https:\/\/www.europesstore.com\/en\/wp-json\/wp\/v2\/media\/13436"}],"wp:attachment":[{"href":"https:\/\/www.europesstore.com\/en\/wp-json\/wp\/v2\/media?parent=13377"}],"wp:term":[{"taxonomy":"product_brand","embeddable":true,"href":"https:\/\/www.europesstore.com\/en\/wp-json\/wp\/v2\/product_brand?post=13377"},{"taxonomy":"product_cat","embeddable":true,"href":"https:\/\/www.europesstore.com\/en\/wp-json\/wp\/v2\/product_cat?post=13377"},{"taxonomy":"product_tag","embeddable":true,"href":"https:\/\/www.europesstore.com\/en\/wp-json\/wp\/v2\/product_tag?post=13377"}],"curies":[{"name":"wp","href":"https:\/\/api.w.org\/{rel}","templated":true}]}}