{"id":13386,"date":"2025-12-06T10:26:42","date_gmt":"2025-12-06T10:26:42","guid":{"rendered":"https:\/\/europesstore.com\/?post_type=product&#038;p=13386"},"modified":"2025-12-06T10:26:43","modified_gmt":"2025-12-06T10:26:43","slug":"prada-candy-eau-de-kadin-tester-parfum-80-ml","status":"publish","type":"product","link":"https:\/\/www.europesstore.com\/en\/product\/prada-candy-eau-de-kadin-tester-parfum-80-ml\/","title":{"rendered":"Prada Candy- Eau de Kad\u0131n Tester Parf\u00fcm 80 ML"},"content":{"rendered":"<p><span><strong style=\"font-size:14px;font-style:normal;letter-spacing:normal;text-align:start;text-indent:0px;text-transform:none\">Prada Candy<\/strong><\/span><br \/><span style=\"font-size:14px\"><span style=\"float:none;font-style:normal;font-weight:400;letter-spacing:normal;text-align:start;text-indent:0px;text-transform:none\">&#8211; Kad\u0131nlar i\u00e7in \u00f6zel olarak tasarlanm\u0131\u015ft\u0131r.<\/span><\/span><br \/><span style=\"font-size:14px\"><span style=\"float:none;font-style:normal;font-weight:400;letter-spacing:normal;text-align:start;text-indent:0px;text-transform:none\">&#8211; \u0130\u00e7eri\u011finde misk, a\u015f\u0131r\u0131 doz benzoin ve karamel \u00f6zlerinin bulundu\u011fu parf\u00fcmd\u00fcr.<\/span><\/span><\/p>","protected":false},"excerpt":{"rendered":"<p>Prada Candy&#8211; Kad\u0131nlar i\u00e7in \u00f6zel olarak tasarlanm\u0131\u015ft\u0131r.&#8211; \u0130\u00e7eri\u011finde misk, a\u015f\u0131r\u0131 doz benzoin ve karamel \u00f6zlerinin bulundu\u011fu parf\u00fcmd\u00fcr.<\/p>","protected":false},"featured_media":13437,"comment_status":"open","ping_status":"closed","template":"","meta":[],"product_brand":[],"product_cat":[144,112],"product_tag":[],"class_list":{"0":"post-13386","1":"product","2":"type-product","3":"status-publish","4":"has-post-thumbnail","6":"product_cat-ithal-kadin-parfum","7":"product_cat-ithal-parfum","9":"first","10":"instock","11":"sale","12":"shipping-taxable","13":"purchasable","14":"product-type-simple"},"jetpack_sharing_enabled":true,"_links":{"self":[{"href":"https:\/\/www.europesstore.com\/en\/wp-json\/wp\/v2\/product\/13386","targetHints":{"allow":["GET"]}}],"collection":[{"href":"https:\/\/www.europesstore.com\/en\/wp-json\/wp\/v2\/product"}],"about":[{"href":"https:\/\/www.europesstore.com\/en\/wp-json\/wp\/v2\/types\/product"}],"replies":[{"embeddable":true,"href":"https:\/\/www.europesstore.com\/en\/wp-json\/wp\/v2\/comments?post=13386"}],"wp:featuredmedia":[{"embeddable":true,"href":"https:\/\/www.europesstore.com\/en\/wp-json\/wp\/v2\/media\/13437"}],"wp:attachment":[{"href":"https:\/\/www.europesstore.com\/en\/wp-json\/wp\/v2\/media?parent=13386"}],"wp:term":[{"taxonomy":"product_brand","embeddable":true,"href":"https:\/\/www.europesstore.com\/en\/wp-json\/wp\/v2\/product_brand?post=13386"},{"taxonomy":"product_cat","embeddable":true,"href":"https:\/\/www.europesstore.com\/en\/wp-json\/wp\/v2\/product_cat?post=13386"},{"taxonomy":"product_tag","embeddable":true,"href":"https:\/\/www.europesstore.com\/en\/wp-json\/wp\/v2\/product_tag?post=13386"}],"curies":[{"name":"wp","href":"https:\/\/api.w.org\/{rel}","templated":true}]}}