{"id":13387,"date":"2025-12-06T10:26:42","date_gmt":"2025-12-06T10:26:42","guid":{"rendered":"https:\/\/europesstore.com\/?post_type=product&#038;p=13387"},"modified":"2025-12-06T10:26:42","modified_gmt":"2025-12-06T10:26:42","slug":"jean-paul-gaultier-le-male-le-xmas-eau-de-tester-erkek-parfum-100-ml","status":"publish","type":"product","link":"https:\/\/www.europesstore.com\/en\/product\/jean-paul-gaultier-le-male-le-xmas-eau-de-tester-erkek-parfum-100-ml\/","title":{"rendered":"Jean Paul Gault\u0131er Le Male Le-Xmas  Eau de Tester Erkek Parf\u00fcm 100 ML"},"content":{"rendered":"<p><span style=\"font-family:Poppins, sans-serif;font-size:14px\"><span style=\"float:none;font-style:normal;font-weight:400;letter-spacing:0.07px;text-align:start;text-indent:0px;text-transform:none\">Jean Paul Gaultier Le Male Xmas Edition Edt 125 ml Erkek Parf\u00fcm, C\u00fcretkar, \u00f6zg\u00fcr, ba\u015fkald\u0131ran ve modan\u0131n yaramaz \u00e7ocu\u011fundan yumu\u015fak kalpli duyarl\u0131 fakat denizciler kadar \u00f6zg\u00fcr ruhlu erke\u011fin kokusu.<\/span><\/span><\/p>\n<p><span style=\"font-family:Poppins, sans-serif;font-size:14px\"><span style=\"float:none;font-style:normal;font-weight:400;letter-spacing:0.07px;text-align:start;text-indent:0px;text-transform:none\">Lavanta, vanilya ve nane ile olu\u015fturulmu\u015f fujer ve oryantal bu koku yumu\u015fak kalpli asi erkeklere y\u00f6nelik.<\/span><\/span><\/p>","protected":false},"excerpt":{"rendered":"<p>Jean Paul Gaultier Le Male Xmas Edition Edt 125 ml Erkek Parf\u00fcm, C\u00fcretkar, \u00f6zg\u00fcr, ba\u015fkald\u0131ran ve modan\u0131n yaramaz \u00e7ocu\u011fundan yumu\u015fak kalpli duyarl\u0131 fakat denizciler kadar \u00f6zg\u00fcr ruhlu erke\u011fin kokusu. Lavanta, vanilya ve nane ile olu\u015fturulmu\u015f fujer ve oryantal bu koku yumu\u015fak kalpli asi erkeklere y\u00f6nelik.<\/p>","protected":false},"featured_media":13438,"comment_status":"open","ping_status":"closed","template":"","meta":[],"product_brand":[],"product_cat":[146,112],"product_tag":[],"class_list":{"0":"post-13387","1":"product","2":"type-product","3":"status-publish","4":"has-post-thumbnail","6":"product_cat-ithal-erkek-parfum","7":"product_cat-ithal-parfum","9":"first","10":"instock","11":"sale","12":"shipping-taxable","13":"purchasable","14":"product-type-simple"},"jetpack_sharing_enabled":true,"_links":{"self":[{"href":"https:\/\/www.europesstore.com\/en\/wp-json\/wp\/v2\/product\/13387","targetHints":{"allow":["GET"]}}],"collection":[{"href":"https:\/\/www.europesstore.com\/en\/wp-json\/wp\/v2\/product"}],"about":[{"href":"https:\/\/www.europesstore.com\/en\/wp-json\/wp\/v2\/types\/product"}],"replies":[{"embeddable":true,"href":"https:\/\/www.europesstore.com\/en\/wp-json\/wp\/v2\/comments?post=13387"}],"wp:featuredmedia":[{"embeddable":true,"href":"https:\/\/www.europesstore.com\/en\/wp-json\/wp\/v2\/media\/13438"}],"wp:attachment":[{"href":"https:\/\/www.europesstore.com\/en\/wp-json\/wp\/v2\/media?parent=13387"}],"wp:term":[{"taxonomy":"product_brand","embeddable":true,"href":"https:\/\/www.europesstore.com\/en\/wp-json\/wp\/v2\/product_brand?post=13387"},{"taxonomy":"product_cat","embeddable":true,"href":"https:\/\/www.europesstore.com\/en\/wp-json\/wp\/v2\/product_cat?post=13387"},{"taxonomy":"product_tag","embeddable":true,"href":"https:\/\/www.europesstore.com\/en\/wp-json\/wp\/v2\/product_tag?post=13387"}],"curies":[{"name":"wp","href":"https:\/\/api.w.org\/{rel}","templated":true}]}}