{"id":13388,"date":"2025-12-06T10:26:42","date_gmt":"2025-12-06T10:26:42","guid":{"rendered":"https:\/\/europesstore.com\/?post_type=product&#038;p=13388"},"modified":"2025-12-06T10:26:42","modified_gmt":"2025-12-06T10:26:42","slug":"jean-paul-gaultier-le-male-le-eau-de-tester-erkek-parfum-100-ml","status":"publish","type":"product","link":"https:\/\/www.europesstore.com\/en\/product\/jean-paul-gaultier-le-male-le-eau-de-tester-erkek-parfum-100-ml\/","title":{"rendered":"Jean Paul Gault\u0131er Le Male Le- Eau de Tester Erkek Parf\u00fcm 100 ML"},"content":{"rendered":"<p><b style=\"font-family:AvantGardeMedium, Arial, sans-serif;font-size:16px;font-style:normal;letter-spacing:0.4px;line-height:inherit;text-align:start;text-indent:0px;text-transform:none\"><strong>BA\u011eIMLILIK YAPAN HAR\u0130KA B\u0130R KOKU<\/strong><\/b><span style=\"font-family:AvantGardeMedium, Arial, sans-serif;font-size:16px\"><span style=\"float:none;font-style:normal;font-weight:400;letter-spacing:0.4px;text-align:start;text-indent:0px;text-transform:none\"> \u00dcst notalar\u0131nda kakulenin g\u00fcc\u00fcnden ve kalbinde lavanta ve irisin tazeli\u011finden yararlanan bu yo\u011fun eau de parfum, sonu\u00e7ta sizi harika ba\u011f\u0131ml\u0131l\u0131k yaratan ve \u00f6ne \u00e7\u0131kan vanilya alt notas\u0131na kapt\u0131rmay\u0131 vaat ediyor. Kafa kar\u0131\u015ft\u0131r\u0131c\u0131 ve duyular\u0131 memnun eden z\u0131tl\u0131klarla dolu bir koku yolculu\u011fu, erkeksi izi bir subay\u0131n karizmas\u0131n\u0131 a\u00e7\u0131\u011fa \u00e7\u0131kar\u0131yor.<\/span><\/span><\/p>\n<p><span style=\"font-family:AvantGardeMedium, Arial, sans-serif;font-size:16px\"><span style=\"float:none;font-style:normal;font-weight:400;letter-spacing:0.4px;text-align:start;text-indent:0px;text-transform:none\">&nbsp;<\/span><\/span><b style=\"font-family:AvantGardeMedium, Arial, sans-serif;font-size:16px;font-style:normal;letter-spacing:0.4px;line-height:inherit;text-align:start;text-indent:0px;text-transform:none\"><strong>S\u0130YAH VE ALTIN DEN\u0130ZC\u0130L\u0130K<\/strong><\/b><span style=\"font-family:AvantGardeMedium, Arial, sans-serif;font-size:16px\"><span style=\"float:none;font-style:normal;font-weight:400;letter-spacing:0.4px;text-align:start;text-indent:0px;text-transform:none\"> Tepeden t\u0131rna\u011fa siyah giyinen, alt\u0131n i\u015flemeli bir subay \u00fcniformas\u0131 giyen yeni yo\u011fun Le Male Le Parfum eau de parfum, mat ve parlak denizci \u00e7izgileriyle sayg\u0131 uyand\u0131r\u0131yor. Elbette bu liderin cazibesinin de dalga yaratma potansiyeli var.<\/span><\/span><\/p>","protected":false},"excerpt":{"rendered":"<p>BA\u011eIMLILIK YAPAN HAR\u0130KA B\u0130R KOKU \u00dcst notalar\u0131nda kakulenin g\u00fcc\u00fcnden ve kalbinde lavanta ve irisin tazeli\u011finden yararlanan bu yo\u011fun eau de parfum, sonu\u00e7ta sizi harika ba\u011f\u0131ml\u0131l\u0131k yaratan ve \u00f6ne \u00e7\u0131kan vanilya alt notas\u0131na kapt\u0131rmay\u0131 vaat ediyor. Kafa kar\u0131\u015ft\u0131r\u0131c\u0131 ve duyular\u0131 memnun eden z\u0131tl\u0131klarla dolu bir koku yolculu\u011fu, erkeksi izi bir subay\u0131n karizmas\u0131n\u0131 a\u00e7\u0131\u011fa \u00e7\u0131kar\u0131yor. &nbsp;S\u0130YAH VE [&hellip;]<\/p>","protected":false},"featured_media":13439,"comment_status":"open","ping_status":"closed","template":"","meta":[],"product_brand":[],"product_cat":[146,112],"product_tag":[],"class_list":{"0":"post-13388","1":"product","2":"type-product","3":"status-publish","4":"has-post-thumbnail","6":"product_cat-ithal-erkek-parfum","7":"product_cat-ithal-parfum","9":"first","10":"instock","11":"sale","12":"shipping-taxable","13":"purchasable","14":"product-type-simple"},"jetpack_sharing_enabled":true,"_links":{"self":[{"href":"https:\/\/www.europesstore.com\/en\/wp-json\/wp\/v2\/product\/13388","targetHints":{"allow":["GET"]}}],"collection":[{"href":"https:\/\/www.europesstore.com\/en\/wp-json\/wp\/v2\/product"}],"about":[{"href":"https:\/\/www.europesstore.com\/en\/wp-json\/wp\/v2\/types\/product"}],"replies":[{"embeddable":true,"href":"https:\/\/www.europesstore.com\/en\/wp-json\/wp\/v2\/comments?post=13388"}],"wp:featuredmedia":[{"embeddable":true,"href":"https:\/\/www.europesstore.com\/en\/wp-json\/wp\/v2\/media\/13439"}],"wp:attachment":[{"href":"https:\/\/www.europesstore.com\/en\/wp-json\/wp\/v2\/media?parent=13388"}],"wp:term":[{"taxonomy":"product_brand","embeddable":true,"href":"https:\/\/www.europesstore.com\/en\/wp-json\/wp\/v2\/product_brand?post=13388"},{"taxonomy":"product_cat","embeddable":true,"href":"https:\/\/www.europesstore.com\/en\/wp-json\/wp\/v2\/product_cat?post=13388"},{"taxonomy":"product_tag","embeddable":true,"href":"https:\/\/www.europesstore.com\/en\/wp-json\/wp\/v2\/product_tag?post=13388"}],"curies":[{"name":"wp","href":"https:\/\/api.w.org\/{rel}","templated":true}]}}