{"id":13391,"date":"2025-12-06T10:26:42","date_gmt":"2025-12-06T10:26:42","guid":{"rendered":"https:\/\/europesstore.com\/?post_type=product&#038;p=13391"},"modified":"2025-12-06T10:26:42","modified_gmt":"2025-12-06T10:26:42","slug":"diesel-fuel-for-life-eau-de-tester-erkek-parfum-100-ml","status":"publish","type":"product","link":"https:\/\/www.europesstore.com\/en\/product\/diesel-fuel-for-life-eau-de-tester-erkek-parfum-100-ml\/","title":{"rendered":"Diesel Fuel For Life- Eau de Tester Erkek Parf\u00fcm 100 ML"},"content":{"rendered":"<p><label style=\"border-width:0px;font-family:Jost;font-size:14px;font-style:normal;font-weight:540;letter-spacing:0.32px;line-height:inherit;margin:0px;padding:0px;text-align:start;text-indent:0px;text-transform:none;vertical-align:baseline;width:85.6px\">Parf\u00fcm Notas\u0131<\/label><span style=\"font-family:Jost;font-size:14px\"><span style=\"border-width:0px;font-style:normal;font-weight:400;letter-spacing:0.32px;line-height:inherit;margin:0px;padding:0px;text-align:start;text-indent:0px;text-transform:none;vertical-align:baseline\">Ba\u015f notas\u0131nda y\u0131ld\u0131z anasonun g\u00fc\u00e7l\u00fc vurgusu ve pembe greyfurt ile tazeli\u011fi ve &#8220;Fresh&#8221; kokuyu tamamen hissettiriyor. Orta notas\u0131ndaki ahududu ve lavantan\u0131n uyumu parf\u00fcm\u00fc s\u0131radanl\u0131ktan \u00e7\u0131kar\u0131yor. Dip notas\u0131nda ise g\u00fcne\u015f \u00e7i\u00e7e\u011fi ve vetiver yer al\u0131yor.<\/span><\/span><\/p>\n<p><span style=\"font-family:Jost;font-size:16px\"><span style=\"float:none;font-style:normal;font-weight:400;letter-spacing:0.32px;text-align:start;text-indent:0px;text-transform:none\">Pudrams\u0131 Fujer koku ailesine ait parf\u00fcm hem meyvemsi d\u00fcnyan\u0131n hem de purdams\u0131 d\u00fcnyan\u0131n ba\u015f d\u00f6nd\u00fcr\u00fcc\u00fc birle\u015fimini sunuyor.<\/span><\/span><\/p>","protected":false},"excerpt":{"rendered":"<p>Parf\u00fcm Notas\u0131Ba\u015f notas\u0131nda y\u0131ld\u0131z anasonun g\u00fc\u00e7l\u00fc vurgusu ve pembe greyfurt ile tazeli\u011fi ve &#8220;Fresh&#8221; kokuyu tamamen hissettiriyor. Orta notas\u0131ndaki ahududu ve lavantan\u0131n uyumu parf\u00fcm\u00fc s\u0131radanl\u0131ktan \u00e7\u0131kar\u0131yor. Dip notas\u0131nda ise g\u00fcne\u015f \u00e7i\u00e7e\u011fi ve vetiver yer al\u0131yor. Pudrams\u0131 Fujer koku ailesine ait parf\u00fcm hem meyvemsi d\u00fcnyan\u0131n hem de purdams\u0131 d\u00fcnyan\u0131n ba\u015f d\u00f6nd\u00fcr\u00fcc\u00fc birle\u015fimini sunuyor.<\/p>","protected":false},"featured_media":13442,"comment_status":"open","ping_status":"closed","template":"","meta":[],"product_brand":[],"product_cat":[146,112],"product_tag":[],"class_list":{"0":"post-13391","1":"product","2":"type-product","3":"status-publish","4":"has-post-thumbnail","6":"product_cat-ithal-erkek-parfum","7":"product_cat-ithal-parfum","9":"first","10":"instock","11":"sale","12":"shipping-taxable","13":"purchasable","14":"product-type-simple"},"jetpack_sharing_enabled":true,"_links":{"self":[{"href":"https:\/\/www.europesstore.com\/en\/wp-json\/wp\/v2\/product\/13391","targetHints":{"allow":["GET"]}}],"collection":[{"href":"https:\/\/www.europesstore.com\/en\/wp-json\/wp\/v2\/product"}],"about":[{"href":"https:\/\/www.europesstore.com\/en\/wp-json\/wp\/v2\/types\/product"}],"replies":[{"embeddable":true,"href":"https:\/\/www.europesstore.com\/en\/wp-json\/wp\/v2\/comments?post=13391"}],"wp:featuredmedia":[{"embeddable":true,"href":"https:\/\/www.europesstore.com\/en\/wp-json\/wp\/v2\/media\/13442"}],"wp:attachment":[{"href":"https:\/\/www.europesstore.com\/en\/wp-json\/wp\/v2\/media?parent=13391"}],"wp:term":[{"taxonomy":"product_brand","embeddable":true,"href":"https:\/\/www.europesstore.com\/en\/wp-json\/wp\/v2\/product_brand?post=13391"},{"taxonomy":"product_cat","embeddable":true,"href":"https:\/\/www.europesstore.com\/en\/wp-json\/wp\/v2\/product_cat?post=13391"},{"taxonomy":"product_tag","embeddable":true,"href":"https:\/\/www.europesstore.com\/en\/wp-json\/wp\/v2\/product_tag?post=13391"}],"curies":[{"name":"wp","href":"https:\/\/api.w.org\/{rel}","templated":true}]}}