{"id":13392,"date":"2025-12-06T10:26:42","date_gmt":"2025-12-06T10:26:42","guid":{"rendered":"https:\/\/europesstore.com\/?post_type=product&#038;p=13392"},"modified":"2025-12-06T10:26:42","modified_gmt":"2025-12-06T10:26:42","slug":"narciso-rodriguez-musc-essential-rose-epicee-eau-de-kadin-tester-parfum-100-ml","status":"publish","type":"product","link":"https:\/\/www.europesstore.com\/en\/product\/narciso-rodriguez-musc-essential-rose-epicee-eau-de-kadin-tester-parfum-100-ml\/","title":{"rendered":"Narc\u0131so Rodr\u0131guez Musc Essent\u0131al Rose Ep\u0131cee- Eau de Kad\u0131n Tester Parf\u00fcm 100 ML"},"content":{"rendered":"<p><span style=\"font-family:AvantGardeMedium, Arial, sans-serif;font-size:16px\"><span style=\"float:none;font-style:normal;font-weight:400;letter-spacing:0.4px;text-align:start;text-indent:0px;text-transform:none\">Rose Epic\u00e9e, sizi \u015fehvetle \u00f6r\u00fclm\u00fc\u015f kar\u015f\u0131 konulamaz bir kozan\u0131n i\u00e7ine sarar. Markan\u0131n<\/span><\/span><br \/><span style=\"font-family:AvantGardeMedium, Arial, sans-serif;font-size:16px\"><span style=\"float:none;font-style:normal;font-weight:400;letter-spacing:0.4px;text-align:start;text-indent:0px;text-transform:none\">ikonik imzas\u0131 misk, Bulgar g\u00fcl\u00fc ile \u00e7evrelenmi\u015f, Tonka fasulyesi, ka\u015fmeran ve pa\u00e7ulinin notalar\u0131 zenginle\u015fiyor. Kokunun ba\u015ftan \u00e7\u0131kar\u0131c\u0131 do\u011fas\u0131, kal\u0131c\u0131 bir izlenim b\u0131rak\u0131yor.<\/span><\/span><\/p>","protected":false},"excerpt":{"rendered":"<p>Rose Epic\u00e9e, sizi \u015fehvetle \u00f6r\u00fclm\u00fc\u015f kar\u015f\u0131 konulamaz bir kozan\u0131n i\u00e7ine sarar. Markan\u0131nikonik imzas\u0131 misk, Bulgar g\u00fcl\u00fc ile \u00e7evrelenmi\u015f, Tonka fasulyesi, ka\u015fmeran ve pa\u00e7ulinin notalar\u0131 zenginle\u015fiyor. Kokunun ba\u015ftan \u00e7\u0131kar\u0131c\u0131 do\u011fas\u0131, kal\u0131c\u0131 bir izlenim b\u0131rak\u0131yor.<\/p>","protected":false},"featured_media":13443,"comment_status":"open","ping_status":"closed","template":"","meta":[],"product_brand":[],"product_cat":[144,112],"product_tag":[],"class_list":{"0":"post-13392","1":"product","2":"type-product","3":"status-publish","4":"has-post-thumbnail","6":"product_cat-ithal-kadin-parfum","7":"product_cat-ithal-parfum","9":"first","10":"instock","11":"sale","12":"shipping-taxable","13":"purchasable","14":"product-type-simple"},"jetpack_sharing_enabled":true,"_links":{"self":[{"href":"https:\/\/www.europesstore.com\/en\/wp-json\/wp\/v2\/product\/13392","targetHints":{"allow":["GET"]}}],"collection":[{"href":"https:\/\/www.europesstore.com\/en\/wp-json\/wp\/v2\/product"}],"about":[{"href":"https:\/\/www.europesstore.com\/en\/wp-json\/wp\/v2\/types\/product"}],"replies":[{"embeddable":true,"href":"https:\/\/www.europesstore.com\/en\/wp-json\/wp\/v2\/comments?post=13392"}],"wp:featuredmedia":[{"embeddable":true,"href":"https:\/\/www.europesstore.com\/en\/wp-json\/wp\/v2\/media\/13443"}],"wp:attachment":[{"href":"https:\/\/www.europesstore.com\/en\/wp-json\/wp\/v2\/media?parent=13392"}],"wp:term":[{"taxonomy":"product_brand","embeddable":true,"href":"https:\/\/www.europesstore.com\/en\/wp-json\/wp\/v2\/product_brand?post=13392"},{"taxonomy":"product_cat","embeddable":true,"href":"https:\/\/www.europesstore.com\/en\/wp-json\/wp\/v2\/product_cat?post=13392"},{"taxonomy":"product_tag","embeddable":true,"href":"https:\/\/www.europesstore.com\/en\/wp-json\/wp\/v2\/product_tag?post=13392"}],"curies":[{"name":"wp","href":"https:\/\/api.w.org\/{rel}","templated":true}]}}