{"id":13393,"date":"2025-12-06T10:23:36","date_gmt":"2025-12-06T10:23:36","guid":{"rendered":"https:\/\/europesstore.com\/?post_type=product&#038;p=13393"},"modified":"2025-12-06T10:23:36","modified_gmt":"2025-12-06T10:23:36","slug":"jean-paul-gaultier-le-beau-paradise-garden-eau-de-tester-erkek-parfum-100-ml","status":"publish","type":"product","link":"https:\/\/www.europesstore.com\/en\/product\/jean-paul-gaultier-le-beau-paradise-garden-eau-de-tester-erkek-parfum-100-ml\/","title":{"rendered":"Jean Paul Gault\u0131er Le Beau Paradise Garden- Eau de Tester Erkek Parf\u00fcm 100 ML"},"content":{"rendered":"<p><span style=\"font-family:AvantGardeMedium, Arial, sans-serif;font-size:16px\"><span style=\"float:none;font-style:normal;font-weight:400;letter-spacing:0.4px;text-align:start;text-indent:0px;text-transform:none\">Cennetin kokusu, Gaultier Bah\u00e7esi&#8217;nden kopar\u0131lm\u0131\u015f g\u00f6z kama\u015ft\u0131r\u0131c\u0131 \u00e7i\u00e7ekleri ve ba\u015ftan \u00e7\u0131kar\u0131c\u0131 i\u00e7erikleriyle tropikal bir g\u00fcne\u015f \u0131\u015f\u0131\u011f\u0131d\u0131r.<\/span><\/span><br \/><span style=\"font-family:AvantGardeMedium, Arial, sans-serif;font-size:16px\"><span style=\"float:none;font-style:normal;font-weight:400;letter-spacing:0.4px;text-align:start;text-indent:0px;text-transform:none\">Taze, tuzlu hindistan cevizi, ye\u015fil incir ve \u015fehvetli sandal a\u011fac\u0131 ile birle\u015fiyor. Baharatl\u0131 zencefil, canland\u0131r\u0131c\u0131 nane ve g\u00fcne\u015fle \u0131slanan Tonka fasulyesi &#8211; bu parf\u00fcm\u00fcn ye\u015fil akuatik ve odunsu notalar\u0131, erkeksi tutkuyu ortaya \u00e7\u0131kart\u0131yor.<\/span><\/span><\/p>","protected":false},"excerpt":{"rendered":"<p>Cennetin kokusu, Gaultier Bah\u00e7esi&#8217;nden kopar\u0131lm\u0131\u015f g\u00f6z kama\u015ft\u0131r\u0131c\u0131 \u00e7i\u00e7ekleri ve ba\u015ftan \u00e7\u0131kar\u0131c\u0131 i\u00e7erikleriyle tropikal bir g\u00fcne\u015f \u0131\u015f\u0131\u011f\u0131d\u0131r.Taze, tuzlu hindistan cevizi, ye\u015fil incir ve \u015fehvetli sandal a\u011fac\u0131 ile birle\u015fiyor. Baharatl\u0131 zencefil, canland\u0131r\u0131c\u0131 nane ve g\u00fcne\u015fle \u0131slanan Tonka fasulyesi &#8211; bu parf\u00fcm\u00fcn ye\u015fil akuatik ve odunsu notalar\u0131, erkeksi tutkuyu ortaya \u00e7\u0131kart\u0131yor.<\/p>","protected":false},"featured_media":13452,"comment_status":"open","ping_status":"closed","template":"","meta":[],"product_brand":[],"product_cat":[146,112],"product_tag":[],"class_list":{"0":"post-13393","1":"product","2":"type-product","3":"status-publish","4":"has-post-thumbnail","6":"product_cat-ithal-erkek-parfum","7":"product_cat-ithal-parfum","9":"first","10":"instock","11":"sale","12":"shipping-taxable","13":"purchasable","14":"product-type-simple"},"jetpack_sharing_enabled":true,"_links":{"self":[{"href":"https:\/\/www.europesstore.com\/en\/wp-json\/wp\/v2\/product\/13393","targetHints":{"allow":["GET"]}}],"collection":[{"href":"https:\/\/www.europesstore.com\/en\/wp-json\/wp\/v2\/product"}],"about":[{"href":"https:\/\/www.europesstore.com\/en\/wp-json\/wp\/v2\/types\/product"}],"replies":[{"embeddable":true,"href":"https:\/\/www.europesstore.com\/en\/wp-json\/wp\/v2\/comments?post=13393"}],"wp:featuredmedia":[{"embeddable":true,"href":"https:\/\/www.europesstore.com\/en\/wp-json\/wp\/v2\/media\/13452"}],"wp:attachment":[{"href":"https:\/\/www.europesstore.com\/en\/wp-json\/wp\/v2\/media?parent=13393"}],"wp:term":[{"taxonomy":"product_brand","embeddable":true,"href":"https:\/\/www.europesstore.com\/en\/wp-json\/wp\/v2\/product_brand?post=13393"},{"taxonomy":"product_cat","embeddable":true,"href":"https:\/\/www.europesstore.com\/en\/wp-json\/wp\/v2\/product_cat?post=13393"},{"taxonomy":"product_tag","embeddable":true,"href":"https:\/\/www.europesstore.com\/en\/wp-json\/wp\/v2\/product_tag?post=13393"}],"curies":[{"name":"wp","href":"https:\/\/api.w.org\/{rel}","templated":true}]}}