{"id":13401,"date":"2025-12-06T10:23:36","date_gmt":"2025-12-06T10:23:36","guid":{"rendered":"https:\/\/europesstore.com\/?post_type=product&#038;p=13401"},"modified":"2025-12-06T10:23:36","modified_gmt":"2025-12-06T10:23:36","slug":"yves-saint-laurent-body-kouros-eau-de-tester-erkek-parfum-100-ml","status":"publish","type":"product","link":"https:\/\/www.europesstore.com\/en\/product\/yves-saint-laurent-body-kouros-eau-de-tester-erkek-parfum-100-ml\/","title":{"rendered":"Yves Saint Laurent Body Kouros &#8211; Eau de Tester Erkek Parf\u00fcm 100 ML"},"content":{"rendered":"<p><span style=\"font-family:Poppins, Helvetica, sans-serif;font-size:13.975px\"><span style=\"float:none;font-style:normal;font-weight:500;letter-spacing:normal;text-align:start;text-indent:0px;text-transform:none\">Yves Saint Laurent markas\u0131n\u0131n Body Kouros modeli erkekler i\u00e7in oryantal baharat kokusudur. Body Kouros 2000 y\u0131l\u0131nda sunuma ba\u015flat\u0131ld\u0131. Bu kokunun arkas\u0131ndaki burun, Annick Menardo. \u00dcst notalar okalipt\u00fcs ve t\u00fcts\u00fcler; Orta notalarda \u00e7in sediri ve ada\u00e7ay\u0131; Taban notas\u0131nda benzoin bulunur.<\/span><\/span><\/p>","protected":false},"excerpt":{"rendered":"<p>Yves Saint Laurent markas\u0131n\u0131n Body Kouros modeli erkekler i\u00e7in oryantal baharat kokusudur. Body Kouros 2000 y\u0131l\u0131nda sunuma ba\u015flat\u0131ld\u0131. Bu kokunun arkas\u0131ndaki burun, Annick Menardo. \u00dcst notalar okalipt\u00fcs ve t\u00fcts\u00fcler; Orta notalarda \u00e7in sediri ve ada\u00e7ay\u0131; Taban notas\u0131nda benzoin bulunur.<\/p>","protected":false},"featured_media":13453,"comment_status":"open","ping_status":"closed","template":"","meta":[],"product_brand":[],"product_cat":[146,112],"product_tag":[],"class_list":{"0":"post-13401","1":"product","2":"type-product","3":"status-publish","4":"has-post-thumbnail","6":"product_cat-ithal-erkek-parfum","7":"product_cat-ithal-parfum","9":"first","10":"instock","11":"sale","12":"shipping-taxable","13":"purchasable","14":"product-type-simple"},"jetpack_sharing_enabled":true,"_links":{"self":[{"href":"https:\/\/www.europesstore.com\/en\/wp-json\/wp\/v2\/product\/13401","targetHints":{"allow":["GET"]}}],"collection":[{"href":"https:\/\/www.europesstore.com\/en\/wp-json\/wp\/v2\/product"}],"about":[{"href":"https:\/\/www.europesstore.com\/en\/wp-json\/wp\/v2\/types\/product"}],"replies":[{"embeddable":true,"href":"https:\/\/www.europesstore.com\/en\/wp-json\/wp\/v2\/comments?post=13401"}],"wp:featuredmedia":[{"embeddable":true,"href":"https:\/\/www.europesstore.com\/en\/wp-json\/wp\/v2\/media\/13453"}],"wp:attachment":[{"href":"https:\/\/www.europesstore.com\/en\/wp-json\/wp\/v2\/media?parent=13401"}],"wp:term":[{"taxonomy":"product_brand","embeddable":true,"href":"https:\/\/www.europesstore.com\/en\/wp-json\/wp\/v2\/product_brand?post=13401"},{"taxonomy":"product_cat","embeddable":true,"href":"https:\/\/www.europesstore.com\/en\/wp-json\/wp\/v2\/product_cat?post=13401"},{"taxonomy":"product_tag","embeddable":true,"href":"https:\/\/www.europesstore.com\/en\/wp-json\/wp\/v2\/product_tag?post=13401"}],"curies":[{"name":"wp","href":"https:\/\/api.w.org\/{rel}","templated":true}]}}