{"id":13402,"date":"2025-12-06T10:23:36","date_gmt":"2025-12-06T10:23:36","guid":{"rendered":"https:\/\/europesstore.com\/?post_type=product&#038;p=13402"},"modified":"2025-12-06T10:23:36","modified_gmt":"2025-12-06T10:23:36","slug":"essential-parfums-divine-vanilla-eau-de-unisex-tester-parfum-100-ml","status":"publish","type":"product","link":"https:\/\/www.europesstore.com\/en\/product\/essential-parfums-divine-vanilla-eau-de-unisex-tester-parfum-100-ml\/","title":{"rendered":"Essential Parfums Divine Vanilla- Eau de Unisex Tester Parf\u00fcm 100 ML"},"content":{"rendered":"<p style=\"font-size:16px;font-style:normal;font-weight:400;letter-spacing:normal;margin-bottom:0px;margin-top:0px;text-align:left;text-indent:0px;text-transform:none\">Gizemli, tatl\u0131 ve derin\u2026<span class=\"Apple-converted-space\">&nbsp;<\/span><\/p>\n<p style=\"font-size:16px;font-style:normal;font-weight:400;letter-spacing:normal;margin-bottom:0px;margin-top:0px;text-align:left;text-indent:0px;text-transform:none\">Ada\u00e7ay\u0131, tar\u00e7\u0131n ve karabiberle baharatl\u0131 bir a\u00e7\u0131l\u0131\u015f, daha sonra bu notalara eklenen t\u00fcts\u00fc, pomarose ve osmanthus\u2026 Alt notalarda ise Madagaskar vanilyas\u0131, tonka fasulyesi, benzoin, sedir, misk ve patchouli\u2026<\/p>\n<p style=\"font-size:16px;font-style:normal;font-weight:400;letter-spacing:normal;margin-bottom:0px;margin-top:0px;text-align:left;text-indent:0px;text-transform:none\">S\u0131cak, baharatl\u0131, odunsu, balzamik bir vanilya parf\u00fcm\u00fc.<\/p>\n<p style=\"font-size:16px;font-style:normal;font-weight:400;letter-spacing:normal;margin-bottom:0px;margin-top:0px;text-align:left;text-indent:0px;text-transform:none\">A\u015f\u0131r\u0131 tatl\u0131 olan \u00e7o\u011fu vanilya temal\u0131 parf\u00fcm\u00fcn aksine dozunda bir tatl\u0131\u011fa sahip olan Divine Vanille, hem kad\u0131nlar\u0131n hem de erkeklerin rahat\u00e7a kullanabilece\u011fi yumu\u015fac\u0131k bir parf\u00fcm\u2026<\/p>","protected":false},"excerpt":{"rendered":"<p>Gizemli, tatl\u0131 ve derin\u2026&nbsp; Ada\u00e7ay\u0131, tar\u00e7\u0131n ve karabiberle baharatl\u0131 bir a\u00e7\u0131l\u0131\u015f, daha sonra bu notalara eklenen t\u00fcts\u00fc, pomarose ve osmanthus\u2026 Alt notalarda ise Madagaskar vanilyas\u0131, tonka fasulyesi, benzoin, sedir, misk ve patchouli\u2026 S\u0131cak, baharatl\u0131, odunsu, balzamik bir vanilya parf\u00fcm\u00fc. A\u015f\u0131r\u0131 tatl\u0131 olan \u00e7o\u011fu vanilya temal\u0131 parf\u00fcm\u00fcn aksine dozunda bir tatl\u0131\u011fa sahip olan Divine Vanille, hem [&hellip;]<\/p>","protected":false},"featured_media":13454,"comment_status":"open","ping_status":"closed","template":"","meta":[],"product_brand":[],"product_cat":[112,150],"product_tag":[],"class_list":{"0":"post-13402","1":"product","2":"type-product","3":"status-publish","4":"has-post-thumbnail","6":"product_cat-ithal-parfum","7":"product_cat-ithal-unisex-parfum","9":"first","10":"instock","11":"sale","12":"shipping-taxable","13":"purchasable","14":"product-type-simple"},"jetpack_sharing_enabled":true,"_links":{"self":[{"href":"https:\/\/www.europesstore.com\/en\/wp-json\/wp\/v2\/product\/13402","targetHints":{"allow":["GET"]}}],"collection":[{"href":"https:\/\/www.europesstore.com\/en\/wp-json\/wp\/v2\/product"}],"about":[{"href":"https:\/\/www.europesstore.com\/en\/wp-json\/wp\/v2\/types\/product"}],"replies":[{"embeddable":true,"href":"https:\/\/www.europesstore.com\/en\/wp-json\/wp\/v2\/comments?post=13402"}],"wp:featuredmedia":[{"embeddable":true,"href":"https:\/\/www.europesstore.com\/en\/wp-json\/wp\/v2\/media\/13454"}],"wp:attachment":[{"href":"https:\/\/www.europesstore.com\/en\/wp-json\/wp\/v2\/media?parent=13402"}],"wp:term":[{"taxonomy":"product_brand","embeddable":true,"href":"https:\/\/www.europesstore.com\/en\/wp-json\/wp\/v2\/product_brand?post=13402"},{"taxonomy":"product_cat","embeddable":true,"href":"https:\/\/www.europesstore.com\/en\/wp-json\/wp\/v2\/product_cat?post=13402"},{"taxonomy":"product_tag","embeddable":true,"href":"https:\/\/www.europesstore.com\/en\/wp-json\/wp\/v2\/product_tag?post=13402"}],"curies":[{"name":"wp","href":"https:\/\/api.w.org\/{rel}","templated":true}]}}