{"id":13403,"date":"2025-12-06T10:23:35","date_gmt":"2025-12-06T10:23:35","guid":{"rendered":"https:\/\/europesstore.com\/?post_type=product&#038;p=13403"},"modified":"2025-12-06T10:23:35","modified_gmt":"2025-12-06T10:23:35","slug":"dolce-gabbana-devotion-eau-de-kadin-tester-parfum-100-ml","status":"publish","type":"product","link":"https:\/\/www.europesstore.com\/en\/product\/dolce-gabbana-devotion-eau-de-kadin-tester-parfum-100-ml\/","title":{"rendered":"Dolce &amp; Gabbana Devotion- Eau de Kad\u0131n Tester Parf\u00fcm 100 ML"},"content":{"rendered":"<p style=\"font-family:AvantGardeMedium, Arial, sans-serif;font-size:16px;font-style:normal;font-weight:400;letter-spacing:0.4px;line-height:24px;margin:0px 0px 1.5em;padding:0px;text-align:start;text-indent:0px;text-transform:none\">Zarif kontrastlar\u0131n, parlak \u00fcst notalar\u0131n ve \u015fehvetli temel notalar\u0131n koku yarat\u0131m\u0131.<\/p>\n<p style=\"font-family:AvantGardeMedium, Arial, sans-serif;font-size:16px;font-style:normal;font-weight:400;letter-spacing:0.4px;line-height:24px;margin:0px 0px 1.5em;padding:0px;text-align:start;text-indent:0px;text-transform:none\">Kutsal Kalp, karakteristik s\u00fcslemeleriyle Devotion Eau de Parfum&#8217;un \u015fi\u015fesini s\u00fcsl\u00fcyor. T\u00fcm bi\u00e7imleri ve n\u00fcanslar\u0131yla sevginin evrensel sembol\u00fc.<\/p>","protected":false},"excerpt":{"rendered":"<p>Zarif kontrastlar\u0131n, parlak \u00fcst notalar\u0131n ve \u015fehvetli temel notalar\u0131n koku yarat\u0131m\u0131. Kutsal Kalp, karakteristik s\u00fcslemeleriyle Devotion Eau de Parfum&#8217;un \u015fi\u015fesini s\u00fcsl\u00fcyor. T\u00fcm bi\u00e7imleri ve n\u00fcanslar\u0131yla sevginin evrensel sembol\u00fc.<\/p>","protected":false},"featured_media":13455,"comment_status":"open","ping_status":"closed","template":"","meta":[],"product_brand":[],"product_cat":[144,112],"product_tag":[],"class_list":{"0":"post-13403","1":"product","2":"type-product","3":"status-publish","4":"has-post-thumbnail","6":"product_cat-ithal-kadin-parfum","7":"product_cat-ithal-parfum","9":"first","10":"instock","11":"sale","12":"shipping-taxable","13":"purchasable","14":"product-type-simple"},"jetpack_sharing_enabled":true,"_links":{"self":[{"href":"https:\/\/www.europesstore.com\/en\/wp-json\/wp\/v2\/product\/13403","targetHints":{"allow":["GET"]}}],"collection":[{"href":"https:\/\/www.europesstore.com\/en\/wp-json\/wp\/v2\/product"}],"about":[{"href":"https:\/\/www.europesstore.com\/en\/wp-json\/wp\/v2\/types\/product"}],"replies":[{"embeddable":true,"href":"https:\/\/www.europesstore.com\/en\/wp-json\/wp\/v2\/comments?post=13403"}],"wp:featuredmedia":[{"embeddable":true,"href":"https:\/\/www.europesstore.com\/en\/wp-json\/wp\/v2\/media\/13455"}],"wp:attachment":[{"href":"https:\/\/www.europesstore.com\/en\/wp-json\/wp\/v2\/media?parent=13403"}],"wp:term":[{"taxonomy":"product_brand","embeddable":true,"href":"https:\/\/www.europesstore.com\/en\/wp-json\/wp\/v2\/product_brand?post=13403"},{"taxonomy":"product_cat","embeddable":true,"href":"https:\/\/www.europesstore.com\/en\/wp-json\/wp\/v2\/product_cat?post=13403"},{"taxonomy":"product_tag","embeddable":true,"href":"https:\/\/www.europesstore.com\/en\/wp-json\/wp\/v2\/product_tag?post=13403"}],"curies":[{"name":"wp","href":"https:\/\/api.w.org\/{rel}","templated":true}]}}