{"id":13404,"date":"2025-12-06T10:23:35","date_gmt":"2025-12-06T10:23:35","guid":{"rendered":"https:\/\/europesstore.com\/?post_type=product&#038;p=13404"},"modified":"2026-01-12T07:40:10","modified_gmt":"2026-01-12T07:40:10","slug":"lancome-la-nuit-tresor-eau-de-kadin-tester-parfum-75-ml","status":"publish","type":"product","link":"https:\/\/www.europesstore.com\/en\/product\/lancome-la-nuit-tresor-eau-de-kadin-tester-parfum-75-ml\/","title":{"rendered":"Lancome La Nuit Tr\u00e9sor- Eau de Kad\u0131n Tester Parf\u00fcm 75 ML"},"content":{"rendered":"<p><span style=\"font-family:AvantGardeMedium, Arial, sans-serif;font-size:16px\"><span style=\"float:none;font-style:normal;font-weight:400;letter-spacing:0.4px;text-align:start;text-indent:0px;text-transform:none\">La Nuit Tr\u00e9sor: a\u015f\u0131klar\u0131n birbirine mutlak a\u015fk ile sar\u0131ld\u0131\u011f\u0131 tutkulu bir gecenin kokusu.,Her \u015fey sonsuz ve \u015fiirsel bir destan ile gece ba\u015flar. \u0130ki y\u0131ld\u0131z\u0131n kar\u015f\u0131 konulmaz kar\u015f\u0131l\u0131kl\u0131 \u00e7ekimiyle olu\u015fan ve d\u00fcnyan\u0131n \u00fczerine ya\u011fmur \u015feklinde ya\u011fan y\u0131ld\u0131z tozlar\u0131 zamanla k\u00fcmelenerek siyah bir elmasa d\u00f6n\u00fc\u015f\u00fcr.<\/span><\/span><\/p>","protected":false},"excerpt":{"rendered":"<p>La Nuit Tr\u00e9sor: a\u015f\u0131klar\u0131n birbirine mutlak a\u015fk ile sar\u0131ld\u0131\u011f\u0131 tutkulu bir gecenin kokusu.,Her \u015fey sonsuz ve \u015fiirsel bir destan ile gece ba\u015flar. \u0130ki y\u0131ld\u0131z\u0131n kar\u015f\u0131 konulmaz kar\u015f\u0131l\u0131kl\u0131 \u00e7ekimiyle olu\u015fan ve d\u00fcnyan\u0131n \u00fczerine ya\u011fmur \u015feklinde ya\u011fan y\u0131ld\u0131z tozlar\u0131 zamanla k\u00fcmelenerek siyah bir elmasa d\u00f6n\u00fc\u015f\u00fcr.<\/p>","protected":false},"featured_media":13456,"comment_status":"open","ping_status":"closed","template":"","meta":[],"product_brand":[],"product_cat":[144,112],"product_tag":[],"class_list":{"0":"post-13404","1":"product","2":"type-product","3":"status-publish","4":"has-post-thumbnail","6":"product_cat-ithal-kadin-parfum","7":"product_cat-ithal-parfum","9":"first","10":"onbackorder","11":"sale","12":"shipping-taxable","13":"purchasable","14":"product-type-simple"},"jetpack_sharing_enabled":true,"_links":{"self":[{"href":"https:\/\/www.europesstore.com\/en\/wp-json\/wp\/v2\/product\/13404","targetHints":{"allow":["GET"]}}],"collection":[{"href":"https:\/\/www.europesstore.com\/en\/wp-json\/wp\/v2\/product"}],"about":[{"href":"https:\/\/www.europesstore.com\/en\/wp-json\/wp\/v2\/types\/product"}],"replies":[{"embeddable":true,"href":"https:\/\/www.europesstore.com\/en\/wp-json\/wp\/v2\/comments?post=13404"}],"wp:featuredmedia":[{"embeddable":true,"href":"https:\/\/www.europesstore.com\/en\/wp-json\/wp\/v2\/media\/13456"}],"wp:attachment":[{"href":"https:\/\/www.europesstore.com\/en\/wp-json\/wp\/v2\/media?parent=13404"}],"wp:term":[{"taxonomy":"product_brand","embeddable":true,"href":"https:\/\/www.europesstore.com\/en\/wp-json\/wp\/v2\/product_brand?post=13404"},{"taxonomy":"product_cat","embeddable":true,"href":"https:\/\/www.europesstore.com\/en\/wp-json\/wp\/v2\/product_cat?post=13404"},{"taxonomy":"product_tag","embeddable":true,"href":"https:\/\/www.europesstore.com\/en\/wp-json\/wp\/v2\/product_tag?post=13404"}],"curies":[{"name":"wp","href":"https:\/\/api.w.org\/{rel}","templated":true}]}}